{"id":1744,"date":"2021-11-17T18:39:34","date_gmt":"2021-11-17T18:39:34","guid":{"rendered":"https:\/\/eloh.com.br\/loja\/?post_type=product&#038;p=1744"},"modified":"2021-11-17T18:54:15","modified_gmt":"2021-11-17T18:54:15","slug":"curso-formula-negocio-online","status":"publish","type":"product","link":"https:\/\/eloh.com.br\/loja\/product\/curso-formula-negocio-online\/","title":{"rendered":"Curso F\u00f3rmula Neg\u00f3cio Online"},"content":{"rendered":"<p tabindex=\"1\">O F\u00f3rmula Neg\u00f3cio Online \u00e9 o mais completo(sem nenhum exagero) Treinamento para Criar Seu Neg\u00f3cio Online a Partir do Zero&#8230;<\/p>\n<p tabindex=\"1\">&#8230; \u00c9 atualmente o \u00fanico treinamento que abrange todas as etapas de um neg\u00f3cio online&#8230;<\/p>\n<p tabindex=\"1\">&#8230; Onde eu(pessoalmente) te levo passo a passo em casa etapa&#8230;<\/p>\n<p tabindex=\"1\">&#8230; Funciona mesmo se voc\u00ea for iniciante&#8230;<\/p>\n<p tabindex=\"1\">&#8230; Mesmo SEM investir nada&#8230;<\/p>\n<p tabindex=\"1\">&#8230; e mesmo sem nenhum conhecimento!<\/p>\n<p tabindex=\"1\">N\u00e3o importa sua idade, conhecimento, escolaridade&#8230; nada disso importa&#8230; tudo o que voc\u00ea precisa est\u00e1 no F\u00f3rmula Neg\u00f3cio Online&#8230;<\/p>\n<p tabindex=\"1\">O potencial extremo e muito acima da m\u00e9dia do Treinamento F\u00f3rmula Neg\u00f3cio Online \u00e9 porque eu realmente te levo pela m\u00e3o passo a passo em tudo o que voc\u00ea precisa para criar seu neg\u00f3cio na internet a partir do zero, usando o m\u00e9todo mais r\u00e1pido, mais simples e que da mais resultados hoje.<\/p>\n<p tabindex=\"1\">O Treinamento F\u00f3rmula Neg\u00f3cio Online \u00e9 o Mais Indicado Para Qualquer Pessoa Que Quer Criar Seu Neg\u00f3cio Online do Zero<\/p>\n<p tabindex=\"1\">Garantido!<\/p>\n<p tabindex=\"1\">Independente da Sua Situa\u00e7\u00e3o, O Treinamento F\u00f3rmula Neg\u00f3cio Online \u00e9 SIM Para Voc\u00ea!<\/p>\n<p tabindex=\"1\">&#8230; n\u00e3o \u00e9 necess\u00e1rio nenhum conhecimento pr\u00e9vio, nenhum tipo de experiencia, nada&#8230;<\/p>\n<p tabindex=\"1\">OLHA QUE DEMAIS&#8230;<\/p>\n<p tabindex=\"1\">O Treinamento F\u00f3rmula Neg\u00f3cio Online nasceu em 2013 (hoje totalmente atualizado, claro)&#8230;<\/p>\n<p tabindex=\"1\">&#8230; De l\u00e1 pra c\u00e1 eu identifiquei o que cada tipo de pessoa precisa para ter seu neg\u00f3cio online&#8230;<\/p>\n<p tabindex=\"1\">&#8230; cada problema, cada dificuldade, cada possibilidade de erro&#8230;<\/p>\n<p tabindex=\"1\">&#8230; sabendo disso eu atualizei, adicionei e melhorei cada passo do treinamento&#8230;<\/p>\n<p tabindex=\"1\">&#8230; Por isso o F\u00f3rmula Neg\u00f3cio Online \u00e9 praticamente a prova de falhas&#8230;<\/p>\n<p tabindex=\"1\">Simplesmente eu falo: Se voc\u00ea aplicar, n\u00e3o tem como errar.<\/p>\n<p tabindex=\"1\">Autor: Alex Vargas<\/p>\n<p tabindex=\"1\"><a href=\"https:\/\/hotm.art\/curso-formula-negocio-online-fno\">FAZER CURSO<\/a><\/p>\n<p tabindex=\"1\">_____________________________<\/p>\n","protected":false},"excerpt":{"rendered":"<p>\u00c9 atualmente o \u00fanico treinamento que abrange todas as etapas de um neg\u00f3cio online.<\/p>\n","protected":false},"featured_media":1745,"comment_status":"open","ping_status":"closed","template":"","meta":{"_uag_custom_page_level_css":"","site-sidebar-layout":"default","site-content-layout":"default","ast-main-header-display":"","ast-hfb-above-header-display":"","ast-hfb-below-header-display":"","ast-hfb-mobile-header-display":"","site-post-title":"","ast-breadcrumbs-content":"","ast-featured-img":"","footer-sml-layout":"","theme-transparent-header-meta":"default","adv-header-id-meta":"","stick-header-meta":"","header-above-stick-meta":"","header-main-stick-meta":"","header-below-stick-meta":"","_joinchat":[]},"product_brand":[],"product_cat":[93],"product_tag":[108],"class_list":{"0":"post-1744","1":"product","2":"type-product","3":"status-publish","4":"has-post-thumbnail","6":"product_cat-cursos","7":"product_tag-vendas-online","9":"first","10":"instock","11":"shipping-taxable","12":"product-type-external"},"yoast_head":"<!-- This site is optimized with the Yoast SEO plugin v27.2 - https:\/\/yoast.com\/product\/yoast-seo-wordpress\/ -->\n<title>Curso F\u00f3rmula Neg\u00f3cio Online - Eloh loja<\/title>\n<meta name=\"description\" content=\"O F\u00f3rmula Neg\u00f3cio Online \u00e9 o mais completo Treinamento para Criar Seu Neg\u00f3cio Online a Partir do Zero. Com Alex Vargas.\" \/>\n<meta name=\"robots\" content=\"index, follow, max-snippet:-1, max-image-preview:large, max-video-preview:-1\" \/>\n<link rel=\"canonical\" href=\"https:\/\/eloh.com.br\/loja\/product\/curso-formula-negocio-online\/\" \/>\n<meta property=\"og:locale\" content=\"pt_BR\" \/>\n<meta property=\"og:type\" content=\"article\" \/>\n<meta property=\"og:title\" content=\"Curso F\u00f3rmula Neg\u00f3cio Online - Eloh loja\" \/>\n<meta property=\"og:description\" content=\"O F\u00f3rmula Neg\u00f3cio Online \u00e9 o mais completo Treinamento para Criar Seu Neg\u00f3cio Online a Partir do Zero. Com Alex Vargas.\" \/>\n<meta property=\"og:url\" content=\"https:\/\/eloh.com.br\/loja\/product\/curso-formula-negocio-online\/\" \/>\n<meta property=\"og:site_name\" content=\"Eloh loja\" \/>\n<meta property=\"article:modified_time\" content=\"2021-11-17T18:54:15+00:00\" \/>\n<meta property=\"og:image\" content=\"https:\/\/eloh.com.br\/loja\/wp-content\/uploads\/2021\/11\/curso-formula-do-negocio-online-fno-alex-vargas.jpg\" \/>\n\t<meta property=\"og:image:width\" content=\"1350\" \/>\n\t<meta property=\"og:image:height\" content=\"853\" \/>\n\t<meta property=\"og:image:type\" content=\"image\/jpeg\" \/>\n<meta name=\"twitter:card\" content=\"summary_large_image\" \/>\n<meta name=\"twitter:label1\" content=\"Est. tempo de leitura\" \/>\n\t<meta name=\"twitter:data1\" content=\"2 minutos\" \/>\n<script type=\"application\/ld+json\" class=\"yoast-schema-graph\">{\"@context\":\"https:\/\/schema.org\",\"@graph\":[{\"@type\":\"WebPage\",\"@id\":\"https:\/\/eloh.com.br\/loja\/product\/curso-formula-negocio-online\/\",\"url\":\"https:\/\/eloh.com.br\/loja\/product\/curso-formula-negocio-online\/\",\"name\":\"Curso F\u00f3rmula Neg\u00f3cio Online - Eloh loja\",\"isPartOf\":{\"@id\":\"https:\/\/eloh.com.br\/loja\/#website\"},\"primaryImageOfPage\":{\"@id\":\"https:\/\/eloh.com.br\/loja\/product\/curso-formula-negocio-online\/#primaryimage\"},\"image\":{\"@id\":\"https:\/\/eloh.com.br\/loja\/product\/curso-formula-negocio-online\/#primaryimage\"},\"thumbnailUrl\":\"https:\/\/i0.wp.com\/eloh.com.br\/loja\/wp-content\/uploads\/2021\/11\/curso-formula-do-negocio-online-fno-alex-vargas.jpg?fit=1350%2C853&ssl=1\",\"datePublished\":\"2021-11-17T18:39:34+00:00\",\"dateModified\":\"2021-11-17T18:54:15+00:00\",\"description\":\"O F\u00f3rmula Neg\u00f3cio Online \u00e9 o mais completo Treinamento para Criar Seu Neg\u00f3cio Online a Partir do Zero. Com Alex Vargas.\",\"breadcrumb\":{\"@id\":\"https:\/\/eloh.com.br\/loja\/product\/curso-formula-negocio-online\/#breadcrumb\"},\"inLanguage\":\"pt-BR\",\"potentialAction\":[{\"@type\":\"ReadAction\",\"target\":[\"https:\/\/eloh.com.br\/loja\/product\/curso-formula-negocio-online\/\"]}]},{\"@type\":\"ImageObject\",\"inLanguage\":\"pt-BR\",\"@id\":\"https:\/\/eloh.com.br\/loja\/product\/curso-formula-negocio-online\/#primaryimage\",\"url\":\"https:\/\/i0.wp.com\/eloh.com.br\/loja\/wp-content\/uploads\/2021\/11\/curso-formula-do-negocio-online-fno-alex-vargas.jpg?fit=1350%2C853&ssl=1\",\"contentUrl\":\"https:\/\/i0.wp.com\/eloh.com.br\/loja\/wp-content\/uploads\/2021\/11\/curso-formula-do-negocio-online-fno-alex-vargas.jpg?fit=1350%2C853&ssl=1\",\"width\":1350,\"height\":853,\"caption\":\"O F\u00f3rmula Neg\u00f3cio Online \u00e9 o mais completo Treinamento para Criar Seu Neg\u00f3cio Online a Partir do Zero. \u00c9 atualmente o \u00fanico treinamento que abrange todas as etapas de um neg\u00f3cio online.\"},{\"@type\":\"BreadcrumbList\",\"@id\":\"https:\/\/eloh.com.br\/loja\/product\/curso-formula-negocio-online\/#breadcrumb\",\"itemListElement\":[{\"@type\":\"ListItem\",\"position\":1,\"name\":\"In\u00edcio\",\"item\":\"https:\/\/eloh.com.br\/loja\/\"},{\"@type\":\"ListItem\",\"position\":2,\"name\":\"Produtos\",\"item\":\"https:\/\/eloh.com.br\/loja\/produtos\/\"},{\"@type\":\"ListItem\",\"position\":3,\"name\":\"Curso F\u00f3rmula Neg\u00f3cio Online\"}]},{\"@type\":\"WebSite\",\"@id\":\"https:\/\/eloh.com.br\/loja\/#website\",\"url\":\"https:\/\/eloh.com.br\/loja\/\",\"name\":\"Eloh loja\",\"description\":\"Loja de cursos, ferramentas, servi\u00e7os, sites, lojas online e tr\u00e1fego pago\",\"publisher\":{\"@id\":\"https:\/\/eloh.com.br\/loja\/#organization\"},\"potentialAction\":[{\"@type\":\"SearchAction\",\"target\":{\"@type\":\"EntryPoint\",\"urlTemplate\":\"https:\/\/eloh.com.br\/loja\/?s={search_term_string}\"},\"query-input\":{\"@type\":\"PropertyValueSpecification\",\"valueRequired\":true,\"valueName\":\"search_term_string\"}}],\"inLanguage\":\"pt-BR\"},{\"@type\":\"Organization\",\"@id\":\"https:\/\/eloh.com.br\/loja\/#organization\",\"name\":\"Eloh loja\",\"url\":\"https:\/\/eloh.com.br\/loja\/\",\"logo\":{\"@type\":\"ImageObject\",\"inLanguage\":\"pt-BR\",\"@id\":\"https:\/\/eloh.com.br\/loja\/#\/schema\/logo\/image\/\",\"url\":\"https:\/\/i0.wp.com\/eloh.com.br\/loja\/wp-content\/uploads\/2022\/08\/cropped-logo-eloh-criacao-de-site-3.png?fit=1080%2C360&ssl=1\",\"contentUrl\":\"https:\/\/i0.wp.com\/eloh.com.br\/loja\/wp-content\/uploads\/2022\/08\/cropped-logo-eloh-criacao-de-site-3.png?fit=1080%2C360&ssl=1\",\"width\":1080,\"height\":360,\"caption\":\"Eloh loja\"},\"image\":{\"@id\":\"https:\/\/eloh.com.br\/loja\/#\/schema\/logo\/image\/\"}}]}<\/script>\n<!-- \/ Yoast SEO plugin. -->","yoast_head_json":{"title":"Curso F\u00f3rmula Neg\u00f3cio Online - Eloh loja","description":"O F\u00f3rmula Neg\u00f3cio Online \u00e9 o mais completo Treinamento para Criar Seu Neg\u00f3cio Online a Partir do Zero. Com Alex Vargas.","robots":{"index":"index","follow":"follow","max-snippet":"max-snippet:-1","max-image-preview":"max-image-preview:large","max-video-preview":"max-video-preview:-1"},"canonical":"https:\/\/eloh.com.br\/loja\/product\/curso-formula-negocio-online\/","og_locale":"pt_BR","og_type":"article","og_title":"Curso F\u00f3rmula Neg\u00f3cio Online - Eloh loja","og_description":"O F\u00f3rmula Neg\u00f3cio Online \u00e9 o mais completo Treinamento para Criar Seu Neg\u00f3cio Online a Partir do Zero. Com Alex Vargas.","og_url":"https:\/\/eloh.com.br\/loja\/product\/curso-formula-negocio-online\/","og_site_name":"Eloh loja","article_modified_time":"2021-11-17T18:54:15+00:00","og_image":[{"width":1350,"height":853,"url":"https:\/\/eloh.com.br\/loja\/wp-content\/uploads\/2021\/11\/curso-formula-do-negocio-online-fno-alex-vargas.jpg","type":"image\/jpeg"}],"twitter_card":"summary_large_image","twitter_misc":{"Est. tempo de leitura":"2 minutos"},"schema":{"@context":"https:\/\/schema.org","@graph":[{"@type":"WebPage","@id":"https:\/\/eloh.com.br\/loja\/product\/curso-formula-negocio-online\/","url":"https:\/\/eloh.com.br\/loja\/product\/curso-formula-negocio-online\/","name":"Curso F\u00f3rmula Neg\u00f3cio Online - Eloh loja","isPartOf":{"@id":"https:\/\/eloh.com.br\/loja\/#website"},"primaryImageOfPage":{"@id":"https:\/\/eloh.com.br\/loja\/product\/curso-formula-negocio-online\/#primaryimage"},"image":{"@id":"https:\/\/eloh.com.br\/loja\/product\/curso-formula-negocio-online\/#primaryimage"},"thumbnailUrl":"https:\/\/i0.wp.com\/eloh.com.br\/loja\/wp-content\/uploads\/2021\/11\/curso-formula-do-negocio-online-fno-alex-vargas.jpg?fit=1350%2C853&ssl=1","datePublished":"2021-11-17T18:39:34+00:00","dateModified":"2021-11-17T18:54:15+00:00","description":"O F\u00f3rmula Neg\u00f3cio Online \u00e9 o mais completo Treinamento para Criar Seu Neg\u00f3cio Online a Partir do Zero. Com Alex Vargas.","breadcrumb":{"@id":"https:\/\/eloh.com.br\/loja\/product\/curso-formula-negocio-online\/#breadcrumb"},"inLanguage":"pt-BR","potentialAction":[{"@type":"ReadAction","target":["https:\/\/eloh.com.br\/loja\/product\/curso-formula-negocio-online\/"]}]},{"@type":"ImageObject","inLanguage":"pt-BR","@id":"https:\/\/eloh.com.br\/loja\/product\/curso-formula-negocio-online\/#primaryimage","url":"https:\/\/i0.wp.com\/eloh.com.br\/loja\/wp-content\/uploads\/2021\/11\/curso-formula-do-negocio-online-fno-alex-vargas.jpg?fit=1350%2C853&ssl=1","contentUrl":"https:\/\/i0.wp.com\/eloh.com.br\/loja\/wp-content\/uploads\/2021\/11\/curso-formula-do-negocio-online-fno-alex-vargas.jpg?fit=1350%2C853&ssl=1","width":1350,"height":853,"caption":"O F\u00f3rmula Neg\u00f3cio Online \u00e9 o mais completo Treinamento para Criar Seu Neg\u00f3cio Online a Partir do Zero. \u00c9 atualmente o \u00fanico treinamento que abrange todas as etapas de um neg\u00f3cio online."},{"@type":"BreadcrumbList","@id":"https:\/\/eloh.com.br\/loja\/product\/curso-formula-negocio-online\/#breadcrumb","itemListElement":[{"@type":"ListItem","position":1,"name":"In\u00edcio","item":"https:\/\/eloh.com.br\/loja\/"},{"@type":"ListItem","position":2,"name":"Produtos","item":"https:\/\/eloh.com.br\/loja\/produtos\/"},{"@type":"ListItem","position":3,"name":"Curso F\u00f3rmula Neg\u00f3cio Online"}]},{"@type":"WebSite","@id":"https:\/\/eloh.com.br\/loja\/#website","url":"https:\/\/eloh.com.br\/loja\/","name":"Eloh loja","description":"Loja de cursos, ferramentas, servi\u00e7os, sites, lojas online e tr\u00e1fego pago","publisher":{"@id":"https:\/\/eloh.com.br\/loja\/#organization"},"potentialAction":[{"@type":"SearchAction","target":{"@type":"EntryPoint","urlTemplate":"https:\/\/eloh.com.br\/loja\/?s={search_term_string}"},"query-input":{"@type":"PropertyValueSpecification","valueRequired":true,"valueName":"search_term_string"}}],"inLanguage":"pt-BR"},{"@type":"Organization","@id":"https:\/\/eloh.com.br\/loja\/#organization","name":"Eloh loja","url":"https:\/\/eloh.com.br\/loja\/","logo":{"@type":"ImageObject","inLanguage":"pt-BR","@id":"https:\/\/eloh.com.br\/loja\/#\/schema\/logo\/image\/","url":"https:\/\/i0.wp.com\/eloh.com.br\/loja\/wp-content\/uploads\/2022\/08\/cropped-logo-eloh-criacao-de-site-3.png?fit=1080%2C360&ssl=1","contentUrl":"https:\/\/i0.wp.com\/eloh.com.br\/loja\/wp-content\/uploads\/2022\/08\/cropped-logo-eloh-criacao-de-site-3.png?fit=1080%2C360&ssl=1","width":1080,"height":360,"caption":"Eloh loja"},"image":{"@id":"https:\/\/eloh.com.br\/loja\/#\/schema\/logo\/image\/"}}]}},"jetpack_sharing_enabled":true,"uagb_featured_image_src":{"full":["https:\/\/i0.wp.com\/eloh.com.br\/loja\/wp-content\/uploads\/2021\/11\/curso-formula-do-negocio-online-fno-alex-vargas.jpg?fit=1350%2C853&ssl=1",1350,853,false],"thumbnail":["https:\/\/i0.wp.com\/eloh.com.br\/loja\/wp-content\/uploads\/2021\/11\/curso-formula-do-negocio-online-fno-alex-vargas.jpg?resize=150%2C150&ssl=1",150,150,true],"medium":["https:\/\/i0.wp.com\/eloh.com.br\/loja\/wp-content\/uploads\/2021\/11\/curso-formula-do-negocio-online-fno-alex-vargas.jpg?fit=300%2C190&ssl=1",300,190,true],"medium_large":["https:\/\/i0.wp.com\/eloh.com.br\/loja\/wp-content\/uploads\/2021\/11\/curso-formula-do-negocio-online-fno-alex-vargas.jpg?fit=768%2C485&ssl=1",768,485,true],"large":["https:\/\/i0.wp.com\/eloh.com.br\/loja\/wp-content\/uploads\/2021\/11\/curso-formula-do-negocio-online-fno-alex-vargas.jpg?fit=1024%2C647&ssl=1",1024,647,true],"1536x1536":["https:\/\/i0.wp.com\/eloh.com.br\/loja\/wp-content\/uploads\/2021\/11\/curso-formula-do-negocio-online-fno-alex-vargas.jpg?fit=1350%2C853&ssl=1",1350,853,true],"2048x2048":["https:\/\/i0.wp.com\/eloh.com.br\/loja\/wp-content\/uploads\/2021\/11\/curso-formula-do-negocio-online-fno-alex-vargas.jpg?fit=1350%2C853&ssl=1",1350,853,true],"woocommerce_thumbnail":["https:\/\/i0.wp.com\/eloh.com.br\/loja\/wp-content\/uploads\/2021\/11\/curso-formula-do-negocio-online-fno-alex-vargas.jpg?resize=300%2C300&ssl=1",300,300,true],"woocommerce_single":["https:\/\/i0.wp.com\/eloh.com.br\/loja\/wp-content\/uploads\/2021\/11\/curso-formula-do-negocio-online-fno-alex-vargas.jpg?fit=600%2C379&ssl=1",600,379,true],"woocommerce_gallery_thumbnail":["https:\/\/i0.wp.com\/eloh.com.br\/loja\/wp-content\/uploads\/2021\/11\/curso-formula-do-negocio-online-fno-alex-vargas.jpg?resize=100%2C100&ssl=1",100,100,true]},"uagb_author_info":{"display_name":"Eloh Loja","author_link":"https:\/\/eloh.com.br\/loja\/author\/"},"uagb_comment_info":0,"uagb_excerpt":"\u00c9 atualmente o \u00fanico treinamento que abrange todas as etapas de um neg\u00f3cio online.","_links":{"self":[{"href":"https:\/\/eloh.com.br\/loja\/wp-json\/wp\/v2\/product\/1744","targetHints":{"allow":["GET"]}}],"collection":[{"href":"https:\/\/eloh.com.br\/loja\/wp-json\/wp\/v2\/product"}],"about":[{"href":"https:\/\/eloh.com.br\/loja\/wp-json\/wp\/v2\/types\/product"}],"replies":[{"embeddable":true,"href":"https:\/\/eloh.com.br\/loja\/wp-json\/wp\/v2\/comments?post=1744"}],"wp:featuredmedia":[{"embeddable":true,"href":"https:\/\/eloh.com.br\/loja\/wp-json\/wp\/v2\/media\/1745"}],"wp:attachment":[{"href":"https:\/\/eloh.com.br\/loja\/wp-json\/wp\/v2\/media?parent=1744"}],"wp:term":[{"taxonomy":"product_brand","embeddable":true,"href":"https:\/\/eloh.com.br\/loja\/wp-json\/wp\/v2\/product_brand?post=1744"},{"taxonomy":"product_cat","embeddable":true,"href":"https:\/\/eloh.com.br\/loja\/wp-json\/wp\/v2\/product_cat?post=1744"},{"taxonomy":"product_tag","embeddable":true,"href":"https:\/\/eloh.com.br\/loja\/wp-json\/wp\/v2\/product_tag?post=1744"}],"curies":[{"name":"wp","href":"https:\/\/api.w.org\/{rel}","templated":true}]}}