{"id":1747,"date":"2021-11-17T18:59:08","date_gmt":"2021-11-17T18:59:08","guid":{"rendered":"https:\/\/eloh.com.br\/loja\/?post_type=product&#038;p=1747"},"modified":"2021-11-17T19:10:41","modified_gmt":"2021-11-17T19:10:41","slug":"curso-google-docs-google-office-basico-ao-avancado","status":"publish","type":"product","link":"https:\/\/eloh.com.br\/loja\/product\/curso-google-docs-google-office-basico-ao-avancado\/","title":{"rendered":"Curso Google Docs &#8211; Google Office B\u00e1sico ao Avan\u00e7ado"},"content":{"rendered":"<p tabindex=\"1\">Precisa aprender, para ontem, a usar as ferramentas do Pacote Office?<\/p>\n<p tabindex=\"1\">Achou um absurdo o tanto que a Microsoft cobra pelas ferramentas do Pacote Office deles?<\/p>\n<p tabindex=\"1\">Ent\u00e3o ainda bem que voc\u00ea est\u00e1 lendo isso aqui!<\/p>\n<p tabindex=\"1\">A quarentena mudou completamente o mercado de trabalho e as empresas adotaram o Home Office como modelo, aquele que voc\u00ea trabalha de casa atrav\u00e9s do seu computador.<\/p>\n<p tabindex=\"1\">Mas esse modelo veio para ficar, as empresas perceberam que a produtividade aumenta e os custos diminuem por n\u00e3o ter mais gastos com escrit\u00f3rio.<\/p>\n<p tabindex=\"1\">Nesse modelo \u00e9 indispens\u00e1vel dominar ferramentas de Office, se voc\u00ea tiver no seu curr\u00edculo &#8220;Certificado de Pacote Office Avan\u00e7ado&#8221; voc\u00ea j\u00e1 fica muito na frente dos seus concorrentes.<\/p>\n<p tabindex=\"1\">O problema \u00e9 que as ferramentas do pacote da Microsoft s\u00e3o muito caras.<\/p>\n<p tabindex=\"1\">Foi pensando nisso que n\u00f3s da HV Cursos criamos um curso para ensinar, passo a passo, para qualquer pessoa, como utilizar as ferramentas do Pacote Office da GOOGLE dispon\u00edvel de forma online e 100% gratuita.<\/p>\n<p tabindex=\"1\">Voc\u00ea vai aprender a utilizar as quatro principais ferramentas em APENAS UMA SEMANA:<\/p>\n<p tabindex=\"1\">&#8211; Google Planilhas (funciona igual o Excel)<\/p>\n<p tabindex=\"1\">&#8211; Google Documentos (funciona igual o Word)<\/p>\n<p tabindex=\"1\">&#8211; Google Apresenta\u00e7\u00f5es (funciona igual o Powerpoint)<\/p>\n<p tabindex=\"1\">&#8211; Google Formul\u00e1rios.<\/p>\n<p tabindex=\"1\">S\u00e3o mais de 80 aulas que v\u00e3o te transformar em um(a) profissional completo(a)!<\/p>\n<p tabindex=\"1\">Cada m\u00f3dulo \u00e9 composto por aulas gravadas + materiais complementares para download que v\u00e3o potencializar o seu aprendizado.<\/p>\n<p tabindex=\"1\">Al\u00e9m disso, voc\u00ea pode usar a \u00e1rea de Coment\u00e1rios para tirar suas d\u00favidas com nossa equipe de suporte.<\/p>\n<p tabindex=\"1\">Quando voc\u00ea finalizar o curso voc\u00ea vai receber o nosso Certificado de Conclus\u00e3o Oficial para colocar no seu curr\u00edculo!<\/p>\n<p tabindex=\"1\">Para de perder tempo que essa quarentena \u00e9 o MOMENTO IDEAL para voc\u00ea se preparar para essa Era do Home Office que t\u00e1 chegando!<\/p>\n<p tabindex=\"1\">Ta na hora de voc\u00ea se tornar um ESPECIALISTA e deixar seu chefe ou seu entrevistador de queixo ca\u00eddo!<\/p>\n<p tabindex=\"1\"><a href=\"https:\/\/hotm.art\/curso-google-docs\">FAZER CURSO<\/a><\/p>\n<p tabindex=\"1\">_______________________<\/p>\n","protected":false},"excerpt":{"rendered":"<p>Curso para ensinar, passo a passo, para qualquer pessoa, como utilizar as ferramentas do Pacote Office da GOOGLE, dispon\u00edvel de forma online e 100% gratuita, que \u00e9 conhecido como Google Docs.<\/p>\n","protected":false},"featured_media":1748,"comment_status":"open","ping_status":"closed","template":"","meta":{"_uag_custom_page_level_css":"","site-sidebar-layout":"default","site-content-layout":"default","ast-main-header-display":"","ast-hfb-above-header-display":"","ast-hfb-below-header-display":"","ast-hfb-mobile-header-display":"","site-post-title":"","ast-breadcrumbs-content":"","ast-featured-img":"","footer-sml-layout":"","theme-transparent-header-meta":"default","adv-header-id-meta":"","stick-header-meta":"","header-above-stick-meta":"","header-main-stick-meta":"","header-below-stick-meta":"","_joinchat":[]},"product_brand":[],"product_cat":[93],"product_tag":[109],"class_list":{"0":"post-1747","1":"product","2":"type-product","3":"status-publish","4":"has-post-thumbnail","6":"product_cat-cursos","7":"product_tag-google-docs","9":"first","10":"instock","11":"shipping-taxable","12":"product-type-external"},"yoast_head":"<!-- This site is optimized with the Yoast SEO plugin v27.2 - https:\/\/yoast.com\/product\/yoast-seo-wordpress\/ -->\n<title>Curso Google Docs - Google Office B\u00e1sico ao Avan\u00e7ado - Eloh loja<\/title>\n<meta name=\"description\" content=\"Curso para ensinar, passo a passo, para qualquer pessoa, como utilizar as ferramentas do Pacote Office da GOOGLE, conhecido como Google Docs.\" \/>\n<meta name=\"robots\" content=\"index, follow, max-snippet:-1, max-image-preview:large, max-video-preview:-1\" \/>\n<link rel=\"canonical\" href=\"https:\/\/eloh.com.br\/loja\/product\/curso-google-docs-google-office-basico-ao-avancado\/\" \/>\n<meta property=\"og:locale\" content=\"pt_BR\" \/>\n<meta property=\"og:type\" content=\"article\" \/>\n<meta property=\"og:title\" content=\"Curso Google Docs - Google Office B\u00e1sico ao Avan\u00e7ado - Eloh loja\" \/>\n<meta property=\"og:description\" content=\"Curso para ensinar, passo a passo, para qualquer pessoa, como utilizar as ferramentas do Pacote Office da GOOGLE, conhecido como Google Docs.\" \/>\n<meta property=\"og:url\" content=\"https:\/\/eloh.com.br\/loja\/product\/curso-google-docs-google-office-basico-ao-avancado\/\" \/>\n<meta property=\"og:site_name\" content=\"Eloh loja\" \/>\n<meta property=\"article:modified_time\" content=\"2021-11-17T19:10:41+00:00\" \/>\n<meta property=\"og:image\" content=\"https:\/\/eloh.com.br\/loja\/wp-content\/uploads\/2021\/11\/curso-Google-Office-Basico-ao-Avancado.jpg\" \/>\n\t<meta property=\"og:image:width\" content=\"1350\" \/>\n\t<meta property=\"og:image:height\" content=\"853\" \/>\n\t<meta property=\"og:image:type\" content=\"image\/jpeg\" \/>\n<meta name=\"twitter:card\" content=\"summary_large_image\" \/>\n<meta name=\"twitter:label1\" content=\"Est. tempo de leitura\" \/>\n\t<meta name=\"twitter:data1\" content=\"2 minutos\" \/>\n<script type=\"application\/ld+json\" class=\"yoast-schema-graph\">{\"@context\":\"https:\/\/schema.org\",\"@graph\":[{\"@type\":\"WebPage\",\"@id\":\"https:\/\/eloh.com.br\/loja\/product\/curso-google-docs-google-office-basico-ao-avancado\/\",\"url\":\"https:\/\/eloh.com.br\/loja\/product\/curso-google-docs-google-office-basico-ao-avancado\/\",\"name\":\"Curso Google Docs - Google Office B\u00e1sico ao Avan\u00e7ado - Eloh loja\",\"isPartOf\":{\"@id\":\"https:\/\/eloh.com.br\/loja\/#website\"},\"primaryImageOfPage\":{\"@id\":\"https:\/\/eloh.com.br\/loja\/product\/curso-google-docs-google-office-basico-ao-avancado\/#primaryimage\"},\"image\":{\"@id\":\"https:\/\/eloh.com.br\/loja\/product\/curso-google-docs-google-office-basico-ao-avancado\/#primaryimage\"},\"thumbnailUrl\":\"https:\/\/i0.wp.com\/eloh.com.br\/loja\/wp-content\/uploads\/2021\/11\/curso-Google-Office-Basico-ao-Avancado.jpg?fit=1350%2C853&ssl=1\",\"datePublished\":\"2021-11-17T18:59:08+00:00\",\"dateModified\":\"2021-11-17T19:10:41+00:00\",\"description\":\"Curso para ensinar, passo a passo, para qualquer pessoa, como utilizar as ferramentas do Pacote Office da GOOGLE, conhecido como Google Docs.\",\"breadcrumb\":{\"@id\":\"https:\/\/eloh.com.br\/loja\/product\/curso-google-docs-google-office-basico-ao-avancado\/#breadcrumb\"},\"inLanguage\":\"pt-BR\",\"potentialAction\":[{\"@type\":\"ReadAction\",\"target\":[\"https:\/\/eloh.com.br\/loja\/product\/curso-google-docs-google-office-basico-ao-avancado\/\"]}]},{\"@type\":\"ImageObject\",\"inLanguage\":\"pt-BR\",\"@id\":\"https:\/\/eloh.com.br\/loja\/product\/curso-google-docs-google-office-basico-ao-avancado\/#primaryimage\",\"url\":\"https:\/\/i0.wp.com\/eloh.com.br\/loja\/wp-content\/uploads\/2021\/11\/curso-Google-Office-Basico-ao-Avancado.jpg?fit=1350%2C853&ssl=1\",\"contentUrl\":\"https:\/\/i0.wp.com\/eloh.com.br\/loja\/wp-content\/uploads\/2021\/11\/curso-Google-Office-Basico-ao-Avancado.jpg?fit=1350%2C853&ssl=1\",\"width\":1350,\"height\":853,\"caption\":\"Curso para ensinar, passo a passo, para qualquer pessoa, como utilizar as ferramentas do Pacote Office da GOOGLE dispon\u00edvel de forma online e 100% gratuita.\"},{\"@type\":\"BreadcrumbList\",\"@id\":\"https:\/\/eloh.com.br\/loja\/product\/curso-google-docs-google-office-basico-ao-avancado\/#breadcrumb\",\"itemListElement\":[{\"@type\":\"ListItem\",\"position\":1,\"name\":\"In\u00edcio\",\"item\":\"https:\/\/eloh.com.br\/loja\/\"},{\"@type\":\"ListItem\",\"position\":2,\"name\":\"Produtos\",\"item\":\"https:\/\/eloh.com.br\/loja\/produtos\/\"},{\"@type\":\"ListItem\",\"position\":3,\"name\":\"Curso Google Docs &#8211; Google Office B\u00e1sico ao Avan\u00e7ado\"}]},{\"@type\":\"WebSite\",\"@id\":\"https:\/\/eloh.com.br\/loja\/#website\",\"url\":\"https:\/\/eloh.com.br\/loja\/\",\"name\":\"Eloh loja\",\"description\":\"Loja de cursos, ferramentas, servi\u00e7os, sites, lojas online e tr\u00e1fego pago\",\"publisher\":{\"@id\":\"https:\/\/eloh.com.br\/loja\/#organization\"},\"potentialAction\":[{\"@type\":\"SearchAction\",\"target\":{\"@type\":\"EntryPoint\",\"urlTemplate\":\"https:\/\/eloh.com.br\/loja\/?s={search_term_string}\"},\"query-input\":{\"@type\":\"PropertyValueSpecification\",\"valueRequired\":true,\"valueName\":\"search_term_string\"}}],\"inLanguage\":\"pt-BR\"},{\"@type\":\"Organization\",\"@id\":\"https:\/\/eloh.com.br\/loja\/#organization\",\"name\":\"Eloh loja\",\"url\":\"https:\/\/eloh.com.br\/loja\/\",\"logo\":{\"@type\":\"ImageObject\",\"inLanguage\":\"pt-BR\",\"@id\":\"https:\/\/eloh.com.br\/loja\/#\/schema\/logo\/image\/\",\"url\":\"https:\/\/i0.wp.com\/eloh.com.br\/loja\/wp-content\/uploads\/2022\/08\/cropped-logo-eloh-criacao-de-site-3.png?fit=1080%2C360&ssl=1\",\"contentUrl\":\"https:\/\/i0.wp.com\/eloh.com.br\/loja\/wp-content\/uploads\/2022\/08\/cropped-logo-eloh-criacao-de-site-3.png?fit=1080%2C360&ssl=1\",\"width\":1080,\"height\":360,\"caption\":\"Eloh loja\"},\"image\":{\"@id\":\"https:\/\/eloh.com.br\/loja\/#\/schema\/logo\/image\/\"}}]}<\/script>\n<!-- \/ Yoast SEO plugin. -->","yoast_head_json":{"title":"Curso Google Docs - Google Office B\u00e1sico ao Avan\u00e7ado - Eloh loja","description":"Curso para ensinar, passo a passo, para qualquer pessoa, como utilizar as ferramentas do Pacote Office da GOOGLE, conhecido como Google Docs.","robots":{"index":"index","follow":"follow","max-snippet":"max-snippet:-1","max-image-preview":"max-image-preview:large","max-video-preview":"max-video-preview:-1"},"canonical":"https:\/\/eloh.com.br\/loja\/product\/curso-google-docs-google-office-basico-ao-avancado\/","og_locale":"pt_BR","og_type":"article","og_title":"Curso Google Docs - Google Office B\u00e1sico ao Avan\u00e7ado - Eloh loja","og_description":"Curso para ensinar, passo a passo, para qualquer pessoa, como utilizar as ferramentas do Pacote Office da GOOGLE, conhecido como Google Docs.","og_url":"https:\/\/eloh.com.br\/loja\/product\/curso-google-docs-google-office-basico-ao-avancado\/","og_site_name":"Eloh loja","article_modified_time":"2021-11-17T19:10:41+00:00","og_image":[{"width":1350,"height":853,"url":"https:\/\/eloh.com.br\/loja\/wp-content\/uploads\/2021\/11\/curso-Google-Office-Basico-ao-Avancado.jpg","type":"image\/jpeg"}],"twitter_card":"summary_large_image","twitter_misc":{"Est. tempo de leitura":"2 minutos"},"schema":{"@context":"https:\/\/schema.org","@graph":[{"@type":"WebPage","@id":"https:\/\/eloh.com.br\/loja\/product\/curso-google-docs-google-office-basico-ao-avancado\/","url":"https:\/\/eloh.com.br\/loja\/product\/curso-google-docs-google-office-basico-ao-avancado\/","name":"Curso Google Docs - Google Office B\u00e1sico ao Avan\u00e7ado - Eloh loja","isPartOf":{"@id":"https:\/\/eloh.com.br\/loja\/#website"},"primaryImageOfPage":{"@id":"https:\/\/eloh.com.br\/loja\/product\/curso-google-docs-google-office-basico-ao-avancado\/#primaryimage"},"image":{"@id":"https:\/\/eloh.com.br\/loja\/product\/curso-google-docs-google-office-basico-ao-avancado\/#primaryimage"},"thumbnailUrl":"https:\/\/i0.wp.com\/eloh.com.br\/loja\/wp-content\/uploads\/2021\/11\/curso-Google-Office-Basico-ao-Avancado.jpg?fit=1350%2C853&ssl=1","datePublished":"2021-11-17T18:59:08+00:00","dateModified":"2021-11-17T19:10:41+00:00","description":"Curso para ensinar, passo a passo, para qualquer pessoa, como utilizar as ferramentas do Pacote Office da GOOGLE, conhecido como Google Docs.","breadcrumb":{"@id":"https:\/\/eloh.com.br\/loja\/product\/curso-google-docs-google-office-basico-ao-avancado\/#breadcrumb"},"inLanguage":"pt-BR","potentialAction":[{"@type":"ReadAction","target":["https:\/\/eloh.com.br\/loja\/product\/curso-google-docs-google-office-basico-ao-avancado\/"]}]},{"@type":"ImageObject","inLanguage":"pt-BR","@id":"https:\/\/eloh.com.br\/loja\/product\/curso-google-docs-google-office-basico-ao-avancado\/#primaryimage","url":"https:\/\/i0.wp.com\/eloh.com.br\/loja\/wp-content\/uploads\/2021\/11\/curso-Google-Office-Basico-ao-Avancado.jpg?fit=1350%2C853&ssl=1","contentUrl":"https:\/\/i0.wp.com\/eloh.com.br\/loja\/wp-content\/uploads\/2021\/11\/curso-Google-Office-Basico-ao-Avancado.jpg?fit=1350%2C853&ssl=1","width":1350,"height":853,"caption":"Curso para ensinar, passo a passo, para qualquer pessoa, como utilizar as ferramentas do Pacote Office da GOOGLE dispon\u00edvel de forma online e 100% gratuita."},{"@type":"BreadcrumbList","@id":"https:\/\/eloh.com.br\/loja\/product\/curso-google-docs-google-office-basico-ao-avancado\/#breadcrumb","itemListElement":[{"@type":"ListItem","position":1,"name":"In\u00edcio","item":"https:\/\/eloh.com.br\/loja\/"},{"@type":"ListItem","position":2,"name":"Produtos","item":"https:\/\/eloh.com.br\/loja\/produtos\/"},{"@type":"ListItem","position":3,"name":"Curso Google Docs &#8211; Google Office B\u00e1sico ao Avan\u00e7ado"}]},{"@type":"WebSite","@id":"https:\/\/eloh.com.br\/loja\/#website","url":"https:\/\/eloh.com.br\/loja\/","name":"Eloh loja","description":"Loja de cursos, ferramentas, servi\u00e7os, sites, lojas online e tr\u00e1fego pago","publisher":{"@id":"https:\/\/eloh.com.br\/loja\/#organization"},"potentialAction":[{"@type":"SearchAction","target":{"@type":"EntryPoint","urlTemplate":"https:\/\/eloh.com.br\/loja\/?s={search_term_string}"},"query-input":{"@type":"PropertyValueSpecification","valueRequired":true,"valueName":"search_term_string"}}],"inLanguage":"pt-BR"},{"@type":"Organization","@id":"https:\/\/eloh.com.br\/loja\/#organization","name":"Eloh loja","url":"https:\/\/eloh.com.br\/loja\/","logo":{"@type":"ImageObject","inLanguage":"pt-BR","@id":"https:\/\/eloh.com.br\/loja\/#\/schema\/logo\/image\/","url":"https:\/\/i0.wp.com\/eloh.com.br\/loja\/wp-content\/uploads\/2022\/08\/cropped-logo-eloh-criacao-de-site-3.png?fit=1080%2C360&ssl=1","contentUrl":"https:\/\/i0.wp.com\/eloh.com.br\/loja\/wp-content\/uploads\/2022\/08\/cropped-logo-eloh-criacao-de-site-3.png?fit=1080%2C360&ssl=1","width":1080,"height":360,"caption":"Eloh loja"},"image":{"@id":"https:\/\/eloh.com.br\/loja\/#\/schema\/logo\/image\/"}}]}},"jetpack_sharing_enabled":true,"uagb_featured_image_src":{"full":["https:\/\/i0.wp.com\/eloh.com.br\/loja\/wp-content\/uploads\/2021\/11\/curso-Google-Office-Basico-ao-Avancado.jpg?fit=1350%2C853&ssl=1",1350,853,false],"thumbnail":["https:\/\/i0.wp.com\/eloh.com.br\/loja\/wp-content\/uploads\/2021\/11\/curso-Google-Office-Basico-ao-Avancado.jpg?resize=150%2C150&ssl=1",150,150,true],"medium":["https:\/\/i0.wp.com\/eloh.com.br\/loja\/wp-content\/uploads\/2021\/11\/curso-Google-Office-Basico-ao-Avancado.jpg?fit=300%2C190&ssl=1",300,190,true],"medium_large":["https:\/\/i0.wp.com\/eloh.com.br\/loja\/wp-content\/uploads\/2021\/11\/curso-Google-Office-Basico-ao-Avancado.jpg?fit=768%2C485&ssl=1",768,485,true],"large":["https:\/\/i0.wp.com\/eloh.com.br\/loja\/wp-content\/uploads\/2021\/11\/curso-Google-Office-Basico-ao-Avancado.jpg?fit=1024%2C647&ssl=1",1024,647,true],"1536x1536":["https:\/\/i0.wp.com\/eloh.com.br\/loja\/wp-content\/uploads\/2021\/11\/curso-Google-Office-Basico-ao-Avancado.jpg?fit=1350%2C853&ssl=1",1350,853,true],"2048x2048":["https:\/\/i0.wp.com\/eloh.com.br\/loja\/wp-content\/uploads\/2021\/11\/curso-Google-Office-Basico-ao-Avancado.jpg?fit=1350%2C853&ssl=1",1350,853,true],"woocommerce_thumbnail":["https:\/\/i0.wp.com\/eloh.com.br\/loja\/wp-content\/uploads\/2021\/11\/curso-Google-Office-Basico-ao-Avancado.jpg?resize=300%2C300&ssl=1",300,300,true],"woocommerce_single":["https:\/\/i0.wp.com\/eloh.com.br\/loja\/wp-content\/uploads\/2021\/11\/curso-Google-Office-Basico-ao-Avancado.jpg?fit=600%2C379&ssl=1",600,379,true],"woocommerce_gallery_thumbnail":["https:\/\/i0.wp.com\/eloh.com.br\/loja\/wp-content\/uploads\/2021\/11\/curso-Google-Office-Basico-ao-Avancado.jpg?resize=100%2C100&ssl=1",100,100,true]},"uagb_author_info":{"display_name":"Eloh Loja","author_link":"https:\/\/eloh.com.br\/loja\/author\/"},"uagb_comment_info":0,"uagb_excerpt":"Curso para ensinar, passo a passo, para qualquer pessoa, como utilizar as ferramentas do Pacote Office da GOOGLE, dispon\u00edvel de forma online e 100% gratuita, que \u00e9 conhecido como Google Docs.","_links":{"self":[{"href":"https:\/\/eloh.com.br\/loja\/wp-json\/wp\/v2\/product\/1747","targetHints":{"allow":["GET"]}}],"collection":[{"href":"https:\/\/eloh.com.br\/loja\/wp-json\/wp\/v2\/product"}],"about":[{"href":"https:\/\/eloh.com.br\/loja\/wp-json\/wp\/v2\/types\/product"}],"replies":[{"embeddable":true,"href":"https:\/\/eloh.com.br\/loja\/wp-json\/wp\/v2\/comments?post=1747"}],"wp:featuredmedia":[{"embeddable":true,"href":"https:\/\/eloh.com.br\/loja\/wp-json\/wp\/v2\/media\/1748"}],"wp:attachment":[{"href":"https:\/\/eloh.com.br\/loja\/wp-json\/wp\/v2\/media?parent=1747"}],"wp:term":[{"taxonomy":"product_brand","embeddable":true,"href":"https:\/\/eloh.com.br\/loja\/wp-json\/wp\/v2\/product_brand?post=1747"},{"taxonomy":"product_cat","embeddable":true,"href":"https:\/\/eloh.com.br\/loja\/wp-json\/wp\/v2\/product_cat?post=1747"},{"taxonomy":"product_tag","embeddable":true,"href":"https:\/\/eloh.com.br\/loja\/wp-json\/wp\/v2\/product_tag?post=1747"}],"curies":[{"name":"wp","href":"https:\/\/api.w.org\/{rel}","templated":true}]}}