{"id":1750,"date":"2021-11-17T19:12:00","date_gmt":"2021-11-17T19:12:00","guid":{"rendered":"https:\/\/eloh.com.br\/loja\/?post_type=product&#038;p=1750"},"modified":"2023-05-11T17:09:26","modified_gmt":"2023-05-11T17:09:26","slug":"google-ads-configuracao-de-anuncio","status":"publish","type":"product","link":"https:\/\/eloh.com.br\/loja\/product\/google-ads-configuracao-de-anuncio\/","title":{"rendered":"Google Ads &#8211; Configura\u00e7\u00e3o de An\u00fancio"},"content":{"rendered":"<p>Criamos sua campanha no Google Ads baseada na sua palavra-chave para se divulgar na rede de pesquisa do Google.<\/p>\n<p>Ao se divulgar pelo <b>Google Ads<\/b>, voc\u00ea define uma segmenta\u00e7\u00e3o precisa do p\u00fablico-alvo para as\u00a0suas campanhas, com base em interesses dos usu\u00e1rios e palavras-chave que utilizam nas buscas. Portanto, os an\u00fancios aumentam o alcance da marca, mas tamb\u00e9m a sua precis\u00e3o, o que torna os investimentos mais eficientes.<\/p>\n<p>&nbsp;<\/p>\n<p><a href=\"https:\/\/mpago.la\/1GFzQYH\">CONTRATAR SERVI\u00c7O<\/a><\/p>\n<p><a href=\"https:\/\/api.whatsapp.com\/send?phone=5548996821374&amp;text=Ol%C3%A1%2C%20quero%20mais%20informa%C3%A7%C3%B5es%20para%20criar%20an%C3%BAncio%20no%20Google%20Ads.\">NOSSO WHATSAPP<\/a><\/p>\n<p>______________________<\/p>\n<p>&nbsp;<\/p>\n<p>&nbsp;<\/p>\n","protected":false},"excerpt":{"rendered":"<p>Divulgue seu site, produto ou servi\u00e7o para aparecer como resultado na primeira p\u00e1gina do <b>Google.<\/b><\/p>\n<p>&nbsp;<\/p>\n","protected":false},"featured_media":1751,"comment_status":"open","ping_status":"closed","template":"","meta":{"_uag_custom_page_level_css":"","site-sidebar-layout":"default","site-content-layout":"default","ast-main-header-display":"","ast-hfb-above-header-display":"","ast-hfb-below-header-display":"","ast-hfb-mobile-header-display":"","site-post-title":"","ast-breadcrumbs-content":"","ast-featured-img":"","footer-sml-layout":"","theme-transparent-header-meta":"default","adv-header-id-meta":"","stick-header-meta":"","header-above-stick-meta":"","header-main-stick-meta":"","header-below-stick-meta":"","_joinchat":[]},"product_brand":[],"product_cat":[80,83,118],"product_tag":[110],"class_list":{"0":"post-1750","1":"product","2":"type-product","3":"status-publish","4":"has-post-thumbnail","6":"product_cat-google","7":"product_cat-servicos","8":"product_cat-trafego-pago","9":"product_tag-google-ads","11":"first","12":"instock","13":"featured","14":"shipping-taxable","15":"product-type-external"},"yoast_head":"<!-- This site is optimized with the Yoast SEO plugin v27.2 - https:\/\/yoast.com\/product\/yoast-seo-wordpress\/ -->\n<title>Google Ads - Configura\u00e7\u00e3o de An\u00fancio - Eloh loja<\/title>\n<meta name=\"description\" content=\"Criamos sua campanha no Google Ads baseada na sua palavra-chave para se divulgar\u00a0na rede de pesquisa do Google.\" \/>\n<meta name=\"robots\" content=\"index, follow, max-snippet:-1, max-image-preview:large, max-video-preview:-1\" \/>\n<link rel=\"canonical\" href=\"https:\/\/eloh.com.br\/loja\/product\/google-ads-configuracao-de-anuncio\/\" \/>\n<meta property=\"og:locale\" content=\"pt_BR\" \/>\n<meta property=\"og:type\" content=\"article\" \/>\n<meta property=\"og:title\" content=\"Google Ads - Configura\u00e7\u00e3o de An\u00fancio - Eloh loja\" \/>\n<meta property=\"og:description\" content=\"Criamos sua campanha no Google Ads baseada na sua palavra-chave para se divulgar\u00a0na rede de pesquisa do Google.\" \/>\n<meta property=\"og:url\" content=\"https:\/\/eloh.com.br\/loja\/product\/google-ads-configuracao-de-anuncio\/\" \/>\n<meta property=\"og:site_name\" content=\"Eloh loja\" \/>\n<meta property=\"article:modified_time\" content=\"2023-05-11T17:09:26+00:00\" \/>\n<meta property=\"og:image\" content=\"https:\/\/eloh.com.br\/loja\/wp-content\/uploads\/2018\/09\/Facebook-Ads-Configuracao-de-Anuncio-Vendas-Online-para-Negocios.jpg\" \/>\n\t<meta property=\"og:image:width\" content=\"1350\" \/>\n\t<meta property=\"og:image:height\" content=\"853\" \/>\n\t<meta property=\"og:image:type\" content=\"image\/jpeg\" \/>\n<meta name=\"twitter:card\" content=\"summary_large_image\" \/>\n<meta name=\"twitter:image\" content=\"https:\/\/i0.wp.com\/eloh.com.br\/loja\/wp-content\/uploads\/2018\/09\/Facebook-Ads-Configuracao-de-Anuncio-Vendas-Online-para-Negocios.jpg?fit=1350%2C853&ssl=1\" \/>\n<meta name=\"twitter:label1\" content=\"Est. tempo de leitura\" \/>\n\t<meta name=\"twitter:data1\" content=\"1 minuto\" \/>\n<script type=\"application\/ld+json\" class=\"yoast-schema-graph\">{\"@context\":\"https:\/\/schema.org\",\"@graph\":[{\"@type\":\"WebPage\",\"@id\":\"https:\/\/eloh.com.br\/loja\/product\/google-ads-configuracao-de-anuncio\/\",\"url\":\"https:\/\/eloh.com.br\/loja\/product\/google-ads-configuracao-de-anuncio\/\",\"name\":\"Google Ads - Configura\u00e7\u00e3o de An\u00fancio - Eloh loja\",\"isPartOf\":{\"@id\":\"https:\/\/eloh.com.br\/loja\/#website\"},\"primaryImageOfPage\":{\"@id\":\"https:\/\/eloh.com.br\/loja\/product\/google-ads-configuracao-de-anuncio\/#primaryimage\"},\"image\":{\"@id\":\"https:\/\/eloh.com.br\/loja\/product\/google-ads-configuracao-de-anuncio\/#primaryimage\"},\"thumbnailUrl\":\"https:\/\/i0.wp.com\/eloh.com.br\/loja\/wp-content\/uploads\/2021\/11\/google-ads-criar-anuncio.jpg?fit=1350%2C853&ssl=1\",\"datePublished\":\"2021-11-17T19:12:00+00:00\",\"dateModified\":\"2023-05-11T17:09:26+00:00\",\"description\":\"Criamos sua campanha no Google Ads baseada na sua palavra-chave para se divulgar\u00a0na rede de pesquisa do Google.\",\"breadcrumb\":{\"@id\":\"https:\/\/eloh.com.br\/loja\/product\/google-ads-configuracao-de-anuncio\/#breadcrumb\"},\"inLanguage\":\"pt-BR\",\"potentialAction\":[{\"@type\":\"ReadAction\",\"target\":[\"https:\/\/eloh.com.br\/loja\/product\/google-ads-configuracao-de-anuncio\/\"]}]},{\"@type\":\"ImageObject\",\"inLanguage\":\"pt-BR\",\"@id\":\"https:\/\/eloh.com.br\/loja\/product\/google-ads-configuracao-de-anuncio\/#primaryimage\",\"url\":\"https:\/\/i0.wp.com\/eloh.com.br\/loja\/wp-content\/uploads\/2021\/11\/google-ads-criar-anuncio.jpg?fit=1350%2C853&ssl=1\",\"contentUrl\":\"https:\/\/i0.wp.com\/eloh.com.br\/loja\/wp-content\/uploads\/2021\/11\/google-ads-criar-anuncio.jpg?fit=1350%2C853&ssl=1\",\"width\":1350,\"height\":853,\"caption\":\"Divulgue seu site, produto ou servi\u00e7o para aparecer como resultado na primeira p\u00e1gina do Google.\"},{\"@type\":\"BreadcrumbList\",\"@id\":\"https:\/\/eloh.com.br\/loja\/product\/google-ads-configuracao-de-anuncio\/#breadcrumb\",\"itemListElement\":[{\"@type\":\"ListItem\",\"position\":1,\"name\":\"In\u00edcio\",\"item\":\"https:\/\/eloh.com.br\/loja\/\"},{\"@type\":\"ListItem\",\"position\":2,\"name\":\"Produtos\",\"item\":\"https:\/\/eloh.com.br\/loja\/produtos\/\"},{\"@type\":\"ListItem\",\"position\":3,\"name\":\"Google Ads &#8211; Configura\u00e7\u00e3o de An\u00fancio\"}]},{\"@type\":\"WebSite\",\"@id\":\"https:\/\/eloh.com.br\/loja\/#website\",\"url\":\"https:\/\/eloh.com.br\/loja\/\",\"name\":\"Eloh loja\",\"description\":\"Loja de cursos, ferramentas, servi\u00e7os, sites, lojas online e tr\u00e1fego pago\",\"publisher\":{\"@id\":\"https:\/\/eloh.com.br\/loja\/#organization\"},\"potentialAction\":[{\"@type\":\"SearchAction\",\"target\":{\"@type\":\"EntryPoint\",\"urlTemplate\":\"https:\/\/eloh.com.br\/loja\/?s={search_term_string}\"},\"query-input\":{\"@type\":\"PropertyValueSpecification\",\"valueRequired\":true,\"valueName\":\"search_term_string\"}}],\"inLanguage\":\"pt-BR\"},{\"@type\":\"Organization\",\"@id\":\"https:\/\/eloh.com.br\/loja\/#organization\",\"name\":\"Eloh loja\",\"url\":\"https:\/\/eloh.com.br\/loja\/\",\"logo\":{\"@type\":\"ImageObject\",\"inLanguage\":\"pt-BR\",\"@id\":\"https:\/\/eloh.com.br\/loja\/#\/schema\/logo\/image\/\",\"url\":\"https:\/\/i0.wp.com\/eloh.com.br\/loja\/wp-content\/uploads\/2022\/08\/cropped-logo-eloh-criacao-de-site-3.png?fit=1080%2C360&ssl=1\",\"contentUrl\":\"https:\/\/i0.wp.com\/eloh.com.br\/loja\/wp-content\/uploads\/2022\/08\/cropped-logo-eloh-criacao-de-site-3.png?fit=1080%2C360&ssl=1\",\"width\":1080,\"height\":360,\"caption\":\"Eloh loja\"},\"image\":{\"@id\":\"https:\/\/eloh.com.br\/loja\/#\/schema\/logo\/image\/\"}}]}<\/script>\n<!-- \/ Yoast SEO plugin. -->","yoast_head_json":{"title":"Google Ads - Configura\u00e7\u00e3o de An\u00fancio - Eloh loja","description":"Criamos sua campanha no Google Ads baseada na sua palavra-chave para se divulgar\u00a0na rede de pesquisa do Google.","robots":{"index":"index","follow":"follow","max-snippet":"max-snippet:-1","max-image-preview":"max-image-preview:large","max-video-preview":"max-video-preview:-1"},"canonical":"https:\/\/eloh.com.br\/loja\/product\/google-ads-configuracao-de-anuncio\/","og_locale":"pt_BR","og_type":"article","og_title":"Google Ads - Configura\u00e7\u00e3o de An\u00fancio - Eloh loja","og_description":"Criamos sua campanha no Google Ads baseada na sua palavra-chave para se divulgar\u00a0na rede de pesquisa do Google.","og_url":"https:\/\/eloh.com.br\/loja\/product\/google-ads-configuracao-de-anuncio\/","og_site_name":"Eloh loja","article_modified_time":"2023-05-11T17:09:26+00:00","og_image":[{"width":1350,"height":853,"url":"https:\/\/eloh.com.br\/loja\/wp-content\/uploads\/2018\/09\/Facebook-Ads-Configuracao-de-Anuncio-Vendas-Online-para-Negocios.jpg","type":"image\/jpeg"}],"twitter_card":"summary_large_image","twitter_image":"https:\/\/i0.wp.com\/eloh.com.br\/loja\/wp-content\/uploads\/2018\/09\/Facebook-Ads-Configuracao-de-Anuncio-Vendas-Online-para-Negocios.jpg?fit=1350%2C853&ssl=1","twitter_misc":{"Est. tempo de leitura":"1 minuto"},"schema":{"@context":"https:\/\/schema.org","@graph":[{"@type":"WebPage","@id":"https:\/\/eloh.com.br\/loja\/product\/google-ads-configuracao-de-anuncio\/","url":"https:\/\/eloh.com.br\/loja\/product\/google-ads-configuracao-de-anuncio\/","name":"Google Ads - Configura\u00e7\u00e3o de An\u00fancio - Eloh loja","isPartOf":{"@id":"https:\/\/eloh.com.br\/loja\/#website"},"primaryImageOfPage":{"@id":"https:\/\/eloh.com.br\/loja\/product\/google-ads-configuracao-de-anuncio\/#primaryimage"},"image":{"@id":"https:\/\/eloh.com.br\/loja\/product\/google-ads-configuracao-de-anuncio\/#primaryimage"},"thumbnailUrl":"https:\/\/i0.wp.com\/eloh.com.br\/loja\/wp-content\/uploads\/2021\/11\/google-ads-criar-anuncio.jpg?fit=1350%2C853&ssl=1","datePublished":"2021-11-17T19:12:00+00:00","dateModified":"2023-05-11T17:09:26+00:00","description":"Criamos sua campanha no Google Ads baseada na sua palavra-chave para se divulgar\u00a0na rede de pesquisa do Google.","breadcrumb":{"@id":"https:\/\/eloh.com.br\/loja\/product\/google-ads-configuracao-de-anuncio\/#breadcrumb"},"inLanguage":"pt-BR","potentialAction":[{"@type":"ReadAction","target":["https:\/\/eloh.com.br\/loja\/product\/google-ads-configuracao-de-anuncio\/"]}]},{"@type":"ImageObject","inLanguage":"pt-BR","@id":"https:\/\/eloh.com.br\/loja\/product\/google-ads-configuracao-de-anuncio\/#primaryimage","url":"https:\/\/i0.wp.com\/eloh.com.br\/loja\/wp-content\/uploads\/2021\/11\/google-ads-criar-anuncio.jpg?fit=1350%2C853&ssl=1","contentUrl":"https:\/\/i0.wp.com\/eloh.com.br\/loja\/wp-content\/uploads\/2021\/11\/google-ads-criar-anuncio.jpg?fit=1350%2C853&ssl=1","width":1350,"height":853,"caption":"Divulgue seu site, produto ou servi\u00e7o para aparecer como resultado na primeira p\u00e1gina do Google."},{"@type":"BreadcrumbList","@id":"https:\/\/eloh.com.br\/loja\/product\/google-ads-configuracao-de-anuncio\/#breadcrumb","itemListElement":[{"@type":"ListItem","position":1,"name":"In\u00edcio","item":"https:\/\/eloh.com.br\/loja\/"},{"@type":"ListItem","position":2,"name":"Produtos","item":"https:\/\/eloh.com.br\/loja\/produtos\/"},{"@type":"ListItem","position":3,"name":"Google Ads &#8211; Configura\u00e7\u00e3o de An\u00fancio"}]},{"@type":"WebSite","@id":"https:\/\/eloh.com.br\/loja\/#website","url":"https:\/\/eloh.com.br\/loja\/","name":"Eloh loja","description":"Loja de cursos, ferramentas, servi\u00e7os, sites, lojas online e tr\u00e1fego pago","publisher":{"@id":"https:\/\/eloh.com.br\/loja\/#organization"},"potentialAction":[{"@type":"SearchAction","target":{"@type":"EntryPoint","urlTemplate":"https:\/\/eloh.com.br\/loja\/?s={search_term_string}"},"query-input":{"@type":"PropertyValueSpecification","valueRequired":true,"valueName":"search_term_string"}}],"inLanguage":"pt-BR"},{"@type":"Organization","@id":"https:\/\/eloh.com.br\/loja\/#organization","name":"Eloh loja","url":"https:\/\/eloh.com.br\/loja\/","logo":{"@type":"ImageObject","inLanguage":"pt-BR","@id":"https:\/\/eloh.com.br\/loja\/#\/schema\/logo\/image\/","url":"https:\/\/i0.wp.com\/eloh.com.br\/loja\/wp-content\/uploads\/2022\/08\/cropped-logo-eloh-criacao-de-site-3.png?fit=1080%2C360&ssl=1","contentUrl":"https:\/\/i0.wp.com\/eloh.com.br\/loja\/wp-content\/uploads\/2022\/08\/cropped-logo-eloh-criacao-de-site-3.png?fit=1080%2C360&ssl=1","width":1080,"height":360,"caption":"Eloh loja"},"image":{"@id":"https:\/\/eloh.com.br\/loja\/#\/schema\/logo\/image\/"}}]}},"jetpack_sharing_enabled":true,"uagb_featured_image_src":{"full":["https:\/\/i0.wp.com\/eloh.com.br\/loja\/wp-content\/uploads\/2021\/11\/google-ads-criar-anuncio.jpg?fit=1350%2C853&ssl=1",1350,853,false],"thumbnail":["https:\/\/i0.wp.com\/eloh.com.br\/loja\/wp-content\/uploads\/2021\/11\/google-ads-criar-anuncio.jpg?resize=150%2C150&ssl=1",150,150,true],"medium":["https:\/\/i0.wp.com\/eloh.com.br\/loja\/wp-content\/uploads\/2021\/11\/google-ads-criar-anuncio.jpg?fit=300%2C190&ssl=1",300,190,true],"medium_large":["https:\/\/i0.wp.com\/eloh.com.br\/loja\/wp-content\/uploads\/2021\/11\/google-ads-criar-anuncio.jpg?fit=768%2C485&ssl=1",768,485,true],"large":["https:\/\/i0.wp.com\/eloh.com.br\/loja\/wp-content\/uploads\/2021\/11\/google-ads-criar-anuncio.jpg?fit=1024%2C647&ssl=1",1024,647,true],"1536x1536":["https:\/\/i0.wp.com\/eloh.com.br\/loja\/wp-content\/uploads\/2021\/11\/google-ads-criar-anuncio.jpg?fit=1350%2C853&ssl=1",1350,853,true],"2048x2048":["https:\/\/i0.wp.com\/eloh.com.br\/loja\/wp-content\/uploads\/2021\/11\/google-ads-criar-anuncio.jpg?fit=1350%2C853&ssl=1",1350,853,true],"woocommerce_thumbnail":["https:\/\/i0.wp.com\/eloh.com.br\/loja\/wp-content\/uploads\/2021\/11\/google-ads-criar-anuncio.jpg?resize=300%2C300&ssl=1",300,300,true],"woocommerce_single":["https:\/\/i0.wp.com\/eloh.com.br\/loja\/wp-content\/uploads\/2021\/11\/google-ads-criar-anuncio.jpg?fit=600%2C379&ssl=1",600,379,true],"woocommerce_gallery_thumbnail":["https:\/\/i0.wp.com\/eloh.com.br\/loja\/wp-content\/uploads\/2021\/11\/google-ads-criar-anuncio.jpg?resize=100%2C100&ssl=1",100,100,true]},"uagb_author_info":{"display_name":"Eloh Loja","author_link":"https:\/\/eloh.com.br\/loja\/author\/"},"uagb_comment_info":0,"uagb_excerpt":"Divulgue seu site, produto ou servi\u00e7o para aparecer como resultado na primeira p\u00e1gina do Google. &nbsp;","_links":{"self":[{"href":"https:\/\/eloh.com.br\/loja\/wp-json\/wp\/v2\/product\/1750","targetHints":{"allow":["GET"]}}],"collection":[{"href":"https:\/\/eloh.com.br\/loja\/wp-json\/wp\/v2\/product"}],"about":[{"href":"https:\/\/eloh.com.br\/loja\/wp-json\/wp\/v2\/types\/product"}],"replies":[{"embeddable":true,"href":"https:\/\/eloh.com.br\/loja\/wp-json\/wp\/v2\/comments?post=1750"}],"wp:featuredmedia":[{"embeddable":true,"href":"https:\/\/eloh.com.br\/loja\/wp-json\/wp\/v2\/media\/1751"}],"wp:attachment":[{"href":"https:\/\/eloh.com.br\/loja\/wp-json\/wp\/v2\/media?parent=1750"}],"wp:term":[{"taxonomy":"product_brand","embeddable":true,"href":"https:\/\/eloh.com.br\/loja\/wp-json\/wp\/v2\/product_brand?post=1750"},{"taxonomy":"product_cat","embeddable":true,"href":"https:\/\/eloh.com.br\/loja\/wp-json\/wp\/v2\/product_cat?post=1750"},{"taxonomy":"product_tag","embeddable":true,"href":"https:\/\/eloh.com.br\/loja\/wp-json\/wp\/v2\/product_tag?post=1750"}],"curies":[{"name":"wp","href":"https:\/\/api.w.org\/{rel}","templated":true}]}}