{"id":1753,"date":"2021-11-17T19:49:22","date_gmt":"2021-11-17T19:49:22","guid":{"rendered":"https:\/\/eloh.com.br\/loja\/?post_type=product&#038;p=1753"},"modified":"2021-12-14T21:55:59","modified_gmt":"2021-12-14T21:55:59","slug":"curso-de-google-ads-para-negocios-digitais","status":"publish","type":"product","link":"https:\/\/eloh.com.br\/loja\/product\/curso-de-google-ads-para-negocios-digitais\/","title":{"rendered":"Curso de Google Ads para Neg\u00f3cios Digitais"},"content":{"rendered":"<div id=\"elementor-tab-title-1861\" class=\"elementor-tab-title elementor-active\" tabindex=\"0\" role=\"tab\" data-tab=\"1\" aria-controls=\"elementor-tab-content-1861\" aria-expanded=\"true\" aria-selected=\"true\">Curso de Google Ads para Neg\u00f3cios Digitais, <span class=\"elementor-button-content-wrapper\"><span class=\"elementor-button-text\">ementa do curso:<\/span><\/span><\/div>\n<div tabindex=\"0\" role=\"tab\" data-tab=\"1\" aria-controls=\"elementor-tab-content-1861\" aria-expanded=\"true\" aria-selected=\"true\"><\/div>\n<div id=\"elementor-tab-content-1861\" class=\"elementor-tab-content elementor-clearfix elementor-active\" role=\"tabpanel\" data-tab=\"1\" aria-labelledby=\"elementor-tab-title-1861\">\n<ul>\n<li class=\"accordion__text hover clickable\">Introdu\u00e7\u00e3o do m\u00f3dulo<\/li>\n<li class=\"accordion__text hover clickable\">Criando conta<\/li>\n<li class=\"accordion__text hover clickable\">Minha tela esta\u0301 diferente<\/li>\n<li class=\"accordion__text hover clickable\">Configurando formas de pagamento<\/li>\n<li class=\"accordion__text hover clickable\">Configurac\u0327a\u0303o de Conversa\u0303o e Tag Global<\/li>\n<li class=\"accordion__text hover clickable\">Corresponde\u0302ncias de palavras-chave<\/li>\n<li class=\"accordion__text hover clickable\">Listas de palavras chave negativas<\/li>\n<li class=\"accordion__text hover clickable\">Vinculando Google Ads com Google Analytics<\/li>\n<li class=\"accordion__text hover clickable\">Planejador de palavras-chave<\/li>\n<li class=\"accordion__text hover clickable\">Ubersuggest e Google Trend Hot Searches<\/li>\n<li class=\"accordion__text hover clickable\">Criando primeira campanha<\/li>\n<li class=\"accordion__text hover clickable\">Inserindo listas de palavras-chave negativas<\/li>\n<li class=\"accordion__text hover clickable\">Criando campanha de teste<\/li>\n<li class=\"accordion__text hover clickable\">Extenso\u0303es de anu\u0301ncios<\/li>\n<li class=\"accordion__text hover clickable\">Termos de pesquisa \u2013 o corac\u0327a\u0303o do Google Ads<\/li>\n<li class=\"accordion__text hover clickable\">Pausando Palavras-chave<\/li>\n<li class=\"accordion__text hover clickable\">Campanha de captac\u0327a\u0303o de leads<\/li>\n<li class=\"accordion__text hover clickable\">Criando campanha de conversa\u0303o<\/li>\n<li class=\"accordion__text hover clickable\">Pu\u0301blico de exclusa\u0303o de compradores<\/li>\n<li class=\"accordion__text hover clickable\">Segmentac\u0327a\u0303o e re-segmentac\u0327a\u0303o de pu\u0301blico avanc\u0327ada<\/li>\n<li class=\"accordion__text hover clickable\">Primeiras Vendas com campanha de conversa\u0303o<\/li>\n<li class=\"accordion__text hover clickable\">Otimizac\u0327o\u0303es avanc\u0327adas<\/li>\n<li class=\"accordion__text hover clickable\">I\u0301ndice de qualidade<\/li>\n<li class=\"accordion__text hover clickable\">Estruturac\u0327a\u0303o de grupos por palavras-chave<\/li>\n<li class=\"accordion__text hover clickable\">Extenso\u0303es de imagens<\/li>\n<li class=\"accordion__text hover clickable\">Resultados das vendas e otimizac\u0327o\u0303es<\/li>\n<li class=\"accordion__text hover clickable\">Estrate\u0301gias de lance para palavras-chave<\/li>\n<li class=\"accordion__text hover clickable\">Criando campanha de remarketing com Rede de Display<\/li>\n<li class=\"accordion__text hover clickable\">Criando campanha de remarketing com Rede de Display<\/li>\n<li class=\"accordion__text hover clickable\">Excluindo compradores do Remarketing<\/li>\n<li class=\"accordion__text hover clickable\">Conclus\u00e3o do m\u00f3dulo<\/li>\n<\/ul>\n<\/div>\n","protected":false},"excerpt":{"rendered":"<p>Aprenda a gerar tr\u00e1fego e vender com Google Ads.<\/p>\n","protected":false},"featured_media":1754,"comment_status":"open","ping_status":"closed","template":"","meta":{"_uag_custom_page_level_css":"","site-sidebar-layout":"default","site-content-layout":"default","ast-main-header-display":"","ast-hfb-above-header-display":"","ast-hfb-below-header-display":"","ast-hfb-mobile-header-display":"","site-post-title":"","ast-breadcrumbs-content":"","ast-featured-img":"","footer-sml-layout":"","theme-transparent-header-meta":"default","adv-header-id-meta":"","stick-header-meta":"","header-above-stick-meta":"","header-main-stick-meta":"","header-below-stick-meta":"","_joinchat":[]},"product_brand":[],"product_cat":[93],"product_tag":[110,129],"class_list":{"0":"post-1753","1":"product","2":"type-product","3":"status-publish","4":"has-post-thumbnail","6":"product_cat-cursos","7":"product_tag-google-ads","8":"product_tag-trafego-pago","10":"first","11":"instock","12":"shipping-taxable","13":"product-type-external"},"yoast_head":"<!-- This site is optimized with the Yoast SEO plugin v27.2 - https:\/\/yoast.com\/product\/yoast-seo-wordpress\/ -->\n<title>Curso de Google Ads para Neg\u00f3cios Digitais - Eloh loja<\/title>\n<meta name=\"description\" content=\"Aprenda a gerar tr\u00e1fego e vender com Google Ads. Curso de Google Ads para Neg\u00f3cios Digitais.\" \/>\n<meta name=\"robots\" content=\"index, follow, max-snippet:-1, max-image-preview:large, max-video-preview:-1\" \/>\n<link rel=\"canonical\" href=\"https:\/\/eloh.com.br\/loja\/product\/curso-de-google-ads-para-negocios-digitais\/\" \/>\n<meta property=\"og:locale\" content=\"pt_BR\" \/>\n<meta property=\"og:type\" content=\"article\" \/>\n<meta property=\"og:title\" content=\"Curso de Google Ads para Neg\u00f3cios Digitais - Eloh loja\" \/>\n<meta property=\"og:description\" content=\"Aprenda a gerar tr\u00e1fego e vender com Google Ads. Curso de Google Ads para Neg\u00f3cios Digitais.\" \/>\n<meta property=\"og:url\" content=\"https:\/\/eloh.com.br\/loja\/product\/curso-de-google-ads-para-negocios-digitais\/\" \/>\n<meta property=\"og:site_name\" content=\"Eloh loja\" \/>\n<meta property=\"article:modified_time\" content=\"2021-12-14T21:55:59+00:00\" \/>\n<meta property=\"og:image\" content=\"https:\/\/eloh.com.br\/loja\/wp-content\/uploads\/2021\/11\/Curso-de-Google-Ads-para-Negocios-Digitais.jpg\" \/>\n\t<meta property=\"og:image:width\" content=\"1350\" \/>\n\t<meta property=\"og:image:height\" content=\"853\" \/>\n\t<meta property=\"og:image:type\" content=\"image\/jpeg\" \/>\n<meta name=\"twitter:card\" content=\"summary_large_image\" \/>\n<meta name=\"twitter:label1\" content=\"Est. tempo de leitura\" \/>\n\t<meta name=\"twitter:data1\" content=\"1 minuto\" \/>\n<script type=\"application\/ld+json\" class=\"yoast-schema-graph\">{\"@context\":\"https:\/\/schema.org\",\"@graph\":[{\"@type\":\"WebPage\",\"@id\":\"https:\/\/eloh.com.br\/loja\/product\/curso-de-google-ads-para-negocios-digitais\/\",\"url\":\"https:\/\/eloh.com.br\/loja\/product\/curso-de-google-ads-para-negocios-digitais\/\",\"name\":\"Curso de Google Ads para Neg\u00f3cios Digitais - Eloh loja\",\"isPartOf\":{\"@id\":\"https:\/\/eloh.com.br\/loja\/#website\"},\"primaryImageOfPage\":{\"@id\":\"https:\/\/eloh.com.br\/loja\/product\/curso-de-google-ads-para-negocios-digitais\/#primaryimage\"},\"image\":{\"@id\":\"https:\/\/eloh.com.br\/loja\/product\/curso-de-google-ads-para-negocios-digitais\/#primaryimage\"},\"thumbnailUrl\":\"https:\/\/i0.wp.com\/eloh.com.br\/loja\/wp-content\/uploads\/2021\/11\/Curso-de-Google-Ads-para-Negocios-Digitais.jpg?fit=1350%2C853&ssl=1\",\"datePublished\":\"2021-11-17T19:49:22+00:00\",\"dateModified\":\"2021-12-14T21:55:59+00:00\",\"description\":\"Aprenda a gerar tr\u00e1fego e vender com Google Ads. Curso de Google Ads para Neg\u00f3cios Digitais.\",\"breadcrumb\":{\"@id\":\"https:\/\/eloh.com.br\/loja\/product\/curso-de-google-ads-para-negocios-digitais\/#breadcrumb\"},\"inLanguage\":\"pt-BR\",\"potentialAction\":[{\"@type\":\"ReadAction\",\"target\":[\"https:\/\/eloh.com.br\/loja\/product\/curso-de-google-ads-para-negocios-digitais\/\"]}]},{\"@type\":\"ImageObject\",\"inLanguage\":\"pt-BR\",\"@id\":\"https:\/\/eloh.com.br\/loja\/product\/curso-de-google-ads-para-negocios-digitais\/#primaryimage\",\"url\":\"https:\/\/i0.wp.com\/eloh.com.br\/loja\/wp-content\/uploads\/2021\/11\/Curso-de-Google-Ads-para-Negocios-Digitais.jpg?fit=1350%2C853&ssl=1\",\"contentUrl\":\"https:\/\/i0.wp.com\/eloh.com.br\/loja\/wp-content\/uploads\/2021\/11\/Curso-de-Google-Ads-para-Negocios-Digitais.jpg?fit=1350%2C853&ssl=1\",\"width\":1350,\"height\":853,\"caption\":\"Aprenda a gerar tr\u00e1fego e vender com Google Ads\"},{\"@type\":\"BreadcrumbList\",\"@id\":\"https:\/\/eloh.com.br\/loja\/product\/curso-de-google-ads-para-negocios-digitais\/#breadcrumb\",\"itemListElement\":[{\"@type\":\"ListItem\",\"position\":1,\"name\":\"In\u00edcio\",\"item\":\"https:\/\/eloh.com.br\/loja\/\"},{\"@type\":\"ListItem\",\"position\":2,\"name\":\"Produtos\",\"item\":\"https:\/\/eloh.com.br\/loja\/produtos\/\"},{\"@type\":\"ListItem\",\"position\":3,\"name\":\"Curso de Google Ads para Neg\u00f3cios Digitais\"}]},{\"@type\":\"WebSite\",\"@id\":\"https:\/\/eloh.com.br\/loja\/#website\",\"url\":\"https:\/\/eloh.com.br\/loja\/\",\"name\":\"Eloh loja\",\"description\":\"Loja de cursos, ferramentas, servi\u00e7os, sites, lojas online e tr\u00e1fego pago\",\"publisher\":{\"@id\":\"https:\/\/eloh.com.br\/loja\/#organization\"},\"potentialAction\":[{\"@type\":\"SearchAction\",\"target\":{\"@type\":\"EntryPoint\",\"urlTemplate\":\"https:\/\/eloh.com.br\/loja\/?s={search_term_string}\"},\"query-input\":{\"@type\":\"PropertyValueSpecification\",\"valueRequired\":true,\"valueName\":\"search_term_string\"}}],\"inLanguage\":\"pt-BR\"},{\"@type\":\"Organization\",\"@id\":\"https:\/\/eloh.com.br\/loja\/#organization\",\"name\":\"Eloh loja\",\"url\":\"https:\/\/eloh.com.br\/loja\/\",\"logo\":{\"@type\":\"ImageObject\",\"inLanguage\":\"pt-BR\",\"@id\":\"https:\/\/eloh.com.br\/loja\/#\/schema\/logo\/image\/\",\"url\":\"https:\/\/i0.wp.com\/eloh.com.br\/loja\/wp-content\/uploads\/2022\/08\/cropped-logo-eloh-criacao-de-site-3.png?fit=1080%2C360&ssl=1\",\"contentUrl\":\"https:\/\/i0.wp.com\/eloh.com.br\/loja\/wp-content\/uploads\/2022\/08\/cropped-logo-eloh-criacao-de-site-3.png?fit=1080%2C360&ssl=1\",\"width\":1080,\"height\":360,\"caption\":\"Eloh loja\"},\"image\":{\"@id\":\"https:\/\/eloh.com.br\/loja\/#\/schema\/logo\/image\/\"}}]}<\/script>\n<!-- \/ Yoast SEO plugin. -->","yoast_head_json":{"title":"Curso de Google Ads para Neg\u00f3cios Digitais - Eloh loja","description":"Aprenda a gerar tr\u00e1fego e vender com Google Ads. Curso de Google Ads para Neg\u00f3cios Digitais.","robots":{"index":"index","follow":"follow","max-snippet":"max-snippet:-1","max-image-preview":"max-image-preview:large","max-video-preview":"max-video-preview:-1"},"canonical":"https:\/\/eloh.com.br\/loja\/product\/curso-de-google-ads-para-negocios-digitais\/","og_locale":"pt_BR","og_type":"article","og_title":"Curso de Google Ads para Neg\u00f3cios Digitais - Eloh loja","og_description":"Aprenda a gerar tr\u00e1fego e vender com Google Ads. Curso de Google Ads para Neg\u00f3cios Digitais.","og_url":"https:\/\/eloh.com.br\/loja\/product\/curso-de-google-ads-para-negocios-digitais\/","og_site_name":"Eloh loja","article_modified_time":"2021-12-14T21:55:59+00:00","og_image":[{"width":1350,"height":853,"url":"https:\/\/eloh.com.br\/loja\/wp-content\/uploads\/2021\/11\/Curso-de-Google-Ads-para-Negocios-Digitais.jpg","type":"image\/jpeg"}],"twitter_card":"summary_large_image","twitter_misc":{"Est. tempo de leitura":"1 minuto"},"schema":{"@context":"https:\/\/schema.org","@graph":[{"@type":"WebPage","@id":"https:\/\/eloh.com.br\/loja\/product\/curso-de-google-ads-para-negocios-digitais\/","url":"https:\/\/eloh.com.br\/loja\/product\/curso-de-google-ads-para-negocios-digitais\/","name":"Curso de Google Ads para Neg\u00f3cios Digitais - Eloh loja","isPartOf":{"@id":"https:\/\/eloh.com.br\/loja\/#website"},"primaryImageOfPage":{"@id":"https:\/\/eloh.com.br\/loja\/product\/curso-de-google-ads-para-negocios-digitais\/#primaryimage"},"image":{"@id":"https:\/\/eloh.com.br\/loja\/product\/curso-de-google-ads-para-negocios-digitais\/#primaryimage"},"thumbnailUrl":"https:\/\/i0.wp.com\/eloh.com.br\/loja\/wp-content\/uploads\/2021\/11\/Curso-de-Google-Ads-para-Negocios-Digitais.jpg?fit=1350%2C853&ssl=1","datePublished":"2021-11-17T19:49:22+00:00","dateModified":"2021-12-14T21:55:59+00:00","description":"Aprenda a gerar tr\u00e1fego e vender com Google Ads. Curso de Google Ads para Neg\u00f3cios Digitais.","breadcrumb":{"@id":"https:\/\/eloh.com.br\/loja\/product\/curso-de-google-ads-para-negocios-digitais\/#breadcrumb"},"inLanguage":"pt-BR","potentialAction":[{"@type":"ReadAction","target":["https:\/\/eloh.com.br\/loja\/product\/curso-de-google-ads-para-negocios-digitais\/"]}]},{"@type":"ImageObject","inLanguage":"pt-BR","@id":"https:\/\/eloh.com.br\/loja\/product\/curso-de-google-ads-para-negocios-digitais\/#primaryimage","url":"https:\/\/i0.wp.com\/eloh.com.br\/loja\/wp-content\/uploads\/2021\/11\/Curso-de-Google-Ads-para-Negocios-Digitais.jpg?fit=1350%2C853&ssl=1","contentUrl":"https:\/\/i0.wp.com\/eloh.com.br\/loja\/wp-content\/uploads\/2021\/11\/Curso-de-Google-Ads-para-Negocios-Digitais.jpg?fit=1350%2C853&ssl=1","width":1350,"height":853,"caption":"Aprenda a gerar tr\u00e1fego e vender com Google Ads"},{"@type":"BreadcrumbList","@id":"https:\/\/eloh.com.br\/loja\/product\/curso-de-google-ads-para-negocios-digitais\/#breadcrumb","itemListElement":[{"@type":"ListItem","position":1,"name":"In\u00edcio","item":"https:\/\/eloh.com.br\/loja\/"},{"@type":"ListItem","position":2,"name":"Produtos","item":"https:\/\/eloh.com.br\/loja\/produtos\/"},{"@type":"ListItem","position":3,"name":"Curso de Google Ads para Neg\u00f3cios Digitais"}]},{"@type":"WebSite","@id":"https:\/\/eloh.com.br\/loja\/#website","url":"https:\/\/eloh.com.br\/loja\/","name":"Eloh loja","description":"Loja de cursos, ferramentas, servi\u00e7os, sites, lojas online e tr\u00e1fego pago","publisher":{"@id":"https:\/\/eloh.com.br\/loja\/#organization"},"potentialAction":[{"@type":"SearchAction","target":{"@type":"EntryPoint","urlTemplate":"https:\/\/eloh.com.br\/loja\/?s={search_term_string}"},"query-input":{"@type":"PropertyValueSpecification","valueRequired":true,"valueName":"search_term_string"}}],"inLanguage":"pt-BR"},{"@type":"Organization","@id":"https:\/\/eloh.com.br\/loja\/#organization","name":"Eloh loja","url":"https:\/\/eloh.com.br\/loja\/","logo":{"@type":"ImageObject","inLanguage":"pt-BR","@id":"https:\/\/eloh.com.br\/loja\/#\/schema\/logo\/image\/","url":"https:\/\/i0.wp.com\/eloh.com.br\/loja\/wp-content\/uploads\/2022\/08\/cropped-logo-eloh-criacao-de-site-3.png?fit=1080%2C360&ssl=1","contentUrl":"https:\/\/i0.wp.com\/eloh.com.br\/loja\/wp-content\/uploads\/2022\/08\/cropped-logo-eloh-criacao-de-site-3.png?fit=1080%2C360&ssl=1","width":1080,"height":360,"caption":"Eloh loja"},"image":{"@id":"https:\/\/eloh.com.br\/loja\/#\/schema\/logo\/image\/"}}]}},"jetpack_sharing_enabled":true,"uagb_featured_image_src":{"full":["https:\/\/i0.wp.com\/eloh.com.br\/loja\/wp-content\/uploads\/2021\/11\/Curso-de-Google-Ads-para-Negocios-Digitais.jpg?fit=1350%2C853&ssl=1",1350,853,false],"thumbnail":["https:\/\/i0.wp.com\/eloh.com.br\/loja\/wp-content\/uploads\/2021\/11\/Curso-de-Google-Ads-para-Negocios-Digitais.jpg?resize=150%2C150&ssl=1",150,150,true],"medium":["https:\/\/i0.wp.com\/eloh.com.br\/loja\/wp-content\/uploads\/2021\/11\/Curso-de-Google-Ads-para-Negocios-Digitais.jpg?fit=300%2C190&ssl=1",300,190,true],"medium_large":["https:\/\/i0.wp.com\/eloh.com.br\/loja\/wp-content\/uploads\/2021\/11\/Curso-de-Google-Ads-para-Negocios-Digitais.jpg?fit=768%2C485&ssl=1",768,485,true],"large":["https:\/\/i0.wp.com\/eloh.com.br\/loja\/wp-content\/uploads\/2021\/11\/Curso-de-Google-Ads-para-Negocios-Digitais.jpg?fit=1024%2C647&ssl=1",1024,647,true],"1536x1536":["https:\/\/i0.wp.com\/eloh.com.br\/loja\/wp-content\/uploads\/2021\/11\/Curso-de-Google-Ads-para-Negocios-Digitais.jpg?fit=1350%2C853&ssl=1",1350,853,true],"2048x2048":["https:\/\/i0.wp.com\/eloh.com.br\/loja\/wp-content\/uploads\/2021\/11\/Curso-de-Google-Ads-para-Negocios-Digitais.jpg?fit=1350%2C853&ssl=1",1350,853,true],"woocommerce_thumbnail":["https:\/\/i0.wp.com\/eloh.com.br\/loja\/wp-content\/uploads\/2021\/11\/Curso-de-Google-Ads-para-Negocios-Digitais.jpg?resize=300%2C300&ssl=1",300,300,true],"woocommerce_single":["https:\/\/i0.wp.com\/eloh.com.br\/loja\/wp-content\/uploads\/2021\/11\/Curso-de-Google-Ads-para-Negocios-Digitais.jpg?fit=600%2C379&ssl=1",600,379,true],"woocommerce_gallery_thumbnail":["https:\/\/i0.wp.com\/eloh.com.br\/loja\/wp-content\/uploads\/2021\/11\/Curso-de-Google-Ads-para-Negocios-Digitais.jpg?resize=100%2C100&ssl=1",100,100,true]},"uagb_author_info":{"display_name":"Eloh Loja","author_link":"https:\/\/eloh.com.br\/loja\/author\/"},"uagb_comment_info":0,"uagb_excerpt":"Aprenda a gerar tr\u00e1fego e vender com Google Ads.","_links":{"self":[{"href":"https:\/\/eloh.com.br\/loja\/wp-json\/wp\/v2\/product\/1753","targetHints":{"allow":["GET"]}}],"collection":[{"href":"https:\/\/eloh.com.br\/loja\/wp-json\/wp\/v2\/product"}],"about":[{"href":"https:\/\/eloh.com.br\/loja\/wp-json\/wp\/v2\/types\/product"}],"replies":[{"embeddable":true,"href":"https:\/\/eloh.com.br\/loja\/wp-json\/wp\/v2\/comments?post=1753"}],"wp:featuredmedia":[{"embeddable":true,"href":"https:\/\/eloh.com.br\/loja\/wp-json\/wp\/v2\/media\/1754"}],"wp:attachment":[{"href":"https:\/\/eloh.com.br\/loja\/wp-json\/wp\/v2\/media?parent=1753"}],"wp:term":[{"taxonomy":"product_brand","embeddable":true,"href":"https:\/\/eloh.com.br\/loja\/wp-json\/wp\/v2\/product_brand?post=1753"},{"taxonomy":"product_cat","embeddable":true,"href":"https:\/\/eloh.com.br\/loja\/wp-json\/wp\/v2\/product_cat?post=1753"},{"taxonomy":"product_tag","embeddable":true,"href":"https:\/\/eloh.com.br\/loja\/wp-json\/wp\/v2\/product_tag?post=1753"}],"curies":[{"name":"wp","href":"https:\/\/api.w.org\/{rel}","templated":true}]}}