{"id":1788,"date":"2021-11-18T20:37:59","date_gmt":"2021-11-18T20:37:59","guid":{"rendered":"https:\/\/eloh.com.br\/loja\/?post_type=product&#038;p=1788"},"modified":"2021-11-18T20:56:57","modified_gmt":"2021-11-18T20:56:57","slug":"hostgator-para-hospedar-seu-site","status":"publish","type":"product","link":"https:\/\/eloh.com.br\/loja\/product\/hostgator-para-hospedar-seu-site\/","title":{"rendered":"Hostgator para hospedar seu Site"},"content":{"rendered":"<p>A Hostgator \u00e9 uma das melhores empresas do mundo para hospedagem de p\u00e1ginas online, fundada nos Estados Unidos e muito popular no Brasil, no pa\u00eds desde 2007, a plataforma oferece registro de dom\u00ednios, permite cria\u00e7\u00e3o de sites gerais e lojas virtuais, e em com suporte a gerenciadores de conte\u00fado como <a href=\"https:\/\/eloh.com.br\/loja\/product-tag\/wordpress\/\">WordPress<\/a>, Joomla e Drupal.<\/p>\n<p><a href=\"https:\/\/www.hostgator.com.br\/37180.html\">COMPRAR FERRAMENTA<\/a><\/p>\n<p>__________________________<\/p>\n<p>&nbsp;<\/p>\n<h2 class=\"content-head__subtitle\"><\/h2>\n","protected":false},"excerpt":{"rendered":"<p>HostGator \u00e9 um servi\u00e7o de hospedagem, cria\u00e7\u00e3o e gerenciamento de sites, loja online e e-mail personalizado.<\/p>\n","protected":false},"featured_media":1795,"comment_status":"open","ping_status":"closed","template":"","meta":{"_uag_custom_page_level_css":"","site-sidebar-layout":"default","site-content-layout":"default","ast-main-header-display":"","ast-hfb-above-header-display":"","ast-hfb-below-header-display":"","ast-hfb-mobile-header-display":"","site-post-title":"","ast-breadcrumbs-content":"","ast-featured-img":"","footer-sml-layout":"","theme-transparent-header-meta":"default","adv-header-id-meta":"","stick-header-meta":"","header-above-stick-meta":"","header-main-stick-meta":"","header-below-stick-meta":"","_joinchat":[]},"product_brand":[],"product_cat":[91],"product_tag":[84],"class_list":{"0":"post-1788","1":"product","2":"type-product","3":"status-publish","4":"has-post-thumbnail","6":"product_cat-ferramentas","7":"product_tag-hostgator","9":"first","10":"instock","11":"sale","12":"shipping-taxable","13":"product-type-external"},"yoast_head":"<!-- This site is optimized with the Yoast SEO plugin v27.2 - https:\/\/yoast.com\/product\/yoast-seo-wordpress\/ -->\n<title>Hostgator para hospedar seu Site - Eloh loja<\/title>\n<meta name=\"description\" content=\"HostGator \u00e9 um servi\u00e7o de hospedagem, cria\u00e7\u00e3o e gerenciamento de sites, loja online e e-mail personalizado.\" \/>\n<meta name=\"robots\" content=\"index, follow, max-snippet:-1, max-image-preview:large, max-video-preview:-1\" \/>\n<link rel=\"canonical\" href=\"https:\/\/eloh.com.br\/loja\/product\/hostgator-para-hospedar-seu-site\/\" \/>\n<meta property=\"og:locale\" content=\"pt_BR\" \/>\n<meta property=\"og:type\" content=\"article\" \/>\n<meta property=\"og:title\" content=\"Hostgator para hospedar seu Site - Eloh loja\" \/>\n<meta property=\"og:description\" content=\"HostGator \u00e9 um servi\u00e7o de hospedagem, cria\u00e7\u00e3o e gerenciamento de sites, loja online e e-mail personalizado.\" \/>\n<meta property=\"og:url\" content=\"https:\/\/eloh.com.br\/loja\/product\/hostgator-para-hospedar-seu-site\/\" \/>\n<meta property=\"og:site_name\" content=\"Eloh loja\" \/>\n<meta property=\"article:modified_time\" content=\"2021-11-18T20:56:57+00:00\" \/>\n<meta property=\"og:image\" content=\"https:\/\/eloh.com.br\/loja\/wp-content\/uploads\/2021\/11\/hostgator-para-hospedar-sites-5.jpg\" \/>\n\t<meta property=\"og:image:width\" content=\"1350\" \/>\n\t<meta property=\"og:image:height\" content=\"853\" \/>\n\t<meta property=\"og:image:type\" content=\"image\/jpeg\" \/>\n<meta name=\"twitter:card\" content=\"summary_large_image\" \/>\n<meta name=\"twitter:label1\" content=\"Est. tempo de leitura\" \/>\n\t<meta name=\"twitter:data1\" content=\"1 minuto\" \/>\n<script type=\"application\/ld+json\" class=\"yoast-schema-graph\">{\"@context\":\"https:\/\/schema.org\",\"@graph\":[{\"@type\":\"WebPage\",\"@id\":\"https:\/\/eloh.com.br\/loja\/product\/hostgator-para-hospedar-seu-site\/\",\"url\":\"https:\/\/eloh.com.br\/loja\/product\/hostgator-para-hospedar-seu-site\/\",\"name\":\"Hostgator para hospedar seu Site - Eloh loja\",\"isPartOf\":{\"@id\":\"https:\/\/eloh.com.br\/loja\/#website\"},\"primaryImageOfPage\":{\"@id\":\"https:\/\/eloh.com.br\/loja\/product\/hostgator-para-hospedar-seu-site\/#primaryimage\"},\"image\":{\"@id\":\"https:\/\/eloh.com.br\/loja\/product\/hostgator-para-hospedar-seu-site\/#primaryimage\"},\"thumbnailUrl\":\"https:\/\/i0.wp.com\/eloh.com.br\/loja\/wp-content\/uploads\/2021\/11\/hostgator-para-hospedar-sites-5.jpg?fit=1350%2C853&ssl=1\",\"datePublished\":\"2021-11-18T20:37:59+00:00\",\"dateModified\":\"2021-11-18T20:56:57+00:00\",\"description\":\"HostGator \u00e9 um servi\u00e7o de hospedagem, cria\u00e7\u00e3o e gerenciamento de sites, loja online e e-mail personalizado.\",\"breadcrumb\":{\"@id\":\"https:\/\/eloh.com.br\/loja\/product\/hostgator-para-hospedar-seu-site\/#breadcrumb\"},\"inLanguage\":\"pt-BR\",\"potentialAction\":[{\"@type\":\"ReadAction\",\"target\":[\"https:\/\/eloh.com.br\/loja\/product\/hostgator-para-hospedar-seu-site\/\"]}]},{\"@type\":\"ImageObject\",\"inLanguage\":\"pt-BR\",\"@id\":\"https:\/\/eloh.com.br\/loja\/product\/hostgator-para-hospedar-seu-site\/#primaryimage\",\"url\":\"https:\/\/i0.wp.com\/eloh.com.br\/loja\/wp-content\/uploads\/2021\/11\/hostgator-para-hospedar-sites-5.jpg?fit=1350%2C853&ssl=1\",\"contentUrl\":\"https:\/\/i0.wp.com\/eloh.com.br\/loja\/wp-content\/uploads\/2021\/11\/hostgator-para-hospedar-sites-5.jpg?fit=1350%2C853&ssl=1\",\"width\":1350,\"height\":853,\"caption\":\"A Hostgator \u00e9 uma das melhores empresas do mundo para hospedagem de p\u00e1ginas online, fundada nos Estados Unidos e muito popular no Brasil\"},{\"@type\":\"BreadcrumbList\",\"@id\":\"https:\/\/eloh.com.br\/loja\/product\/hostgator-para-hospedar-seu-site\/#breadcrumb\",\"itemListElement\":[{\"@type\":\"ListItem\",\"position\":1,\"name\":\"In\u00edcio\",\"item\":\"https:\/\/eloh.com.br\/loja\/\"},{\"@type\":\"ListItem\",\"position\":2,\"name\":\"Produtos\",\"item\":\"https:\/\/eloh.com.br\/loja\/produtos\/\"},{\"@type\":\"ListItem\",\"position\":3,\"name\":\"Hostgator para hospedar seu Site\"}]},{\"@type\":\"WebSite\",\"@id\":\"https:\/\/eloh.com.br\/loja\/#website\",\"url\":\"https:\/\/eloh.com.br\/loja\/\",\"name\":\"Eloh loja\",\"description\":\"Loja de cursos, ferramentas, servi\u00e7os, sites, lojas online e tr\u00e1fego pago\",\"publisher\":{\"@id\":\"https:\/\/eloh.com.br\/loja\/#organization\"},\"potentialAction\":[{\"@type\":\"SearchAction\",\"target\":{\"@type\":\"EntryPoint\",\"urlTemplate\":\"https:\/\/eloh.com.br\/loja\/?s={search_term_string}\"},\"query-input\":{\"@type\":\"PropertyValueSpecification\",\"valueRequired\":true,\"valueName\":\"search_term_string\"}}],\"inLanguage\":\"pt-BR\"},{\"@type\":\"Organization\",\"@id\":\"https:\/\/eloh.com.br\/loja\/#organization\",\"name\":\"Eloh loja\",\"url\":\"https:\/\/eloh.com.br\/loja\/\",\"logo\":{\"@type\":\"ImageObject\",\"inLanguage\":\"pt-BR\",\"@id\":\"https:\/\/eloh.com.br\/loja\/#\/schema\/logo\/image\/\",\"url\":\"https:\/\/i0.wp.com\/eloh.com.br\/loja\/wp-content\/uploads\/2022\/08\/cropped-logo-eloh-criacao-de-site-3.png?fit=1080%2C360&ssl=1\",\"contentUrl\":\"https:\/\/i0.wp.com\/eloh.com.br\/loja\/wp-content\/uploads\/2022\/08\/cropped-logo-eloh-criacao-de-site-3.png?fit=1080%2C360&ssl=1\",\"width\":1080,\"height\":360,\"caption\":\"Eloh loja\"},\"image\":{\"@id\":\"https:\/\/eloh.com.br\/loja\/#\/schema\/logo\/image\/\"}}]}<\/script>\n<!-- \/ Yoast SEO plugin. -->","yoast_head_json":{"title":"Hostgator para hospedar seu Site - Eloh loja","description":"HostGator \u00e9 um servi\u00e7o de hospedagem, cria\u00e7\u00e3o e gerenciamento de sites, loja online e e-mail personalizado.","robots":{"index":"index","follow":"follow","max-snippet":"max-snippet:-1","max-image-preview":"max-image-preview:large","max-video-preview":"max-video-preview:-1"},"canonical":"https:\/\/eloh.com.br\/loja\/product\/hostgator-para-hospedar-seu-site\/","og_locale":"pt_BR","og_type":"article","og_title":"Hostgator para hospedar seu Site - Eloh loja","og_description":"HostGator \u00e9 um servi\u00e7o de hospedagem, cria\u00e7\u00e3o e gerenciamento de sites, loja online e e-mail personalizado.","og_url":"https:\/\/eloh.com.br\/loja\/product\/hostgator-para-hospedar-seu-site\/","og_site_name":"Eloh loja","article_modified_time":"2021-11-18T20:56:57+00:00","og_image":[{"width":1350,"height":853,"url":"https:\/\/eloh.com.br\/loja\/wp-content\/uploads\/2021\/11\/hostgator-para-hospedar-sites-5.jpg","type":"image\/jpeg"}],"twitter_card":"summary_large_image","twitter_misc":{"Est. tempo de leitura":"1 minuto"},"schema":{"@context":"https:\/\/schema.org","@graph":[{"@type":"WebPage","@id":"https:\/\/eloh.com.br\/loja\/product\/hostgator-para-hospedar-seu-site\/","url":"https:\/\/eloh.com.br\/loja\/product\/hostgator-para-hospedar-seu-site\/","name":"Hostgator para hospedar seu Site - Eloh loja","isPartOf":{"@id":"https:\/\/eloh.com.br\/loja\/#website"},"primaryImageOfPage":{"@id":"https:\/\/eloh.com.br\/loja\/product\/hostgator-para-hospedar-seu-site\/#primaryimage"},"image":{"@id":"https:\/\/eloh.com.br\/loja\/product\/hostgator-para-hospedar-seu-site\/#primaryimage"},"thumbnailUrl":"https:\/\/i0.wp.com\/eloh.com.br\/loja\/wp-content\/uploads\/2021\/11\/hostgator-para-hospedar-sites-5.jpg?fit=1350%2C853&ssl=1","datePublished":"2021-11-18T20:37:59+00:00","dateModified":"2021-11-18T20:56:57+00:00","description":"HostGator \u00e9 um servi\u00e7o de hospedagem, cria\u00e7\u00e3o e gerenciamento de sites, loja online e e-mail personalizado.","breadcrumb":{"@id":"https:\/\/eloh.com.br\/loja\/product\/hostgator-para-hospedar-seu-site\/#breadcrumb"},"inLanguage":"pt-BR","potentialAction":[{"@type":"ReadAction","target":["https:\/\/eloh.com.br\/loja\/product\/hostgator-para-hospedar-seu-site\/"]}]},{"@type":"ImageObject","inLanguage":"pt-BR","@id":"https:\/\/eloh.com.br\/loja\/product\/hostgator-para-hospedar-seu-site\/#primaryimage","url":"https:\/\/i0.wp.com\/eloh.com.br\/loja\/wp-content\/uploads\/2021\/11\/hostgator-para-hospedar-sites-5.jpg?fit=1350%2C853&ssl=1","contentUrl":"https:\/\/i0.wp.com\/eloh.com.br\/loja\/wp-content\/uploads\/2021\/11\/hostgator-para-hospedar-sites-5.jpg?fit=1350%2C853&ssl=1","width":1350,"height":853,"caption":"A Hostgator \u00e9 uma das melhores empresas do mundo para hospedagem de p\u00e1ginas online, fundada nos Estados Unidos e muito popular no Brasil"},{"@type":"BreadcrumbList","@id":"https:\/\/eloh.com.br\/loja\/product\/hostgator-para-hospedar-seu-site\/#breadcrumb","itemListElement":[{"@type":"ListItem","position":1,"name":"In\u00edcio","item":"https:\/\/eloh.com.br\/loja\/"},{"@type":"ListItem","position":2,"name":"Produtos","item":"https:\/\/eloh.com.br\/loja\/produtos\/"},{"@type":"ListItem","position":3,"name":"Hostgator para hospedar seu Site"}]},{"@type":"WebSite","@id":"https:\/\/eloh.com.br\/loja\/#website","url":"https:\/\/eloh.com.br\/loja\/","name":"Eloh loja","description":"Loja de cursos, ferramentas, servi\u00e7os, sites, lojas online e tr\u00e1fego pago","publisher":{"@id":"https:\/\/eloh.com.br\/loja\/#organization"},"potentialAction":[{"@type":"SearchAction","target":{"@type":"EntryPoint","urlTemplate":"https:\/\/eloh.com.br\/loja\/?s={search_term_string}"},"query-input":{"@type":"PropertyValueSpecification","valueRequired":true,"valueName":"search_term_string"}}],"inLanguage":"pt-BR"},{"@type":"Organization","@id":"https:\/\/eloh.com.br\/loja\/#organization","name":"Eloh loja","url":"https:\/\/eloh.com.br\/loja\/","logo":{"@type":"ImageObject","inLanguage":"pt-BR","@id":"https:\/\/eloh.com.br\/loja\/#\/schema\/logo\/image\/","url":"https:\/\/i0.wp.com\/eloh.com.br\/loja\/wp-content\/uploads\/2022\/08\/cropped-logo-eloh-criacao-de-site-3.png?fit=1080%2C360&ssl=1","contentUrl":"https:\/\/i0.wp.com\/eloh.com.br\/loja\/wp-content\/uploads\/2022\/08\/cropped-logo-eloh-criacao-de-site-3.png?fit=1080%2C360&ssl=1","width":1080,"height":360,"caption":"Eloh loja"},"image":{"@id":"https:\/\/eloh.com.br\/loja\/#\/schema\/logo\/image\/"}}]}},"jetpack_sharing_enabled":true,"uagb_featured_image_src":{"full":["https:\/\/i0.wp.com\/eloh.com.br\/loja\/wp-content\/uploads\/2021\/11\/hostgator-para-hospedar-sites-5.jpg?fit=1350%2C853&ssl=1",1350,853,false],"thumbnail":["https:\/\/i0.wp.com\/eloh.com.br\/loja\/wp-content\/uploads\/2021\/11\/hostgator-para-hospedar-sites-5.jpg?resize=150%2C150&ssl=1",150,150,true],"medium":["https:\/\/i0.wp.com\/eloh.com.br\/loja\/wp-content\/uploads\/2021\/11\/hostgator-para-hospedar-sites-5.jpg?fit=300%2C190&ssl=1",300,190,true],"medium_large":["https:\/\/i0.wp.com\/eloh.com.br\/loja\/wp-content\/uploads\/2021\/11\/hostgator-para-hospedar-sites-5.jpg?fit=768%2C485&ssl=1",768,485,true],"large":["https:\/\/i0.wp.com\/eloh.com.br\/loja\/wp-content\/uploads\/2021\/11\/hostgator-para-hospedar-sites-5.jpg?fit=1024%2C647&ssl=1",1024,647,true],"1536x1536":["https:\/\/i0.wp.com\/eloh.com.br\/loja\/wp-content\/uploads\/2021\/11\/hostgator-para-hospedar-sites-5.jpg?fit=1350%2C853&ssl=1",1350,853,true],"2048x2048":["https:\/\/i0.wp.com\/eloh.com.br\/loja\/wp-content\/uploads\/2021\/11\/hostgator-para-hospedar-sites-5.jpg?fit=1350%2C853&ssl=1",1350,853,true],"woocommerce_thumbnail":["https:\/\/i0.wp.com\/eloh.com.br\/loja\/wp-content\/uploads\/2021\/11\/hostgator-para-hospedar-sites-5.jpg?resize=300%2C300&ssl=1",300,300,true],"woocommerce_single":["https:\/\/i0.wp.com\/eloh.com.br\/loja\/wp-content\/uploads\/2021\/11\/hostgator-para-hospedar-sites-5.jpg?fit=600%2C379&ssl=1",600,379,true],"woocommerce_gallery_thumbnail":["https:\/\/i0.wp.com\/eloh.com.br\/loja\/wp-content\/uploads\/2021\/11\/hostgator-para-hospedar-sites-5.jpg?resize=100%2C100&ssl=1",100,100,true]},"uagb_author_info":{"display_name":"Eloh Loja","author_link":"https:\/\/eloh.com.br\/loja\/author\/"},"uagb_comment_info":0,"uagb_excerpt":"HostGator \u00e9 um servi\u00e7o de hospedagem, cria\u00e7\u00e3o e gerenciamento de sites, loja online e e-mail personalizado.","_links":{"self":[{"href":"https:\/\/eloh.com.br\/loja\/wp-json\/wp\/v2\/product\/1788","targetHints":{"allow":["GET"]}}],"collection":[{"href":"https:\/\/eloh.com.br\/loja\/wp-json\/wp\/v2\/product"}],"about":[{"href":"https:\/\/eloh.com.br\/loja\/wp-json\/wp\/v2\/types\/product"}],"replies":[{"embeddable":true,"href":"https:\/\/eloh.com.br\/loja\/wp-json\/wp\/v2\/comments?post=1788"}],"wp:featuredmedia":[{"embeddable":true,"href":"https:\/\/eloh.com.br\/loja\/wp-json\/wp\/v2\/media\/1795"}],"wp:attachment":[{"href":"https:\/\/eloh.com.br\/loja\/wp-json\/wp\/v2\/media?parent=1788"}],"wp:term":[{"taxonomy":"product_brand","embeddable":true,"href":"https:\/\/eloh.com.br\/loja\/wp-json\/wp\/v2\/product_brand?post=1788"},{"taxonomy":"product_cat","embeddable":true,"href":"https:\/\/eloh.com.br\/loja\/wp-json\/wp\/v2\/product_cat?post=1788"},{"taxonomy":"product_tag","embeddable":true,"href":"https:\/\/eloh.com.br\/loja\/wp-json\/wp\/v2\/product_tag?post=1788"}],"curies":[{"name":"wp","href":"https:\/\/api.w.org\/{rel}","templated":true}]}}