{"id":1797,"date":"2021-11-18T21:16:39","date_gmt":"2021-11-18T21:16:39","guid":{"rendered":"https:\/\/eloh.com.br\/loja\/?post_type=product&#038;p=1797"},"modified":"2021-11-18T21:32:51","modified_gmt":"2021-11-18T21:32:51","slug":"semrush-para-seo-e-trafego-de-busca","status":"publish","type":"product","link":"https:\/\/eloh.com.br\/loja\/product\/semrush-para-seo-e-trafego-de-busca\/","title":{"rendered":"Semrush para SEO e tr\u00e1fego de busca"},"content":{"rendered":"<p>A\u00a0Semrush\u00a0\u00e9 como uma ferramenta de pesquisa de palavras-chave, o Google Trends, Moz, Hootsuite e SimilarWeb em um s\u00f3 lugar.<\/p>\n<p>Semrush \u00e9 considerado um dos melhores softwares pagos de SEO, \u00fatil para fazer pesquisas de palavras-chave e para conduzir an\u00e1lises sobre revis\u00f5es estrat\u00e9gicas em um site.<\/p>\n<p><a href=\"https:\/\/pt.semrush.com\/features\/?ref=0351074812&amp;utm_campaign=aio_campaign&amp;utm_source=berush&amp;utm_medium=promo&amp;utm_term=183\">COMPRAR FERRAMENTA<\/a><\/p>\n<p>___________________________<\/p>\n","protected":false},"excerpt":{"rendered":"<p>O\u00a0Semrush\u00a0faz an\u00e1lise de palavras-chave, dom\u00ednio e concorrentes, auxiliando uma estrat\u00e9gia de SEO.<\/p>\n","protected":false},"featured_media":1800,"comment_status":"open","ping_status":"closed","template":"","meta":{"_uag_custom_page_level_css":"","site-sidebar-layout":"default","site-content-layout":"default","ast-main-header-display":"","ast-hfb-above-header-display":"","ast-hfb-below-header-display":"","ast-hfb-mobile-header-display":"","site-post-title":"","ast-breadcrumbs-content":"","ast-featured-img":"","footer-sml-layout":"","theme-transparent-header-meta":"default","adv-header-id-meta":"","stick-header-meta":"","header-above-stick-meta":"","header-main-stick-meta":"","header-below-stick-meta":"","_joinchat":[]},"product_brand":[],"product_cat":[91],"product_tag":[116,117],"class_list":{"0":"post-1797","1":"product","2":"type-product","3":"status-publish","4":"has-post-thumbnail","6":"product_cat-ferramentas","7":"product_tag-semrush","8":"product_tag-seo","10":"first","11":"instock","12":"shipping-taxable","13":"product-type-external"},"yoast_head":"<!-- This site is optimized with the Yoast SEO plugin v27.2 - https:\/\/yoast.com\/product\/yoast-seo-wordpress\/ -->\n<title>Semrush para SEO e tr\u00e1fego de busca - Eloh loja<\/title>\n<meta name=\"description\" content=\"O Semrush faz an\u00e1lise de palavras-chave, dom\u00ednio e concorrentes. Semrush \u00e9 considerado um dos melhores softwares pagos de SEO.\" \/>\n<meta name=\"robots\" content=\"index, follow, max-snippet:-1, max-image-preview:large, max-video-preview:-1\" \/>\n<link rel=\"canonical\" href=\"https:\/\/eloh.com.br\/loja\/product\/semrush-para-seo-e-trafego-de-busca\/\" \/>\n<meta property=\"og:locale\" content=\"pt_BR\" \/>\n<meta property=\"og:type\" content=\"article\" \/>\n<meta property=\"og:title\" content=\"Semrush para SEO e tr\u00e1fego de busca - Eloh loja\" \/>\n<meta property=\"og:description\" content=\"O Semrush faz an\u00e1lise de palavras-chave, dom\u00ednio e concorrentes. Semrush \u00e9 considerado um dos melhores softwares pagos de SEO.\" \/>\n<meta property=\"og:url\" content=\"https:\/\/eloh.com.br\/loja\/product\/semrush-para-seo-e-trafego-de-busca\/\" \/>\n<meta property=\"og:site_name\" content=\"Eloh loja\" \/>\n<meta property=\"article:modified_time\" content=\"2021-11-18T21:32:51+00:00\" \/>\n<meta property=\"og:image\" content=\"https:\/\/eloh.com.br\/loja\/wp-content\/uploads\/2021\/11\/Semrush-para-SEO-e-trafego-de-busca-1.jpg\" \/>\n\t<meta property=\"og:image:width\" content=\"1350\" \/>\n\t<meta property=\"og:image:height\" content=\"853\" \/>\n\t<meta property=\"og:image:type\" content=\"image\/jpeg\" \/>\n<meta name=\"twitter:card\" content=\"summary_large_image\" \/>\n<meta name=\"twitter:label1\" content=\"Est. tempo de leitura\" \/>\n\t<meta name=\"twitter:data1\" content=\"1 minuto\" \/>\n<script type=\"application\/ld+json\" class=\"yoast-schema-graph\">{\"@context\":\"https:\/\/schema.org\",\"@graph\":[{\"@type\":\"WebPage\",\"@id\":\"https:\/\/eloh.com.br\/loja\/product\/semrush-para-seo-e-trafego-de-busca\/\",\"url\":\"https:\/\/eloh.com.br\/loja\/product\/semrush-para-seo-e-trafego-de-busca\/\",\"name\":\"Semrush para SEO e tr\u00e1fego de busca - Eloh loja\",\"isPartOf\":{\"@id\":\"https:\/\/eloh.com.br\/loja\/#website\"},\"primaryImageOfPage\":{\"@id\":\"https:\/\/eloh.com.br\/loja\/product\/semrush-para-seo-e-trafego-de-busca\/#primaryimage\"},\"image\":{\"@id\":\"https:\/\/eloh.com.br\/loja\/product\/semrush-para-seo-e-trafego-de-busca\/#primaryimage\"},\"thumbnailUrl\":\"https:\/\/i0.wp.com\/eloh.com.br\/loja\/wp-content\/uploads\/2021\/11\/Semrush-para-SEO-e-trafego-de-busca-1.jpg?fit=1350%2C853&ssl=1\",\"datePublished\":\"2021-11-18T21:16:39+00:00\",\"dateModified\":\"2021-11-18T21:32:51+00:00\",\"description\":\"O Semrush faz an\u00e1lise de palavras-chave, dom\u00ednio e concorrentes. Semrush \u00e9 considerado um dos melhores softwares pagos de SEO.\",\"breadcrumb\":{\"@id\":\"https:\/\/eloh.com.br\/loja\/product\/semrush-para-seo-e-trafego-de-busca\/#breadcrumb\"},\"inLanguage\":\"pt-BR\",\"potentialAction\":[{\"@type\":\"ReadAction\",\"target\":[\"https:\/\/eloh.com.br\/loja\/product\/semrush-para-seo-e-trafego-de-busca\/\"]}]},{\"@type\":\"ImageObject\",\"inLanguage\":\"pt-BR\",\"@id\":\"https:\/\/eloh.com.br\/loja\/product\/semrush-para-seo-e-trafego-de-busca\/#primaryimage\",\"url\":\"https:\/\/i0.wp.com\/eloh.com.br\/loja\/wp-content\/uploads\/2021\/11\/Semrush-para-SEO-e-trafego-de-busca-1.jpg?fit=1350%2C853&ssl=1\",\"contentUrl\":\"https:\/\/i0.wp.com\/eloh.com.br\/loja\/wp-content\/uploads\/2021\/11\/Semrush-para-SEO-e-trafego-de-busca-1.jpg?fit=1350%2C853&ssl=1\",\"width\":1350,\"height\":853,\"caption\":\"Semrush \u00e9 considerado um dos melhores softwares pagos de SEO.\"},{\"@type\":\"BreadcrumbList\",\"@id\":\"https:\/\/eloh.com.br\/loja\/product\/semrush-para-seo-e-trafego-de-busca\/#breadcrumb\",\"itemListElement\":[{\"@type\":\"ListItem\",\"position\":1,\"name\":\"In\u00edcio\",\"item\":\"https:\/\/eloh.com.br\/loja\/\"},{\"@type\":\"ListItem\",\"position\":2,\"name\":\"Produtos\",\"item\":\"https:\/\/eloh.com.br\/loja\/produtos\/\"},{\"@type\":\"ListItem\",\"position\":3,\"name\":\"Semrush para SEO e tr\u00e1fego de busca\"}]},{\"@type\":\"WebSite\",\"@id\":\"https:\/\/eloh.com.br\/loja\/#website\",\"url\":\"https:\/\/eloh.com.br\/loja\/\",\"name\":\"Eloh loja\",\"description\":\"Loja de cursos, ferramentas, servi\u00e7os, sites, lojas online e tr\u00e1fego pago\",\"publisher\":{\"@id\":\"https:\/\/eloh.com.br\/loja\/#organization\"},\"potentialAction\":[{\"@type\":\"SearchAction\",\"target\":{\"@type\":\"EntryPoint\",\"urlTemplate\":\"https:\/\/eloh.com.br\/loja\/?s={search_term_string}\"},\"query-input\":{\"@type\":\"PropertyValueSpecification\",\"valueRequired\":true,\"valueName\":\"search_term_string\"}}],\"inLanguage\":\"pt-BR\"},{\"@type\":\"Organization\",\"@id\":\"https:\/\/eloh.com.br\/loja\/#organization\",\"name\":\"Eloh loja\",\"url\":\"https:\/\/eloh.com.br\/loja\/\",\"logo\":{\"@type\":\"ImageObject\",\"inLanguage\":\"pt-BR\",\"@id\":\"https:\/\/eloh.com.br\/loja\/#\/schema\/logo\/image\/\",\"url\":\"https:\/\/i0.wp.com\/eloh.com.br\/loja\/wp-content\/uploads\/2022\/08\/cropped-logo-eloh-criacao-de-site-3.png?fit=1080%2C360&ssl=1\",\"contentUrl\":\"https:\/\/i0.wp.com\/eloh.com.br\/loja\/wp-content\/uploads\/2022\/08\/cropped-logo-eloh-criacao-de-site-3.png?fit=1080%2C360&ssl=1\",\"width\":1080,\"height\":360,\"caption\":\"Eloh loja\"},\"image\":{\"@id\":\"https:\/\/eloh.com.br\/loja\/#\/schema\/logo\/image\/\"}}]}<\/script>\n<!-- \/ Yoast SEO plugin. -->","yoast_head_json":{"title":"Semrush para SEO e tr\u00e1fego de busca - Eloh loja","description":"O Semrush faz an\u00e1lise de palavras-chave, dom\u00ednio e concorrentes. Semrush \u00e9 considerado um dos melhores softwares pagos de SEO.","robots":{"index":"index","follow":"follow","max-snippet":"max-snippet:-1","max-image-preview":"max-image-preview:large","max-video-preview":"max-video-preview:-1"},"canonical":"https:\/\/eloh.com.br\/loja\/product\/semrush-para-seo-e-trafego-de-busca\/","og_locale":"pt_BR","og_type":"article","og_title":"Semrush para SEO e tr\u00e1fego de busca - Eloh loja","og_description":"O Semrush faz an\u00e1lise de palavras-chave, dom\u00ednio e concorrentes. Semrush \u00e9 considerado um dos melhores softwares pagos de SEO.","og_url":"https:\/\/eloh.com.br\/loja\/product\/semrush-para-seo-e-trafego-de-busca\/","og_site_name":"Eloh loja","article_modified_time":"2021-11-18T21:32:51+00:00","og_image":[{"width":1350,"height":853,"url":"https:\/\/eloh.com.br\/loja\/wp-content\/uploads\/2021\/11\/Semrush-para-SEO-e-trafego-de-busca-1.jpg","type":"image\/jpeg"}],"twitter_card":"summary_large_image","twitter_misc":{"Est. tempo de leitura":"1 minuto"},"schema":{"@context":"https:\/\/schema.org","@graph":[{"@type":"WebPage","@id":"https:\/\/eloh.com.br\/loja\/product\/semrush-para-seo-e-trafego-de-busca\/","url":"https:\/\/eloh.com.br\/loja\/product\/semrush-para-seo-e-trafego-de-busca\/","name":"Semrush para SEO e tr\u00e1fego de busca - Eloh loja","isPartOf":{"@id":"https:\/\/eloh.com.br\/loja\/#website"},"primaryImageOfPage":{"@id":"https:\/\/eloh.com.br\/loja\/product\/semrush-para-seo-e-trafego-de-busca\/#primaryimage"},"image":{"@id":"https:\/\/eloh.com.br\/loja\/product\/semrush-para-seo-e-trafego-de-busca\/#primaryimage"},"thumbnailUrl":"https:\/\/i0.wp.com\/eloh.com.br\/loja\/wp-content\/uploads\/2021\/11\/Semrush-para-SEO-e-trafego-de-busca-1.jpg?fit=1350%2C853&ssl=1","datePublished":"2021-11-18T21:16:39+00:00","dateModified":"2021-11-18T21:32:51+00:00","description":"O Semrush faz an\u00e1lise de palavras-chave, dom\u00ednio e concorrentes. Semrush \u00e9 considerado um dos melhores softwares pagos de SEO.","breadcrumb":{"@id":"https:\/\/eloh.com.br\/loja\/product\/semrush-para-seo-e-trafego-de-busca\/#breadcrumb"},"inLanguage":"pt-BR","potentialAction":[{"@type":"ReadAction","target":["https:\/\/eloh.com.br\/loja\/product\/semrush-para-seo-e-trafego-de-busca\/"]}]},{"@type":"ImageObject","inLanguage":"pt-BR","@id":"https:\/\/eloh.com.br\/loja\/product\/semrush-para-seo-e-trafego-de-busca\/#primaryimage","url":"https:\/\/i0.wp.com\/eloh.com.br\/loja\/wp-content\/uploads\/2021\/11\/Semrush-para-SEO-e-trafego-de-busca-1.jpg?fit=1350%2C853&ssl=1","contentUrl":"https:\/\/i0.wp.com\/eloh.com.br\/loja\/wp-content\/uploads\/2021\/11\/Semrush-para-SEO-e-trafego-de-busca-1.jpg?fit=1350%2C853&ssl=1","width":1350,"height":853,"caption":"Semrush \u00e9 considerado um dos melhores softwares pagos de SEO."},{"@type":"BreadcrumbList","@id":"https:\/\/eloh.com.br\/loja\/product\/semrush-para-seo-e-trafego-de-busca\/#breadcrumb","itemListElement":[{"@type":"ListItem","position":1,"name":"In\u00edcio","item":"https:\/\/eloh.com.br\/loja\/"},{"@type":"ListItem","position":2,"name":"Produtos","item":"https:\/\/eloh.com.br\/loja\/produtos\/"},{"@type":"ListItem","position":3,"name":"Semrush para SEO e tr\u00e1fego de busca"}]},{"@type":"WebSite","@id":"https:\/\/eloh.com.br\/loja\/#website","url":"https:\/\/eloh.com.br\/loja\/","name":"Eloh loja","description":"Loja de cursos, ferramentas, servi\u00e7os, sites, lojas online e tr\u00e1fego pago","publisher":{"@id":"https:\/\/eloh.com.br\/loja\/#organization"},"potentialAction":[{"@type":"SearchAction","target":{"@type":"EntryPoint","urlTemplate":"https:\/\/eloh.com.br\/loja\/?s={search_term_string}"},"query-input":{"@type":"PropertyValueSpecification","valueRequired":true,"valueName":"search_term_string"}}],"inLanguage":"pt-BR"},{"@type":"Organization","@id":"https:\/\/eloh.com.br\/loja\/#organization","name":"Eloh loja","url":"https:\/\/eloh.com.br\/loja\/","logo":{"@type":"ImageObject","inLanguage":"pt-BR","@id":"https:\/\/eloh.com.br\/loja\/#\/schema\/logo\/image\/","url":"https:\/\/i0.wp.com\/eloh.com.br\/loja\/wp-content\/uploads\/2022\/08\/cropped-logo-eloh-criacao-de-site-3.png?fit=1080%2C360&ssl=1","contentUrl":"https:\/\/i0.wp.com\/eloh.com.br\/loja\/wp-content\/uploads\/2022\/08\/cropped-logo-eloh-criacao-de-site-3.png?fit=1080%2C360&ssl=1","width":1080,"height":360,"caption":"Eloh loja"},"image":{"@id":"https:\/\/eloh.com.br\/loja\/#\/schema\/logo\/image\/"}}]}},"jetpack_sharing_enabled":true,"uagb_featured_image_src":{"full":["https:\/\/i0.wp.com\/eloh.com.br\/loja\/wp-content\/uploads\/2021\/11\/Semrush-para-SEO-e-trafego-de-busca-1.jpg?fit=1350%2C853&ssl=1",1350,853,false],"thumbnail":["https:\/\/i0.wp.com\/eloh.com.br\/loja\/wp-content\/uploads\/2021\/11\/Semrush-para-SEO-e-trafego-de-busca-1.jpg?resize=150%2C150&ssl=1",150,150,true],"medium":["https:\/\/i0.wp.com\/eloh.com.br\/loja\/wp-content\/uploads\/2021\/11\/Semrush-para-SEO-e-trafego-de-busca-1.jpg?fit=300%2C190&ssl=1",300,190,true],"medium_large":["https:\/\/i0.wp.com\/eloh.com.br\/loja\/wp-content\/uploads\/2021\/11\/Semrush-para-SEO-e-trafego-de-busca-1.jpg?fit=768%2C485&ssl=1",768,485,true],"large":["https:\/\/i0.wp.com\/eloh.com.br\/loja\/wp-content\/uploads\/2021\/11\/Semrush-para-SEO-e-trafego-de-busca-1.jpg?fit=1024%2C647&ssl=1",1024,647,true],"1536x1536":["https:\/\/i0.wp.com\/eloh.com.br\/loja\/wp-content\/uploads\/2021\/11\/Semrush-para-SEO-e-trafego-de-busca-1.jpg?fit=1350%2C853&ssl=1",1350,853,true],"2048x2048":["https:\/\/i0.wp.com\/eloh.com.br\/loja\/wp-content\/uploads\/2021\/11\/Semrush-para-SEO-e-trafego-de-busca-1.jpg?fit=1350%2C853&ssl=1",1350,853,true],"woocommerce_thumbnail":["https:\/\/i0.wp.com\/eloh.com.br\/loja\/wp-content\/uploads\/2021\/11\/Semrush-para-SEO-e-trafego-de-busca-1.jpg?resize=300%2C300&ssl=1",300,300,true],"woocommerce_single":["https:\/\/i0.wp.com\/eloh.com.br\/loja\/wp-content\/uploads\/2021\/11\/Semrush-para-SEO-e-trafego-de-busca-1.jpg?fit=600%2C379&ssl=1",600,379,true],"woocommerce_gallery_thumbnail":["https:\/\/i0.wp.com\/eloh.com.br\/loja\/wp-content\/uploads\/2021\/11\/Semrush-para-SEO-e-trafego-de-busca-1.jpg?resize=100%2C100&ssl=1",100,100,true]},"uagb_author_info":{"display_name":"Eloh Loja","author_link":"https:\/\/eloh.com.br\/loja\/author\/"},"uagb_comment_info":0,"uagb_excerpt":"O\u00a0Semrush\u00a0faz an\u00e1lise de palavras-chave, dom\u00ednio e concorrentes, auxiliando uma estrat\u00e9gia de SEO.","_links":{"self":[{"href":"https:\/\/eloh.com.br\/loja\/wp-json\/wp\/v2\/product\/1797","targetHints":{"allow":["GET"]}}],"collection":[{"href":"https:\/\/eloh.com.br\/loja\/wp-json\/wp\/v2\/product"}],"about":[{"href":"https:\/\/eloh.com.br\/loja\/wp-json\/wp\/v2\/types\/product"}],"replies":[{"embeddable":true,"href":"https:\/\/eloh.com.br\/loja\/wp-json\/wp\/v2\/comments?post=1797"}],"wp:featuredmedia":[{"embeddable":true,"href":"https:\/\/eloh.com.br\/loja\/wp-json\/wp\/v2\/media\/1800"}],"wp:attachment":[{"href":"https:\/\/eloh.com.br\/loja\/wp-json\/wp\/v2\/media?parent=1797"}],"wp:term":[{"taxonomy":"product_brand","embeddable":true,"href":"https:\/\/eloh.com.br\/loja\/wp-json\/wp\/v2\/product_brand?post=1797"},{"taxonomy":"product_cat","embeddable":true,"href":"https:\/\/eloh.com.br\/loja\/wp-json\/wp\/v2\/product_cat?post=1797"},{"taxonomy":"product_tag","embeddable":true,"href":"https:\/\/eloh.com.br\/loja\/wp-json\/wp\/v2\/product_tag?post=1797"}],"curies":[{"name":"wp","href":"https:\/\/api.w.org\/{rel}","templated":true}]}}