{"id":1915,"date":"2021-11-19T03:30:44","date_gmt":"2021-11-19T03:30:44","guid":{"rendered":"https:\/\/eloh.com.br\/loja\/?post_type=product&#038;p=1915"},"modified":"2021-11-19T03:53:29","modified_gmt":"2021-11-19T03:53:29","slug":"mercado-pago-para-receber-suas-vendas-online","status":"publish","type":"product","link":"https:\/\/eloh.com.br\/loja\/product\/mercado-pago-para-receber-suas-vendas-online\/","title":{"rendered":"Mercado Pago para receber suas vendas online"},"content":{"rendered":"<p>O\u00a0Mercado Pago\u00a0\u00e9 a carteira digital do Mercado Livre. Ele funciona gerenciando suas vendas no site de e-commerce e voc\u00ea pode utilizar o seu saldo para realizar compras em diversas lojas ou adquirir servi\u00e7os variados como recargas de celular e bilhetes de transporte.<\/p>\n<p>Com links de pagamento do Mercado Pago, voc\u00ea vende online e recebe seu dinheiro na hora com seguran\u00e7a.<\/p>\n<h2>Vender e receber dinheiro online nunca foi t\u00e3o pr\u00e1tico<\/h2>\n<p>&nbsp;<\/p>\n<p>Aceite boleto parcelado. Cobran\u00e7as Seguras. Aceite cart\u00e3o de cr\u00e9dito. Cart\u00e3o virtual da Caixa.<\/p>\n<p><a href=\"https:\/\/mpago.li\/2BbtkqL\">Crie seu primeiro link agora! <\/a><\/p>\n<p>&nbsp;<\/p>\n<p>&nbsp;<\/p>\n","protected":false},"excerpt":{"rendered":"<p>Com links de pagamento do Mercado Pago, voc\u00ea vende online e recebe seu dinheiro na hora com seguran\u00e7a.<\/p>\n<h2><\/h2>\n","protected":false},"featured_media":1917,"comment_status":"open","ping_status":"closed","template":"","meta":{"_uag_custom_page_level_css":"","site-sidebar-layout":"default","site-content-layout":"default","ast-main-header-display":"","ast-hfb-above-header-display":"","ast-hfb-below-header-display":"","ast-hfb-mobile-header-display":"","site-post-title":"","ast-breadcrumbs-content":"","ast-featured-img":"","footer-sml-layout":"","theme-transparent-header-meta":"default","adv-header-id-meta":"","stick-header-meta":"","header-above-stick-meta":"","header-main-stick-meta":"","header-below-stick-meta":"","_joinchat":[]},"product_brand":[],"product_cat":[91],"product_tag":[119],"class_list":{"0":"post-1915","1":"product","2":"type-product","3":"status-publish","4":"has-post-thumbnail","6":"product_cat-ferramentas","7":"product_tag-mercado-pago","9":"first","10":"instock","11":"shipping-taxable","12":"product-type-external"},"yoast_head":"<!-- This site is optimized with the Yoast SEO plugin v27.2 - https:\/\/yoast.com\/product\/yoast-seo-wordpress\/ -->\n<title>Mercado Pago para receber suas vendas online - Eloh loja<\/title>\n<meta name=\"description\" content=\"Vender e receber dinheiro online nunca foi t\u00e3o pr\u00e1tico, com Mercado Pago, voc\u00ea vende online e recebe seu dinheiro na hora com seguran\u00e7a.\" \/>\n<meta name=\"robots\" content=\"index, follow, max-snippet:-1, max-image-preview:large, max-video-preview:-1\" \/>\n<link rel=\"canonical\" href=\"https:\/\/eloh.com.br\/loja\/product\/mercado-pago-para-receber-suas-vendas-online\/\" \/>\n<meta property=\"og:locale\" content=\"pt_BR\" \/>\n<meta property=\"og:type\" content=\"article\" \/>\n<meta property=\"og:title\" content=\"Mercado Pago para receber suas vendas online - Eloh loja\" \/>\n<meta property=\"og:description\" content=\"Vender e receber dinheiro online nunca foi t\u00e3o pr\u00e1tico, com Mercado Pago, voc\u00ea vende online e recebe seu dinheiro na hora com seguran\u00e7a.\" \/>\n<meta property=\"og:url\" content=\"https:\/\/eloh.com.br\/loja\/product\/mercado-pago-para-receber-suas-vendas-online\/\" \/>\n<meta property=\"og:site_name\" content=\"Eloh loja\" \/>\n<meta property=\"article:modified_time\" content=\"2021-11-19T03:53:29+00:00\" \/>\n<meta property=\"og:image\" content=\"https:\/\/eloh.com.br\/loja\/wp-content\/uploads\/2021\/11\/Mercado-Pago-para-receber-suas-vendas-online-1.jpg\" \/>\n\t<meta property=\"og:image:width\" content=\"1350\" \/>\n\t<meta property=\"og:image:height\" content=\"853\" \/>\n\t<meta property=\"og:image:type\" content=\"image\/jpeg\" \/>\n<meta name=\"twitter:card\" content=\"summary_large_image\" \/>\n<meta name=\"twitter:label1\" content=\"Est. tempo de leitura\" \/>\n\t<meta name=\"twitter:data1\" content=\"1 minuto\" \/>\n<script type=\"application\/ld+json\" class=\"yoast-schema-graph\">{\"@context\":\"https:\/\/schema.org\",\"@graph\":[{\"@type\":\"WebPage\",\"@id\":\"https:\/\/eloh.com.br\/loja\/product\/mercado-pago-para-receber-suas-vendas-online\/\",\"url\":\"https:\/\/eloh.com.br\/loja\/product\/mercado-pago-para-receber-suas-vendas-online\/\",\"name\":\"Mercado Pago para receber suas vendas online - Eloh loja\",\"isPartOf\":{\"@id\":\"https:\/\/eloh.com.br\/loja\/#website\"},\"primaryImageOfPage\":{\"@id\":\"https:\/\/eloh.com.br\/loja\/product\/mercado-pago-para-receber-suas-vendas-online\/#primaryimage\"},\"image\":{\"@id\":\"https:\/\/eloh.com.br\/loja\/product\/mercado-pago-para-receber-suas-vendas-online\/#primaryimage\"},\"thumbnailUrl\":\"https:\/\/i0.wp.com\/eloh.com.br\/loja\/wp-content\/uploads\/2021\/11\/Mercado-Pago-para-receber-suas-vendas-online-1.jpg?fit=1350%2C853&ssl=1\",\"datePublished\":\"2021-11-19T03:30:44+00:00\",\"dateModified\":\"2021-11-19T03:53:29+00:00\",\"description\":\"Vender e receber dinheiro online nunca foi t\u00e3o pr\u00e1tico, com Mercado Pago, voc\u00ea vende online e recebe seu dinheiro na hora com seguran\u00e7a.\",\"breadcrumb\":{\"@id\":\"https:\/\/eloh.com.br\/loja\/product\/mercado-pago-para-receber-suas-vendas-online\/#breadcrumb\"},\"inLanguage\":\"pt-BR\",\"potentialAction\":[{\"@type\":\"ReadAction\",\"target\":[\"https:\/\/eloh.com.br\/loja\/product\/mercado-pago-para-receber-suas-vendas-online\/\"]}]},{\"@type\":\"ImageObject\",\"inLanguage\":\"pt-BR\",\"@id\":\"https:\/\/eloh.com.br\/loja\/product\/mercado-pago-para-receber-suas-vendas-online\/#primaryimage\",\"url\":\"https:\/\/i0.wp.com\/eloh.com.br\/loja\/wp-content\/uploads\/2021\/11\/Mercado-Pago-para-receber-suas-vendas-online-1.jpg?fit=1350%2C853&ssl=1\",\"contentUrl\":\"https:\/\/i0.wp.com\/eloh.com.br\/loja\/wp-content\/uploads\/2021\/11\/Mercado-Pago-para-receber-suas-vendas-online-1.jpg?fit=1350%2C853&ssl=1\",\"width\":1350,\"height\":853,\"caption\":\"Com links de pagamento do Mercado Pago, voc\u00ea vende online e recebe seu dinheiro na hora com seguran\u00e7a.\"},{\"@type\":\"BreadcrumbList\",\"@id\":\"https:\/\/eloh.com.br\/loja\/product\/mercado-pago-para-receber-suas-vendas-online\/#breadcrumb\",\"itemListElement\":[{\"@type\":\"ListItem\",\"position\":1,\"name\":\"In\u00edcio\",\"item\":\"https:\/\/eloh.com.br\/loja\/\"},{\"@type\":\"ListItem\",\"position\":2,\"name\":\"Produtos\",\"item\":\"https:\/\/eloh.com.br\/loja\/produtos\/\"},{\"@type\":\"ListItem\",\"position\":3,\"name\":\"Mercado Pago para receber suas vendas online\"}]},{\"@type\":\"WebSite\",\"@id\":\"https:\/\/eloh.com.br\/loja\/#website\",\"url\":\"https:\/\/eloh.com.br\/loja\/\",\"name\":\"Eloh loja\",\"description\":\"Loja de cursos, ferramentas, servi\u00e7os, sites, lojas online e tr\u00e1fego pago\",\"publisher\":{\"@id\":\"https:\/\/eloh.com.br\/loja\/#organization\"},\"potentialAction\":[{\"@type\":\"SearchAction\",\"target\":{\"@type\":\"EntryPoint\",\"urlTemplate\":\"https:\/\/eloh.com.br\/loja\/?s={search_term_string}\"},\"query-input\":{\"@type\":\"PropertyValueSpecification\",\"valueRequired\":true,\"valueName\":\"search_term_string\"}}],\"inLanguage\":\"pt-BR\"},{\"@type\":\"Organization\",\"@id\":\"https:\/\/eloh.com.br\/loja\/#organization\",\"name\":\"Eloh loja\",\"url\":\"https:\/\/eloh.com.br\/loja\/\",\"logo\":{\"@type\":\"ImageObject\",\"inLanguage\":\"pt-BR\",\"@id\":\"https:\/\/eloh.com.br\/loja\/#\/schema\/logo\/image\/\",\"url\":\"https:\/\/i0.wp.com\/eloh.com.br\/loja\/wp-content\/uploads\/2022\/08\/cropped-logo-eloh-criacao-de-site-3.png?fit=1080%2C360&ssl=1\",\"contentUrl\":\"https:\/\/i0.wp.com\/eloh.com.br\/loja\/wp-content\/uploads\/2022\/08\/cropped-logo-eloh-criacao-de-site-3.png?fit=1080%2C360&ssl=1\",\"width\":1080,\"height\":360,\"caption\":\"Eloh loja\"},\"image\":{\"@id\":\"https:\/\/eloh.com.br\/loja\/#\/schema\/logo\/image\/\"}}]}<\/script>\n<!-- \/ Yoast SEO plugin. -->","yoast_head_json":{"title":"Mercado Pago para receber suas vendas online - Eloh loja","description":"Vender e receber dinheiro online nunca foi t\u00e3o pr\u00e1tico, com Mercado Pago, voc\u00ea vende online e recebe seu dinheiro na hora com seguran\u00e7a.","robots":{"index":"index","follow":"follow","max-snippet":"max-snippet:-1","max-image-preview":"max-image-preview:large","max-video-preview":"max-video-preview:-1"},"canonical":"https:\/\/eloh.com.br\/loja\/product\/mercado-pago-para-receber-suas-vendas-online\/","og_locale":"pt_BR","og_type":"article","og_title":"Mercado Pago para receber suas vendas online - Eloh loja","og_description":"Vender e receber dinheiro online nunca foi t\u00e3o pr\u00e1tico, com Mercado Pago, voc\u00ea vende online e recebe seu dinheiro na hora com seguran\u00e7a.","og_url":"https:\/\/eloh.com.br\/loja\/product\/mercado-pago-para-receber-suas-vendas-online\/","og_site_name":"Eloh loja","article_modified_time":"2021-11-19T03:53:29+00:00","og_image":[{"width":1350,"height":853,"url":"https:\/\/eloh.com.br\/loja\/wp-content\/uploads\/2021\/11\/Mercado-Pago-para-receber-suas-vendas-online-1.jpg","type":"image\/jpeg"}],"twitter_card":"summary_large_image","twitter_misc":{"Est. tempo de leitura":"1 minuto"},"schema":{"@context":"https:\/\/schema.org","@graph":[{"@type":"WebPage","@id":"https:\/\/eloh.com.br\/loja\/product\/mercado-pago-para-receber-suas-vendas-online\/","url":"https:\/\/eloh.com.br\/loja\/product\/mercado-pago-para-receber-suas-vendas-online\/","name":"Mercado Pago para receber suas vendas online - Eloh loja","isPartOf":{"@id":"https:\/\/eloh.com.br\/loja\/#website"},"primaryImageOfPage":{"@id":"https:\/\/eloh.com.br\/loja\/product\/mercado-pago-para-receber-suas-vendas-online\/#primaryimage"},"image":{"@id":"https:\/\/eloh.com.br\/loja\/product\/mercado-pago-para-receber-suas-vendas-online\/#primaryimage"},"thumbnailUrl":"https:\/\/i0.wp.com\/eloh.com.br\/loja\/wp-content\/uploads\/2021\/11\/Mercado-Pago-para-receber-suas-vendas-online-1.jpg?fit=1350%2C853&ssl=1","datePublished":"2021-11-19T03:30:44+00:00","dateModified":"2021-11-19T03:53:29+00:00","description":"Vender e receber dinheiro online nunca foi t\u00e3o pr\u00e1tico, com Mercado Pago, voc\u00ea vende online e recebe seu dinheiro na hora com seguran\u00e7a.","breadcrumb":{"@id":"https:\/\/eloh.com.br\/loja\/product\/mercado-pago-para-receber-suas-vendas-online\/#breadcrumb"},"inLanguage":"pt-BR","potentialAction":[{"@type":"ReadAction","target":["https:\/\/eloh.com.br\/loja\/product\/mercado-pago-para-receber-suas-vendas-online\/"]}]},{"@type":"ImageObject","inLanguage":"pt-BR","@id":"https:\/\/eloh.com.br\/loja\/product\/mercado-pago-para-receber-suas-vendas-online\/#primaryimage","url":"https:\/\/i0.wp.com\/eloh.com.br\/loja\/wp-content\/uploads\/2021\/11\/Mercado-Pago-para-receber-suas-vendas-online-1.jpg?fit=1350%2C853&ssl=1","contentUrl":"https:\/\/i0.wp.com\/eloh.com.br\/loja\/wp-content\/uploads\/2021\/11\/Mercado-Pago-para-receber-suas-vendas-online-1.jpg?fit=1350%2C853&ssl=1","width":1350,"height":853,"caption":"Com links de pagamento do Mercado Pago, voc\u00ea vende online e recebe seu dinheiro na hora com seguran\u00e7a."},{"@type":"BreadcrumbList","@id":"https:\/\/eloh.com.br\/loja\/product\/mercado-pago-para-receber-suas-vendas-online\/#breadcrumb","itemListElement":[{"@type":"ListItem","position":1,"name":"In\u00edcio","item":"https:\/\/eloh.com.br\/loja\/"},{"@type":"ListItem","position":2,"name":"Produtos","item":"https:\/\/eloh.com.br\/loja\/produtos\/"},{"@type":"ListItem","position":3,"name":"Mercado Pago para receber suas vendas online"}]},{"@type":"WebSite","@id":"https:\/\/eloh.com.br\/loja\/#website","url":"https:\/\/eloh.com.br\/loja\/","name":"Eloh loja","description":"Loja de cursos, ferramentas, servi\u00e7os, sites, lojas online e tr\u00e1fego pago","publisher":{"@id":"https:\/\/eloh.com.br\/loja\/#organization"},"potentialAction":[{"@type":"SearchAction","target":{"@type":"EntryPoint","urlTemplate":"https:\/\/eloh.com.br\/loja\/?s={search_term_string}"},"query-input":{"@type":"PropertyValueSpecification","valueRequired":true,"valueName":"search_term_string"}}],"inLanguage":"pt-BR"},{"@type":"Organization","@id":"https:\/\/eloh.com.br\/loja\/#organization","name":"Eloh loja","url":"https:\/\/eloh.com.br\/loja\/","logo":{"@type":"ImageObject","inLanguage":"pt-BR","@id":"https:\/\/eloh.com.br\/loja\/#\/schema\/logo\/image\/","url":"https:\/\/i0.wp.com\/eloh.com.br\/loja\/wp-content\/uploads\/2022\/08\/cropped-logo-eloh-criacao-de-site-3.png?fit=1080%2C360&ssl=1","contentUrl":"https:\/\/i0.wp.com\/eloh.com.br\/loja\/wp-content\/uploads\/2022\/08\/cropped-logo-eloh-criacao-de-site-3.png?fit=1080%2C360&ssl=1","width":1080,"height":360,"caption":"Eloh loja"},"image":{"@id":"https:\/\/eloh.com.br\/loja\/#\/schema\/logo\/image\/"}}]}},"jetpack_sharing_enabled":true,"uagb_featured_image_src":{"full":["https:\/\/i0.wp.com\/eloh.com.br\/loja\/wp-content\/uploads\/2021\/11\/Mercado-Pago-para-receber-suas-vendas-online-1.jpg?fit=1350%2C853&ssl=1",1350,853,false],"thumbnail":["https:\/\/i0.wp.com\/eloh.com.br\/loja\/wp-content\/uploads\/2021\/11\/Mercado-Pago-para-receber-suas-vendas-online-1.jpg?resize=150%2C150&ssl=1",150,150,true],"medium":["https:\/\/i0.wp.com\/eloh.com.br\/loja\/wp-content\/uploads\/2021\/11\/Mercado-Pago-para-receber-suas-vendas-online-1.jpg?fit=300%2C190&ssl=1",300,190,true],"medium_large":["https:\/\/i0.wp.com\/eloh.com.br\/loja\/wp-content\/uploads\/2021\/11\/Mercado-Pago-para-receber-suas-vendas-online-1.jpg?fit=768%2C485&ssl=1",768,485,true],"large":["https:\/\/i0.wp.com\/eloh.com.br\/loja\/wp-content\/uploads\/2021\/11\/Mercado-Pago-para-receber-suas-vendas-online-1.jpg?fit=1024%2C647&ssl=1",1024,647,true],"1536x1536":["https:\/\/i0.wp.com\/eloh.com.br\/loja\/wp-content\/uploads\/2021\/11\/Mercado-Pago-para-receber-suas-vendas-online-1.jpg?fit=1350%2C853&ssl=1",1350,853,true],"2048x2048":["https:\/\/i0.wp.com\/eloh.com.br\/loja\/wp-content\/uploads\/2021\/11\/Mercado-Pago-para-receber-suas-vendas-online-1.jpg?fit=1350%2C853&ssl=1",1350,853,true],"woocommerce_thumbnail":["https:\/\/i0.wp.com\/eloh.com.br\/loja\/wp-content\/uploads\/2021\/11\/Mercado-Pago-para-receber-suas-vendas-online-1.jpg?resize=300%2C300&ssl=1",300,300,true],"woocommerce_single":["https:\/\/i0.wp.com\/eloh.com.br\/loja\/wp-content\/uploads\/2021\/11\/Mercado-Pago-para-receber-suas-vendas-online-1.jpg?fit=600%2C379&ssl=1",600,379,true],"woocommerce_gallery_thumbnail":["https:\/\/i0.wp.com\/eloh.com.br\/loja\/wp-content\/uploads\/2021\/11\/Mercado-Pago-para-receber-suas-vendas-online-1.jpg?resize=100%2C100&ssl=1",100,100,true]},"uagb_author_info":{"display_name":"Eloh Loja","author_link":"https:\/\/eloh.com.br\/loja\/author\/"},"uagb_comment_info":0,"uagb_excerpt":"Com links de pagamento do Mercado Pago, voc\u00ea vende online e recebe seu dinheiro na hora com seguran\u00e7a.","_links":{"self":[{"href":"https:\/\/eloh.com.br\/loja\/wp-json\/wp\/v2\/product\/1915","targetHints":{"allow":["GET"]}}],"collection":[{"href":"https:\/\/eloh.com.br\/loja\/wp-json\/wp\/v2\/product"}],"about":[{"href":"https:\/\/eloh.com.br\/loja\/wp-json\/wp\/v2\/types\/product"}],"replies":[{"embeddable":true,"href":"https:\/\/eloh.com.br\/loja\/wp-json\/wp\/v2\/comments?post=1915"}],"wp:featuredmedia":[{"embeddable":true,"href":"https:\/\/eloh.com.br\/loja\/wp-json\/wp\/v2\/media\/1917"}],"wp:attachment":[{"href":"https:\/\/eloh.com.br\/loja\/wp-json\/wp\/v2\/media?parent=1915"}],"wp:term":[{"taxonomy":"product_brand","embeddable":true,"href":"https:\/\/eloh.com.br\/loja\/wp-json\/wp\/v2\/product_brand?post=1915"},{"taxonomy":"product_cat","embeddable":true,"href":"https:\/\/eloh.com.br\/loja\/wp-json\/wp\/v2\/product_cat?post=1915"},{"taxonomy":"product_tag","embeddable":true,"href":"https:\/\/eloh.com.br\/loja\/wp-json\/wp\/v2\/product_tag?post=1915"}],"curies":[{"name":"wp","href":"https:\/\/api.w.org\/{rel}","templated":true}]}}