{"id":21,"date":"2018-09-27T05:19:24","date_gmt":"2018-09-27T05:19:24","guid":{"rendered":"https:\/\/demo.afthemes.com\/storecommerce-pro\/product\/import-placeholder-for-75\/"},"modified":"2023-03-27T22:23:49","modified_gmt":"2023-03-27T22:23:49","slug":"landing-page-e-site-criacao-de-pagina-online","status":"publish","type":"product","link":"https:\/\/eloh.com.br\/loja\/product\/landing-page-e-site-criacao-de-pagina-online\/","title":{"rendered":"Landing Page e Site One Page &#8211; Cria\u00e7\u00e3o de P\u00e1gina Online"},"content":{"rendered":"<p>Criamos seu Site de P\u00e1gina \u00danica ou Landing Page com todos os elementos voltados \u00e0 convers\u00e3o do visitante em Lead, oportunidade ou cliente.<\/p>\n<p>As Landing Pages s\u00e3o muito usadas em campanhas de Marketing Digital, pois costumam ter altas taxas de convers\u00e3o, s\u00e3o conhecidas, tamb\u00e9m, como p\u00e1ginas de destino, p\u00e1ginas de aterrissagem, p\u00e1ginas de convers\u00e3o ou p\u00e1ginas de vendas.<\/p>\n<p><a href=\"https:\/\/mpago.la\/1ogCBuj\">CONTRATAR SERVI\u00c7O<\/a><\/p>\n<p><a href=\"https:\/\/api.whatsapp.com\/send?phone=5548996821374&amp;text=Ol%C3%A1%2C%20quero%20informa%C3%A7%C3%B5es%20para%20criar%20minha%20Landing%20Page.\">NOSSO WHATSAPP<\/a><\/p>\n<p>_____________________<\/p>\n","protected":false},"excerpt":{"rendered":"<p>Criamos seu Site de P\u00e1gina \u00danica ou Landing Page com todos os elementos voltados \u00e0 convers\u00e3o do visitante em Lead, oportunidade ou cliente.<\/p>\n","protected":false},"featured_media":743,"comment_status":"open","ping_status":"closed","template":"","meta":{"_uag_custom_page_level_css":"","site-sidebar-layout":"default","site-content-layout":"default","ast-main-header-display":"","ast-hfb-above-header-display":"","ast-hfb-below-header-display":"","ast-hfb-mobile-header-display":"","site-post-title":"","ast-breadcrumbs-content":"","ast-featured-img":"","footer-sml-layout":"","theme-transparent-header-meta":"default","adv-header-id-meta":"","stick-header-meta":"","header-above-stick-meta":"","header-main-stick-meta":"","header-below-stick-meta":"","_joinchat":[]},"product_brand":[],"product_cat":[83,107],"product_tag":[100,101,102,108],"class_list":{"0":"post-21","1":"product","2":"type-product","3":"status-publish","4":"has-post-thumbnail","6":"product_cat-servicos","7":"product_cat-site","8":"product_tag-landing-page","9":"product_tag-one-page","10":"product_tag-pagina-de-vendas","11":"product_tag-vendas-online","13":"first","14":"instock","15":"featured","16":"shipping-taxable","17":"product-type-external"},"yoast_head":"<!-- This site is optimized with the Yoast SEO plugin v27.2 - https:\/\/yoast.com\/product\/yoast-seo-wordpress\/ -->\n<title>Landing Page e Site One Page - Cria\u00e7\u00e3o de P\u00e1gina Online - Eloh loja<\/title>\n<meta name=\"description\" content=\"As Landing Pages s\u00e3o muito usadas no Marketing Digital, pois costumam ter altas taxas de convers\u00e3o, conhecidas tamb\u00e9m como p\u00e1ginas de destino\" \/>\n<meta name=\"robots\" content=\"index, follow, max-snippet:-1, max-image-preview:large, max-video-preview:-1\" \/>\n<link rel=\"canonical\" href=\"https:\/\/eloh.com.br\/loja\/product\/landing-page-e-site-criacao-de-pagina-online\/\" \/>\n<meta property=\"og:locale\" content=\"pt_BR\" \/>\n<meta property=\"og:type\" content=\"article\" \/>\n<meta property=\"og:title\" content=\"Landing Page e Site One Page - Cria\u00e7\u00e3o de P\u00e1gina Online - Eloh loja\" \/>\n<meta property=\"og:description\" content=\"As Landing Pages s\u00e3o muito usadas no Marketing Digital, pois costumam ter altas taxas de convers\u00e3o, conhecidas tamb\u00e9m como p\u00e1ginas de destino\" \/>\n<meta property=\"og:url\" content=\"https:\/\/eloh.com.br\/loja\/product\/landing-page-e-site-criacao-de-pagina-online\/\" \/>\n<meta property=\"og:site_name\" content=\"Eloh loja\" \/>\n<meta property=\"article:modified_time\" content=\"2023-03-27T22:23:49+00:00\" \/>\n<meta property=\"og:image\" content=\"https:\/\/eloh.com.br\/loja\/wp-content\/uploads\/2018\/09\/Criacao-de-Site-e-Landing-Page-Vendas-Online-para-Negocios.jpg\" \/>\n\t<meta property=\"og:image:width\" content=\"1350\" \/>\n\t<meta property=\"og:image:height\" content=\"853\" \/>\n\t<meta property=\"og:image:type\" content=\"image\/jpeg\" \/>\n<meta name=\"twitter:card\" content=\"summary_large_image\" \/>\n<meta name=\"twitter:label1\" content=\"Est. tempo de leitura\" \/>\n\t<meta name=\"twitter:data1\" content=\"1 minuto\" \/>\n<script type=\"application\/ld+json\" class=\"yoast-schema-graph\">{\"@context\":\"https:\/\/schema.org\",\"@graph\":[{\"@type\":\"WebPage\",\"@id\":\"https:\/\/eloh.com.br\/loja\/product\/landing-page-e-site-criacao-de-pagina-online\/\",\"url\":\"https:\/\/eloh.com.br\/loja\/product\/landing-page-e-site-criacao-de-pagina-online\/\",\"name\":\"Landing Page e Site One Page - Cria\u00e7\u00e3o de P\u00e1gina Online - Eloh loja\",\"isPartOf\":{\"@id\":\"https:\/\/eloh.com.br\/loja\/#website\"},\"primaryImageOfPage\":{\"@id\":\"https:\/\/eloh.com.br\/loja\/product\/landing-page-e-site-criacao-de-pagina-online\/#primaryimage\"},\"image\":{\"@id\":\"https:\/\/eloh.com.br\/loja\/product\/landing-page-e-site-criacao-de-pagina-online\/#primaryimage\"},\"thumbnailUrl\":\"https:\/\/i0.wp.com\/eloh.com.br\/loja\/wp-content\/uploads\/2018\/09\/Criacao-de-Site-e-Landing-Page-Vendas-Online-para-Negocios.jpg?fit=1350%2C853&ssl=1\",\"datePublished\":\"2018-09-27T05:19:24+00:00\",\"dateModified\":\"2023-03-27T22:23:49+00:00\",\"description\":\"As Landing Pages s\u00e3o muito usadas no Marketing Digital, pois costumam ter altas taxas de convers\u00e3o, conhecidas tamb\u00e9m como p\u00e1ginas de destino\",\"breadcrumb\":{\"@id\":\"https:\/\/eloh.com.br\/loja\/product\/landing-page-e-site-criacao-de-pagina-online\/#breadcrumb\"},\"inLanguage\":\"pt-BR\",\"potentialAction\":[{\"@type\":\"ReadAction\",\"target\":[\"https:\/\/eloh.com.br\/loja\/product\/landing-page-e-site-criacao-de-pagina-online\/\"]}]},{\"@type\":\"ImageObject\",\"inLanguage\":\"pt-BR\",\"@id\":\"https:\/\/eloh.com.br\/loja\/product\/landing-page-e-site-criacao-de-pagina-online\/#primaryimage\",\"url\":\"https:\/\/i0.wp.com\/eloh.com.br\/loja\/wp-content\/uploads\/2018\/09\/Criacao-de-Site-e-Landing-Page-Vendas-Online-para-Negocios.jpg?fit=1350%2C853&ssl=1\",\"contentUrl\":\"https:\/\/i0.wp.com\/eloh.com.br\/loja\/wp-content\/uploads\/2018\/09\/Criacao-de-Site-e-Landing-Page-Vendas-Online-para-Negocios.jpg?fit=1350%2C853&ssl=1\",\"width\":1350,\"height\":853,\"caption\":\"As Landing Pages s\u00e3o muito usadas no Marketing Digital, pois costumam ter altas taxas de convers\u00e3o, conhecidas tamb\u00e9m como p\u00e1ginas de destino\"},{\"@type\":\"BreadcrumbList\",\"@id\":\"https:\/\/eloh.com.br\/loja\/product\/landing-page-e-site-criacao-de-pagina-online\/#breadcrumb\",\"itemListElement\":[{\"@type\":\"ListItem\",\"position\":1,\"name\":\"In\u00edcio\",\"item\":\"https:\/\/eloh.com.br\/loja\/\"},{\"@type\":\"ListItem\",\"position\":2,\"name\":\"Produtos\",\"item\":\"https:\/\/eloh.com.br\/loja\/produtos\/\"},{\"@type\":\"ListItem\",\"position\":3,\"name\":\"Landing Page e Site One Page &#8211; Cria\u00e7\u00e3o de P\u00e1gina Online\"}]},{\"@type\":\"WebSite\",\"@id\":\"https:\/\/eloh.com.br\/loja\/#website\",\"url\":\"https:\/\/eloh.com.br\/loja\/\",\"name\":\"Eloh loja\",\"description\":\"Loja de cursos, ferramentas, servi\u00e7os, sites, lojas online e tr\u00e1fego pago\",\"publisher\":{\"@id\":\"https:\/\/eloh.com.br\/loja\/#organization\"},\"potentialAction\":[{\"@type\":\"SearchAction\",\"target\":{\"@type\":\"EntryPoint\",\"urlTemplate\":\"https:\/\/eloh.com.br\/loja\/?s={search_term_string}\"},\"query-input\":{\"@type\":\"PropertyValueSpecification\",\"valueRequired\":true,\"valueName\":\"search_term_string\"}}],\"inLanguage\":\"pt-BR\"},{\"@type\":\"Organization\",\"@id\":\"https:\/\/eloh.com.br\/loja\/#organization\",\"name\":\"Eloh loja\",\"url\":\"https:\/\/eloh.com.br\/loja\/\",\"logo\":{\"@type\":\"ImageObject\",\"inLanguage\":\"pt-BR\",\"@id\":\"https:\/\/eloh.com.br\/loja\/#\/schema\/logo\/image\/\",\"url\":\"https:\/\/i0.wp.com\/eloh.com.br\/loja\/wp-content\/uploads\/2022\/08\/cropped-logo-eloh-criacao-de-site-3.png?fit=1080%2C360&ssl=1\",\"contentUrl\":\"https:\/\/i0.wp.com\/eloh.com.br\/loja\/wp-content\/uploads\/2022\/08\/cropped-logo-eloh-criacao-de-site-3.png?fit=1080%2C360&ssl=1\",\"width\":1080,\"height\":360,\"caption\":\"Eloh loja\"},\"image\":{\"@id\":\"https:\/\/eloh.com.br\/loja\/#\/schema\/logo\/image\/\"}}]}<\/script>\n<!-- \/ Yoast SEO plugin. -->","yoast_head_json":{"title":"Landing Page e Site One Page - Cria\u00e7\u00e3o de P\u00e1gina Online - Eloh loja","description":"As Landing Pages s\u00e3o muito usadas no Marketing Digital, pois costumam ter altas taxas de convers\u00e3o, conhecidas tamb\u00e9m como p\u00e1ginas de destino","robots":{"index":"index","follow":"follow","max-snippet":"max-snippet:-1","max-image-preview":"max-image-preview:large","max-video-preview":"max-video-preview:-1"},"canonical":"https:\/\/eloh.com.br\/loja\/product\/landing-page-e-site-criacao-de-pagina-online\/","og_locale":"pt_BR","og_type":"article","og_title":"Landing Page e Site One Page - Cria\u00e7\u00e3o de P\u00e1gina Online - Eloh loja","og_description":"As Landing Pages s\u00e3o muito usadas no Marketing Digital, pois costumam ter altas taxas de convers\u00e3o, conhecidas tamb\u00e9m como p\u00e1ginas de destino","og_url":"https:\/\/eloh.com.br\/loja\/product\/landing-page-e-site-criacao-de-pagina-online\/","og_site_name":"Eloh loja","article_modified_time":"2023-03-27T22:23:49+00:00","og_image":[{"width":1350,"height":853,"url":"https:\/\/eloh.com.br\/loja\/wp-content\/uploads\/2018\/09\/Criacao-de-Site-e-Landing-Page-Vendas-Online-para-Negocios.jpg","type":"image\/jpeg"}],"twitter_card":"summary_large_image","twitter_misc":{"Est. tempo de leitura":"1 minuto"},"schema":{"@context":"https:\/\/schema.org","@graph":[{"@type":"WebPage","@id":"https:\/\/eloh.com.br\/loja\/product\/landing-page-e-site-criacao-de-pagina-online\/","url":"https:\/\/eloh.com.br\/loja\/product\/landing-page-e-site-criacao-de-pagina-online\/","name":"Landing Page e Site One Page - Cria\u00e7\u00e3o de P\u00e1gina Online - Eloh loja","isPartOf":{"@id":"https:\/\/eloh.com.br\/loja\/#website"},"primaryImageOfPage":{"@id":"https:\/\/eloh.com.br\/loja\/product\/landing-page-e-site-criacao-de-pagina-online\/#primaryimage"},"image":{"@id":"https:\/\/eloh.com.br\/loja\/product\/landing-page-e-site-criacao-de-pagina-online\/#primaryimage"},"thumbnailUrl":"https:\/\/i0.wp.com\/eloh.com.br\/loja\/wp-content\/uploads\/2018\/09\/Criacao-de-Site-e-Landing-Page-Vendas-Online-para-Negocios.jpg?fit=1350%2C853&ssl=1","datePublished":"2018-09-27T05:19:24+00:00","dateModified":"2023-03-27T22:23:49+00:00","description":"As Landing Pages s\u00e3o muito usadas no Marketing Digital, pois costumam ter altas taxas de convers\u00e3o, conhecidas tamb\u00e9m como p\u00e1ginas de destino","breadcrumb":{"@id":"https:\/\/eloh.com.br\/loja\/product\/landing-page-e-site-criacao-de-pagina-online\/#breadcrumb"},"inLanguage":"pt-BR","potentialAction":[{"@type":"ReadAction","target":["https:\/\/eloh.com.br\/loja\/product\/landing-page-e-site-criacao-de-pagina-online\/"]}]},{"@type":"ImageObject","inLanguage":"pt-BR","@id":"https:\/\/eloh.com.br\/loja\/product\/landing-page-e-site-criacao-de-pagina-online\/#primaryimage","url":"https:\/\/i0.wp.com\/eloh.com.br\/loja\/wp-content\/uploads\/2018\/09\/Criacao-de-Site-e-Landing-Page-Vendas-Online-para-Negocios.jpg?fit=1350%2C853&ssl=1","contentUrl":"https:\/\/i0.wp.com\/eloh.com.br\/loja\/wp-content\/uploads\/2018\/09\/Criacao-de-Site-e-Landing-Page-Vendas-Online-para-Negocios.jpg?fit=1350%2C853&ssl=1","width":1350,"height":853,"caption":"As Landing Pages s\u00e3o muito usadas no Marketing Digital, pois costumam ter altas taxas de convers\u00e3o, conhecidas tamb\u00e9m como p\u00e1ginas de destino"},{"@type":"BreadcrumbList","@id":"https:\/\/eloh.com.br\/loja\/product\/landing-page-e-site-criacao-de-pagina-online\/#breadcrumb","itemListElement":[{"@type":"ListItem","position":1,"name":"In\u00edcio","item":"https:\/\/eloh.com.br\/loja\/"},{"@type":"ListItem","position":2,"name":"Produtos","item":"https:\/\/eloh.com.br\/loja\/produtos\/"},{"@type":"ListItem","position":3,"name":"Landing Page e Site One Page &#8211; Cria\u00e7\u00e3o de P\u00e1gina Online"}]},{"@type":"WebSite","@id":"https:\/\/eloh.com.br\/loja\/#website","url":"https:\/\/eloh.com.br\/loja\/","name":"Eloh loja","description":"Loja de cursos, ferramentas, servi\u00e7os, sites, lojas online e tr\u00e1fego pago","publisher":{"@id":"https:\/\/eloh.com.br\/loja\/#organization"},"potentialAction":[{"@type":"SearchAction","target":{"@type":"EntryPoint","urlTemplate":"https:\/\/eloh.com.br\/loja\/?s={search_term_string}"},"query-input":{"@type":"PropertyValueSpecification","valueRequired":true,"valueName":"search_term_string"}}],"inLanguage":"pt-BR"},{"@type":"Organization","@id":"https:\/\/eloh.com.br\/loja\/#organization","name":"Eloh loja","url":"https:\/\/eloh.com.br\/loja\/","logo":{"@type":"ImageObject","inLanguage":"pt-BR","@id":"https:\/\/eloh.com.br\/loja\/#\/schema\/logo\/image\/","url":"https:\/\/i0.wp.com\/eloh.com.br\/loja\/wp-content\/uploads\/2022\/08\/cropped-logo-eloh-criacao-de-site-3.png?fit=1080%2C360&ssl=1","contentUrl":"https:\/\/i0.wp.com\/eloh.com.br\/loja\/wp-content\/uploads\/2022\/08\/cropped-logo-eloh-criacao-de-site-3.png?fit=1080%2C360&ssl=1","width":1080,"height":360,"caption":"Eloh loja"},"image":{"@id":"https:\/\/eloh.com.br\/loja\/#\/schema\/logo\/image\/"}}]}},"jetpack_sharing_enabled":true,"uagb_featured_image_src":{"full":["https:\/\/i0.wp.com\/eloh.com.br\/loja\/wp-content\/uploads\/2018\/09\/Criacao-de-Site-e-Landing-Page-Vendas-Online-para-Negocios.jpg?fit=1350%2C853&ssl=1",1350,853,false],"thumbnail":["https:\/\/i0.wp.com\/eloh.com.br\/loja\/wp-content\/uploads\/2018\/09\/Criacao-de-Site-e-Landing-Page-Vendas-Online-para-Negocios.jpg?resize=150%2C150&ssl=1",150,150,true],"medium":["https:\/\/i0.wp.com\/eloh.com.br\/loja\/wp-content\/uploads\/2018\/09\/Criacao-de-Site-e-Landing-Page-Vendas-Online-para-Negocios.jpg?fit=300%2C190&ssl=1",300,190,true],"medium_large":["https:\/\/i0.wp.com\/eloh.com.br\/loja\/wp-content\/uploads\/2018\/09\/Criacao-de-Site-e-Landing-Page-Vendas-Online-para-Negocios.jpg?fit=768%2C485&ssl=1",768,485,true],"large":["https:\/\/i0.wp.com\/eloh.com.br\/loja\/wp-content\/uploads\/2018\/09\/Criacao-de-Site-e-Landing-Page-Vendas-Online-para-Negocios.jpg?fit=1024%2C647&ssl=1",1024,647,true],"1536x1536":["https:\/\/i0.wp.com\/eloh.com.br\/loja\/wp-content\/uploads\/2018\/09\/Criacao-de-Site-e-Landing-Page-Vendas-Online-para-Negocios.jpg?fit=1350%2C853&ssl=1",1350,853,true],"2048x2048":["https:\/\/i0.wp.com\/eloh.com.br\/loja\/wp-content\/uploads\/2018\/09\/Criacao-de-Site-e-Landing-Page-Vendas-Online-para-Negocios.jpg?fit=1350%2C853&ssl=1",1350,853,true],"woocommerce_thumbnail":["https:\/\/i0.wp.com\/eloh.com.br\/loja\/wp-content\/uploads\/2018\/09\/Criacao-de-Site-e-Landing-Page-Vendas-Online-para-Negocios.jpg?resize=300%2C300&ssl=1",300,300,true],"woocommerce_single":["https:\/\/i0.wp.com\/eloh.com.br\/loja\/wp-content\/uploads\/2018\/09\/Criacao-de-Site-e-Landing-Page-Vendas-Online-para-Negocios.jpg?fit=600%2C379&ssl=1",600,379,true],"woocommerce_gallery_thumbnail":["https:\/\/i0.wp.com\/eloh.com.br\/loja\/wp-content\/uploads\/2018\/09\/Criacao-de-Site-e-Landing-Page-Vendas-Online-para-Negocios.jpg?resize=100%2C100&ssl=1",100,100,true]},"uagb_author_info":{"display_name":"Eloh Loja","author_link":"https:\/\/eloh.com.br\/loja\/author\/"},"uagb_comment_info":0,"uagb_excerpt":"Criamos seu Site de P\u00e1gina \u00danica ou Landing Page com todos os elementos voltados \u00e0 convers\u00e3o do visitante em Lead, oportunidade ou cliente.","_links":{"self":[{"href":"https:\/\/eloh.com.br\/loja\/wp-json\/wp\/v2\/product\/21","targetHints":{"allow":["GET"]}}],"collection":[{"href":"https:\/\/eloh.com.br\/loja\/wp-json\/wp\/v2\/product"}],"about":[{"href":"https:\/\/eloh.com.br\/loja\/wp-json\/wp\/v2\/types\/product"}],"replies":[{"embeddable":true,"href":"https:\/\/eloh.com.br\/loja\/wp-json\/wp\/v2\/comments?post=21"}],"wp:featuredmedia":[{"embeddable":true,"href":"https:\/\/eloh.com.br\/loja\/wp-json\/wp\/v2\/media\/743"}],"wp:attachment":[{"href":"https:\/\/eloh.com.br\/loja\/wp-json\/wp\/v2\/media?parent=21"}],"wp:term":[{"taxonomy":"product_brand","embeddable":true,"href":"https:\/\/eloh.com.br\/loja\/wp-json\/wp\/v2\/product_brand?post=21"},{"taxonomy":"product_cat","embeddable":true,"href":"https:\/\/eloh.com.br\/loja\/wp-json\/wp\/v2\/product_cat?post=21"},{"taxonomy":"product_tag","embeddable":true,"href":"https:\/\/eloh.com.br\/loja\/wp-json\/wp\/v2\/product_tag?post=21"}],"curies":[{"name":"wp","href":"https:\/\/api.w.org\/{rel}","templated":true}]}}