{"id":2339,"date":"2023-02-28T15:44:35","date_gmt":"2023-02-28T15:44:35","guid":{"rendered":"https:\/\/eloh.com.br\/loja\/?post_type=product&#038;p=2339"},"modified":"2024-12-05T19:54:46","modified_gmt":"2024-12-05T19:54:46","slug":"criacao-do-instagram-comercial","status":"publish","type":"product","link":"https:\/\/eloh.com.br\/loja\/product\/criacao-do-instagram-comercial\/","title":{"rendered":"Cria\u00e7\u00e3o do Instagram Comercial"},"content":{"rendered":"<p>Uma conta no Instagram Comercial \u00e9 o perfil profissional, uma p\u00e1gina espec\u00edfica de marcas, empresas, blogs ou outros. Diferentemente das contas pessoais, ela possui algumas funcionalidades a mais, \u00e9 um espa\u00e7o que re\u00fane <strong>f\u00e3s em vez de amigos<\/strong>, e pode criar uma\u00a0<strong>comunidade fiel<\/strong> \u00e0 sua empresa, al\u00e9m de fortalecer a presen\u00e7a e a impress\u00e3o que os outros possuem dela, com isso, transformar seus seguidores em clientes.<\/p>\n<p>Criamos o Instagram Comercial para profissionais, empresas e para voc\u00ea que precisa de seu perfil comercial no Instagram!<\/p>\n<p>CONTRATAR SERVI\u00c7O<\/p>\n<p><a href=\"https:\/\/api.whatsapp.com\/send?phone=5548996821374&amp;text=Quero%20informa%C3%A7%C3%B5es%20para%20criar%20minha%20Fanpage%20no%20Facebook.\">NOSSO WHATSAPP<\/a><\/p>\n<p>__________________________<\/p>\n","protected":false},"excerpt":{"rendered":"<p>A conta no Instagram Comercial \u00e9 essencial para fazer marketing e ter sucesso na rede, fale com a gente, criamos o seu perfil profissional no Instagram.<\/p>\n","protected":false},"featured_media":2340,"comment_status":"open","ping_status":"closed","template":"","meta":{"_uag_custom_page_level_css":"","site-sidebar-layout":"default","site-content-layout":"default","ast-main-header-display":"","ast-hfb-above-header-display":"","ast-hfb-below-header-display":"","ast-hfb-mobile-header-display":"","site-post-title":"","ast-breadcrumbs-content":"","ast-featured-img":"","footer-sml-layout":"","theme-transparent-header-meta":"default","adv-header-id-meta":"","stick-header-meta":"","header-above-stick-meta":"","header-main-stick-meta":"","header-below-stick-meta":"","_joinchat":[]},"product_brand":[],"product_cat":[88,83],"product_tag":[99,137,138],"class_list":{"0":"post-2339","1":"product","2":"type-product","3":"status-publish","4":"has-post-thumbnail","6":"product_cat-instagram","7":"product_cat-servicos","8":"product_tag-instagram","9":"product_tag-instagram-comercial","10":"product_tag-instagram-profissional","12":"first","13":"instock","14":"shipping-taxable","15":"product-type-external"},"yoast_head":"<!-- This site is optimized with the Yoast SEO plugin v27.2 - https:\/\/yoast.com\/product\/yoast-seo-wordpress\/ -->\n<title>Cria\u00e7\u00e3o do Instagram Comercial - Eloh loja<\/title>\n<meta name=\"description\" content=\"A conta no Instagram Comercial \u00e9 essencial para fazer marketing e ter sucesso na rede, fale com a gente, criamos o seu perfil profissional no Instagram.\" \/>\n<meta name=\"robots\" content=\"index, follow, max-snippet:-1, max-image-preview:large, max-video-preview:-1\" \/>\n<link rel=\"canonical\" href=\"https:\/\/eloh.com.br\/loja\/product\/criacao-do-instagram-comercial\/\" \/>\n<meta property=\"og:locale\" content=\"pt_BR\" \/>\n<meta property=\"og:type\" content=\"article\" \/>\n<meta property=\"og:title\" content=\"Cria\u00e7\u00e3o do Instagram Comercial - Eloh loja\" \/>\n<meta property=\"og:description\" content=\"A conta no Instagram Comercial \u00e9 essencial para fazer marketing e ter sucesso na rede, fale com a gente, criamos o seu perfil profissional no Instagram.\" \/>\n<meta property=\"og:url\" content=\"https:\/\/eloh.com.br\/loja\/product\/criacao-do-instagram-comercial\/\" \/>\n<meta property=\"og:site_name\" content=\"Eloh loja\" \/>\n<meta property=\"article:modified_time\" content=\"2024-12-05T19:54:46+00:00\" \/>\n<meta property=\"og:image\" content=\"https:\/\/eloh.com.br\/loja\/wp-content\/uploads\/2023\/02\/criar-instagram-comercial.jpg\" \/>\n\t<meta property=\"og:image:width\" content=\"1280\" \/>\n\t<meta property=\"og:image:height\" content=\"853\" \/>\n\t<meta property=\"og:image:type\" content=\"image\/jpeg\" \/>\n<meta name=\"twitter:card\" content=\"summary_large_image\" \/>\n<meta name=\"twitter:label1\" content=\"Est. tempo de leitura\" \/>\n\t<meta name=\"twitter:data1\" content=\"1 minuto\" \/>\n<script type=\"application\/ld+json\" class=\"yoast-schema-graph\">{\"@context\":\"https:\/\/schema.org\",\"@graph\":[{\"@type\":\"WebPage\",\"@id\":\"https:\/\/eloh.com.br\/loja\/product\/criacao-do-instagram-comercial\/\",\"url\":\"https:\/\/eloh.com.br\/loja\/product\/criacao-do-instagram-comercial\/\",\"name\":\"Cria\u00e7\u00e3o do Instagram Comercial - Eloh loja\",\"isPartOf\":{\"@id\":\"https:\/\/eloh.com.br\/loja\/#website\"},\"primaryImageOfPage\":{\"@id\":\"https:\/\/eloh.com.br\/loja\/product\/criacao-do-instagram-comercial\/#primaryimage\"},\"image\":{\"@id\":\"https:\/\/eloh.com.br\/loja\/product\/criacao-do-instagram-comercial\/#primaryimage\"},\"thumbnailUrl\":\"https:\/\/i0.wp.com\/eloh.com.br\/loja\/wp-content\/uploads\/2023\/02\/criar-instagram-comercial.jpg?fit=1280%2C853&ssl=1\",\"datePublished\":\"2023-02-28T15:44:35+00:00\",\"dateModified\":\"2024-12-05T19:54:46+00:00\",\"description\":\"A conta no Instagram Comercial \u00e9 essencial para fazer marketing e ter sucesso na rede, fale com a gente, criamos o seu perfil profissional no Instagram.\",\"breadcrumb\":{\"@id\":\"https:\/\/eloh.com.br\/loja\/product\/criacao-do-instagram-comercial\/#breadcrumb\"},\"inLanguage\":\"pt-BR\",\"potentialAction\":[{\"@type\":\"ReadAction\",\"target\":[\"https:\/\/eloh.com.br\/loja\/product\/criacao-do-instagram-comercial\/\"]}]},{\"@type\":\"ImageObject\",\"inLanguage\":\"pt-BR\",\"@id\":\"https:\/\/eloh.com.br\/loja\/product\/criacao-do-instagram-comercial\/#primaryimage\",\"url\":\"https:\/\/i0.wp.com\/eloh.com.br\/loja\/wp-content\/uploads\/2023\/02\/criar-instagram-comercial.jpg?fit=1280%2C853&ssl=1\",\"contentUrl\":\"https:\/\/i0.wp.com\/eloh.com.br\/loja\/wp-content\/uploads\/2023\/02\/criar-instagram-comercial.jpg?fit=1280%2C853&ssl=1\",\"width\":1280,\"height\":853},{\"@type\":\"BreadcrumbList\",\"@id\":\"https:\/\/eloh.com.br\/loja\/product\/criacao-do-instagram-comercial\/#breadcrumb\",\"itemListElement\":[{\"@type\":\"ListItem\",\"position\":1,\"name\":\"In\u00edcio\",\"item\":\"https:\/\/eloh.com.br\/loja\/\"},{\"@type\":\"ListItem\",\"position\":2,\"name\":\"Produtos\",\"item\":\"https:\/\/eloh.com.br\/loja\/produtos\/\"},{\"@type\":\"ListItem\",\"position\":3,\"name\":\"Cria\u00e7\u00e3o do Instagram Comercial\"}]},{\"@type\":\"WebSite\",\"@id\":\"https:\/\/eloh.com.br\/loja\/#website\",\"url\":\"https:\/\/eloh.com.br\/loja\/\",\"name\":\"Eloh loja\",\"description\":\"Loja de cursos, ferramentas, servi\u00e7os, sites, lojas online e tr\u00e1fego pago\",\"publisher\":{\"@id\":\"https:\/\/eloh.com.br\/loja\/#organization\"},\"potentialAction\":[{\"@type\":\"SearchAction\",\"target\":{\"@type\":\"EntryPoint\",\"urlTemplate\":\"https:\/\/eloh.com.br\/loja\/?s={search_term_string}\"},\"query-input\":{\"@type\":\"PropertyValueSpecification\",\"valueRequired\":true,\"valueName\":\"search_term_string\"}}],\"inLanguage\":\"pt-BR\"},{\"@type\":\"Organization\",\"@id\":\"https:\/\/eloh.com.br\/loja\/#organization\",\"name\":\"Eloh loja\",\"url\":\"https:\/\/eloh.com.br\/loja\/\",\"logo\":{\"@type\":\"ImageObject\",\"inLanguage\":\"pt-BR\",\"@id\":\"https:\/\/eloh.com.br\/loja\/#\/schema\/logo\/image\/\",\"url\":\"https:\/\/i0.wp.com\/eloh.com.br\/loja\/wp-content\/uploads\/2022\/08\/cropped-logo-eloh-criacao-de-site-3.png?fit=1080%2C360&ssl=1\",\"contentUrl\":\"https:\/\/i0.wp.com\/eloh.com.br\/loja\/wp-content\/uploads\/2022\/08\/cropped-logo-eloh-criacao-de-site-3.png?fit=1080%2C360&ssl=1\",\"width\":1080,\"height\":360,\"caption\":\"Eloh loja\"},\"image\":{\"@id\":\"https:\/\/eloh.com.br\/loja\/#\/schema\/logo\/image\/\"}}]}<\/script>\n<!-- \/ Yoast SEO plugin. -->","yoast_head_json":{"title":"Cria\u00e7\u00e3o do Instagram Comercial - Eloh loja","description":"A conta no Instagram Comercial \u00e9 essencial para fazer marketing e ter sucesso na rede, fale com a gente, criamos o seu perfil profissional no Instagram.","robots":{"index":"index","follow":"follow","max-snippet":"max-snippet:-1","max-image-preview":"max-image-preview:large","max-video-preview":"max-video-preview:-1"},"canonical":"https:\/\/eloh.com.br\/loja\/product\/criacao-do-instagram-comercial\/","og_locale":"pt_BR","og_type":"article","og_title":"Cria\u00e7\u00e3o do Instagram Comercial - Eloh loja","og_description":"A conta no Instagram Comercial \u00e9 essencial para fazer marketing e ter sucesso na rede, fale com a gente, criamos o seu perfil profissional no Instagram.","og_url":"https:\/\/eloh.com.br\/loja\/product\/criacao-do-instagram-comercial\/","og_site_name":"Eloh loja","article_modified_time":"2024-12-05T19:54:46+00:00","og_image":[{"width":1280,"height":853,"url":"https:\/\/eloh.com.br\/loja\/wp-content\/uploads\/2023\/02\/criar-instagram-comercial.jpg","type":"image\/jpeg"}],"twitter_card":"summary_large_image","twitter_misc":{"Est. tempo de leitura":"1 minuto"},"schema":{"@context":"https:\/\/schema.org","@graph":[{"@type":"WebPage","@id":"https:\/\/eloh.com.br\/loja\/product\/criacao-do-instagram-comercial\/","url":"https:\/\/eloh.com.br\/loja\/product\/criacao-do-instagram-comercial\/","name":"Cria\u00e7\u00e3o do Instagram Comercial - Eloh loja","isPartOf":{"@id":"https:\/\/eloh.com.br\/loja\/#website"},"primaryImageOfPage":{"@id":"https:\/\/eloh.com.br\/loja\/product\/criacao-do-instagram-comercial\/#primaryimage"},"image":{"@id":"https:\/\/eloh.com.br\/loja\/product\/criacao-do-instagram-comercial\/#primaryimage"},"thumbnailUrl":"https:\/\/i0.wp.com\/eloh.com.br\/loja\/wp-content\/uploads\/2023\/02\/criar-instagram-comercial.jpg?fit=1280%2C853&ssl=1","datePublished":"2023-02-28T15:44:35+00:00","dateModified":"2024-12-05T19:54:46+00:00","description":"A conta no Instagram Comercial \u00e9 essencial para fazer marketing e ter sucesso na rede, fale com a gente, criamos o seu perfil profissional no Instagram.","breadcrumb":{"@id":"https:\/\/eloh.com.br\/loja\/product\/criacao-do-instagram-comercial\/#breadcrumb"},"inLanguage":"pt-BR","potentialAction":[{"@type":"ReadAction","target":["https:\/\/eloh.com.br\/loja\/product\/criacao-do-instagram-comercial\/"]}]},{"@type":"ImageObject","inLanguage":"pt-BR","@id":"https:\/\/eloh.com.br\/loja\/product\/criacao-do-instagram-comercial\/#primaryimage","url":"https:\/\/i0.wp.com\/eloh.com.br\/loja\/wp-content\/uploads\/2023\/02\/criar-instagram-comercial.jpg?fit=1280%2C853&ssl=1","contentUrl":"https:\/\/i0.wp.com\/eloh.com.br\/loja\/wp-content\/uploads\/2023\/02\/criar-instagram-comercial.jpg?fit=1280%2C853&ssl=1","width":1280,"height":853},{"@type":"BreadcrumbList","@id":"https:\/\/eloh.com.br\/loja\/product\/criacao-do-instagram-comercial\/#breadcrumb","itemListElement":[{"@type":"ListItem","position":1,"name":"In\u00edcio","item":"https:\/\/eloh.com.br\/loja\/"},{"@type":"ListItem","position":2,"name":"Produtos","item":"https:\/\/eloh.com.br\/loja\/produtos\/"},{"@type":"ListItem","position":3,"name":"Cria\u00e7\u00e3o do Instagram Comercial"}]},{"@type":"WebSite","@id":"https:\/\/eloh.com.br\/loja\/#website","url":"https:\/\/eloh.com.br\/loja\/","name":"Eloh loja","description":"Loja de cursos, ferramentas, servi\u00e7os, sites, lojas online e tr\u00e1fego pago","publisher":{"@id":"https:\/\/eloh.com.br\/loja\/#organization"},"potentialAction":[{"@type":"SearchAction","target":{"@type":"EntryPoint","urlTemplate":"https:\/\/eloh.com.br\/loja\/?s={search_term_string}"},"query-input":{"@type":"PropertyValueSpecification","valueRequired":true,"valueName":"search_term_string"}}],"inLanguage":"pt-BR"},{"@type":"Organization","@id":"https:\/\/eloh.com.br\/loja\/#organization","name":"Eloh loja","url":"https:\/\/eloh.com.br\/loja\/","logo":{"@type":"ImageObject","inLanguage":"pt-BR","@id":"https:\/\/eloh.com.br\/loja\/#\/schema\/logo\/image\/","url":"https:\/\/i0.wp.com\/eloh.com.br\/loja\/wp-content\/uploads\/2022\/08\/cropped-logo-eloh-criacao-de-site-3.png?fit=1080%2C360&ssl=1","contentUrl":"https:\/\/i0.wp.com\/eloh.com.br\/loja\/wp-content\/uploads\/2022\/08\/cropped-logo-eloh-criacao-de-site-3.png?fit=1080%2C360&ssl=1","width":1080,"height":360,"caption":"Eloh loja"},"image":{"@id":"https:\/\/eloh.com.br\/loja\/#\/schema\/logo\/image\/"}}]}},"jetpack_sharing_enabled":true,"uagb_featured_image_src":{"full":["https:\/\/i0.wp.com\/eloh.com.br\/loja\/wp-content\/uploads\/2023\/02\/criar-instagram-comercial.jpg?fit=1280%2C853&ssl=1",1280,853,false],"thumbnail":["https:\/\/i0.wp.com\/eloh.com.br\/loja\/wp-content\/uploads\/2023\/02\/criar-instagram-comercial.jpg?resize=150%2C150&ssl=1",150,150,true],"medium":["https:\/\/i0.wp.com\/eloh.com.br\/loja\/wp-content\/uploads\/2023\/02\/criar-instagram-comercial.jpg?fit=300%2C200&ssl=1",300,200,true],"medium_large":["https:\/\/i0.wp.com\/eloh.com.br\/loja\/wp-content\/uploads\/2023\/02\/criar-instagram-comercial.jpg?fit=768%2C512&ssl=1",768,512,true],"large":["https:\/\/i0.wp.com\/eloh.com.br\/loja\/wp-content\/uploads\/2023\/02\/criar-instagram-comercial.jpg?fit=1024%2C682&ssl=1",1024,682,true],"1536x1536":["https:\/\/i0.wp.com\/eloh.com.br\/loja\/wp-content\/uploads\/2023\/02\/criar-instagram-comercial.jpg?fit=1280%2C853&ssl=1",1280,853,true],"2048x2048":["https:\/\/i0.wp.com\/eloh.com.br\/loja\/wp-content\/uploads\/2023\/02\/criar-instagram-comercial.jpg?fit=1280%2C853&ssl=1",1280,853,true],"woocommerce_thumbnail":["https:\/\/i0.wp.com\/eloh.com.br\/loja\/wp-content\/uploads\/2023\/02\/criar-instagram-comercial.jpg?resize=300%2C300&ssl=1",300,300,true],"woocommerce_single":["https:\/\/i0.wp.com\/eloh.com.br\/loja\/wp-content\/uploads\/2023\/02\/criar-instagram-comercial.jpg?fit=600%2C400&ssl=1",600,400,true],"woocommerce_gallery_thumbnail":["https:\/\/i0.wp.com\/eloh.com.br\/loja\/wp-content\/uploads\/2023\/02\/criar-instagram-comercial.jpg?resize=100%2C100&ssl=1",100,100,true]},"uagb_author_info":{"display_name":"Eloh Loja","author_link":"https:\/\/eloh.com.br\/loja\/author\/"},"uagb_comment_info":0,"uagb_excerpt":"A conta no Instagram Comercial \u00e9 essencial para fazer marketing e ter sucesso na rede, fale com a gente, criamos o seu perfil profissional no Instagram.","_links":{"self":[{"href":"https:\/\/eloh.com.br\/loja\/wp-json\/wp\/v2\/product\/2339","targetHints":{"allow":["GET"]}}],"collection":[{"href":"https:\/\/eloh.com.br\/loja\/wp-json\/wp\/v2\/product"}],"about":[{"href":"https:\/\/eloh.com.br\/loja\/wp-json\/wp\/v2\/types\/product"}],"replies":[{"embeddable":true,"href":"https:\/\/eloh.com.br\/loja\/wp-json\/wp\/v2\/comments?post=2339"}],"wp:featuredmedia":[{"embeddable":true,"href":"https:\/\/eloh.com.br\/loja\/wp-json\/wp\/v2\/media\/2340"}],"wp:attachment":[{"href":"https:\/\/eloh.com.br\/loja\/wp-json\/wp\/v2\/media?parent=2339"}],"wp:term":[{"taxonomy":"product_brand","embeddable":true,"href":"https:\/\/eloh.com.br\/loja\/wp-json\/wp\/v2\/product_brand?post=2339"},{"taxonomy":"product_cat","embeddable":true,"href":"https:\/\/eloh.com.br\/loja\/wp-json\/wp\/v2\/product_cat?post=2339"},{"taxonomy":"product_tag","embeddable":true,"href":"https:\/\/eloh.com.br\/loja\/wp-json\/wp\/v2\/product_tag?post=2339"}],"curies":[{"name":"wp","href":"https:\/\/api.w.org\/{rel}","templated":true}]}}