{"id":28,"date":"2018-09-27T05:19:24","date_gmt":"2018-09-27T05:19:24","guid":{"rendered":"https:\/\/demo.afthemes.com\/storecommerce-pro\/product\/import-placeholder-for-83\/"},"modified":"2021-12-14T21:59:56","modified_gmt":"2021-12-14T21:59:56","slug":"curso-sobre-instagram","status":"publish","type":"product","link":"https:\/\/eloh.com.br\/loja\/product\/curso-sobre-instagram\/","title":{"rendered":"Curso Sobre Instagram"},"content":{"rendered":"<p tabindex=\"1\"><strong>Curso completo sobre Instagram! <\/strong><\/p>\n<p tabindex=\"1\">O objetivo desse programa \u00e9 instruir pessoas de todas as idades sobre todas as ferramentas dispon\u00edveis no aplicativo e como usar cada uma em benef\u00edcio do seu neg\u00f3cio. Independente se voc\u00ea se cadastrou agora no Instagram ou se \u00e9 um heavy user h\u00e1 anos, teremos conte\u00fados espec\u00edficos para voc\u00ea aqui. Seguindo todos os passos, voc\u00ea ir\u00e1 melhorar a sua performance, atrair mais seguidores e converter muito mais vendas.<\/p>\n<p tabindex=\"1\">Todas as informa\u00e7\u00f5es compartilhadas nas aulas s\u00e3o informa\u00e7\u00f5es do pr\u00f3prio Instagram ou que foram descobertas a partir de pesquisas que fiz ao longo desses 9 anos de usu\u00e1ria da rede.<\/p>\n<p tabindex=\"1\">Al\u00e9m das aulas dispon\u00edveis na Hotmart, temos um perfil privado exclusivo para alunos no Instagram, onde compartilhamos mais dicas, realizamos lives fechadas e divulgamos as atualiza\u00e7\u00f5es do Instagram em primeira m\u00e3o.<\/p>\n<p tabindex=\"1\"><a href=\"https:\/\/go.hotmart.com\/K62447535D?dp=1\">FAZER CURSO<\/a><\/p>\n<p tabindex=\"1\">__________________________<\/p>\n","protected":false},"excerpt":{"rendered":"<p tabindex=\"1\">Al\u00e9m das aulas dispon\u00edveis na Hotmart, temos um perfil privado exclusivo para alunos no Instagram, onde compartilhamos mais dicas, realizamos lives fechadas e divulgamos as atualiza\u00e7\u00f5es do Instagram em primeira m\u00e3o<\/p>\n","protected":false},"featured_media":714,"comment_status":"open","ping_status":"closed","template":"","meta":{"_uag_custom_page_level_css":"","site-sidebar-layout":"default","site-content-layout":"default","ast-main-header-display":"","ast-hfb-above-header-display":"","ast-hfb-below-header-display":"","ast-hfb-mobile-header-display":"","site-post-title":"","ast-breadcrumbs-content":"","ast-featured-img":"","footer-sml-layout":"","theme-transparent-header-meta":"default","adv-header-id-meta":"","stick-header-meta":"","header-above-stick-meta":"","header-main-stick-meta":"","header-below-stick-meta":"","_joinchat":[]},"product_brand":[],"product_cat":[93],"product_tag":[99],"class_list":{"0":"post-28","1":"product","2":"type-product","3":"status-publish","4":"has-post-thumbnail","6":"product_cat-cursos","7":"product_tag-instagram","9":"first","10":"instock","11":"featured","12":"shipping-taxable","13":"product-type-external"},"yoast_head":"<!-- This site is optimized with the Yoast SEO plugin v27.2 - https:\/\/yoast.com\/product\/yoast-seo-wordpress\/ -->\n<title>Curso Sobre Instagram - Eloh loja<\/title>\n<meta name=\"description\" content=\"Curso completo sobre Instagram para todas as idades sobre todas as ferramentas do aplicativo e como usar cada uma no seu neg\u00f3cio.\" \/>\n<meta name=\"robots\" content=\"index, follow, max-snippet:-1, max-image-preview:large, max-video-preview:-1\" \/>\n<link rel=\"canonical\" href=\"https:\/\/eloh.com.br\/loja\/product\/curso-sobre-instagram\/\" \/>\n<meta property=\"og:locale\" content=\"pt_BR\" \/>\n<meta property=\"og:type\" content=\"article\" \/>\n<meta property=\"og:title\" content=\"Curso Sobre Instagram - Eloh loja\" \/>\n<meta property=\"og:description\" content=\"Curso completo sobre Instagram para todas as idades sobre todas as ferramentas do aplicativo e como usar cada uma no seu neg\u00f3cio.\" \/>\n<meta property=\"og:url\" content=\"https:\/\/eloh.com.br\/loja\/product\/curso-sobre-instagram\/\" \/>\n<meta property=\"og:site_name\" content=\"Eloh loja\" \/>\n<meta property=\"article:modified_time\" content=\"2021-12-14T21:59:56+00:00\" \/>\n<meta property=\"og:image\" content=\"https:\/\/eloh.com.br\/loja\/wp-content\/uploads\/2018\/09\/Curso-Marketing-no-Instagram-Vendas-Online-para-Negocios.jpg\" \/>\n\t<meta property=\"og:image:width\" content=\"1350\" \/>\n\t<meta property=\"og:image:height\" content=\"853\" \/>\n\t<meta property=\"og:image:type\" content=\"image\/jpeg\" \/>\n<meta name=\"twitter:card\" content=\"summary_large_image\" \/>\n<meta name=\"twitter:image\" content=\"https:\/\/i0.wp.com\/eloh.com.br\/loja\/wp-content\/uploads\/2018\/09\/Curso-Marketing-no-Instagram-Vendas-Online-para-Negocios.jpg?fit=1350%2C853&ssl=1\" \/>\n<meta name=\"twitter:label1\" content=\"Est. tempo de leitura\" \/>\n\t<meta name=\"twitter:data1\" content=\"1 minuto\" \/>\n<script type=\"application\/ld+json\" class=\"yoast-schema-graph\">{\"@context\":\"https:\/\/schema.org\",\"@graph\":[{\"@type\":\"WebPage\",\"@id\":\"https:\/\/eloh.com.br\/loja\/product\/curso-sobre-instagram\/\",\"url\":\"https:\/\/eloh.com.br\/loja\/product\/curso-sobre-instagram\/\",\"name\":\"Curso Sobre Instagram - Eloh loja\",\"isPartOf\":{\"@id\":\"https:\/\/eloh.com.br\/loja\/#website\"},\"primaryImageOfPage\":{\"@id\":\"https:\/\/eloh.com.br\/loja\/product\/curso-sobre-instagram\/#primaryimage\"},\"image\":{\"@id\":\"https:\/\/eloh.com.br\/loja\/product\/curso-sobre-instagram\/#primaryimage\"},\"thumbnailUrl\":\"https:\/\/i0.wp.com\/eloh.com.br\/loja\/wp-content\/uploads\/2018\/09\/Curso-Marketing-no-Instagram-Vendas-Online-para-Negocios.jpg?fit=1350%2C853&ssl=1\",\"datePublished\":\"2018-09-27T05:19:24+00:00\",\"dateModified\":\"2021-12-14T21:59:56+00:00\",\"description\":\"Curso completo sobre Instagram para todas as idades sobre todas as ferramentas do aplicativo e como usar cada uma no seu neg\u00f3cio.\",\"breadcrumb\":{\"@id\":\"https:\/\/eloh.com.br\/loja\/product\/curso-sobre-instagram\/#breadcrumb\"},\"inLanguage\":\"pt-BR\",\"potentialAction\":[{\"@type\":\"ReadAction\",\"target\":[\"https:\/\/eloh.com.br\/loja\/product\/curso-sobre-instagram\/\"]}]},{\"@type\":\"ImageObject\",\"inLanguage\":\"pt-BR\",\"@id\":\"https:\/\/eloh.com.br\/loja\/product\/curso-sobre-instagram\/#primaryimage\",\"url\":\"https:\/\/i0.wp.com\/eloh.com.br\/loja\/wp-content\/uploads\/2018\/09\/Curso-Marketing-no-Instagram-Vendas-Online-para-Negocios.jpg?fit=1350%2C853&ssl=1\",\"contentUrl\":\"https:\/\/i0.wp.com\/eloh.com.br\/loja\/wp-content\/uploads\/2018\/09\/Curso-Marketing-no-Instagram-Vendas-Online-para-Negocios.jpg?fit=1350%2C853&ssl=1\",\"width\":1350,\"height\":853,\"caption\":\"Curso completo sobre Instagram para todas as idades sobre todas as ferramentas do aplicativo e como usar cada uma no seu neg\u00f3cio.\"},{\"@type\":\"BreadcrumbList\",\"@id\":\"https:\/\/eloh.com.br\/loja\/product\/curso-sobre-instagram\/#breadcrumb\",\"itemListElement\":[{\"@type\":\"ListItem\",\"position\":1,\"name\":\"In\u00edcio\",\"item\":\"https:\/\/eloh.com.br\/loja\/\"},{\"@type\":\"ListItem\",\"position\":2,\"name\":\"Produtos\",\"item\":\"https:\/\/eloh.com.br\/loja\/produtos\/\"},{\"@type\":\"ListItem\",\"position\":3,\"name\":\"Curso Sobre Instagram\"}]},{\"@type\":\"WebSite\",\"@id\":\"https:\/\/eloh.com.br\/loja\/#website\",\"url\":\"https:\/\/eloh.com.br\/loja\/\",\"name\":\"Eloh loja\",\"description\":\"Loja de cursos, ferramentas, servi\u00e7os, sites, lojas online e tr\u00e1fego pago\",\"publisher\":{\"@id\":\"https:\/\/eloh.com.br\/loja\/#organization\"},\"potentialAction\":[{\"@type\":\"SearchAction\",\"target\":{\"@type\":\"EntryPoint\",\"urlTemplate\":\"https:\/\/eloh.com.br\/loja\/?s={search_term_string}\"},\"query-input\":{\"@type\":\"PropertyValueSpecification\",\"valueRequired\":true,\"valueName\":\"search_term_string\"}}],\"inLanguage\":\"pt-BR\"},{\"@type\":\"Organization\",\"@id\":\"https:\/\/eloh.com.br\/loja\/#organization\",\"name\":\"Eloh loja\",\"url\":\"https:\/\/eloh.com.br\/loja\/\",\"logo\":{\"@type\":\"ImageObject\",\"inLanguage\":\"pt-BR\",\"@id\":\"https:\/\/eloh.com.br\/loja\/#\/schema\/logo\/image\/\",\"url\":\"https:\/\/i0.wp.com\/eloh.com.br\/loja\/wp-content\/uploads\/2022\/08\/cropped-logo-eloh-criacao-de-site-3.png?fit=1080%2C360&ssl=1\",\"contentUrl\":\"https:\/\/i0.wp.com\/eloh.com.br\/loja\/wp-content\/uploads\/2022\/08\/cropped-logo-eloh-criacao-de-site-3.png?fit=1080%2C360&ssl=1\",\"width\":1080,\"height\":360,\"caption\":\"Eloh loja\"},\"image\":{\"@id\":\"https:\/\/eloh.com.br\/loja\/#\/schema\/logo\/image\/\"}}]}<\/script>\n<!-- \/ Yoast SEO plugin. -->","yoast_head_json":{"title":"Curso Sobre Instagram - Eloh loja","description":"Curso completo sobre Instagram para todas as idades sobre todas as ferramentas do aplicativo e como usar cada uma no seu neg\u00f3cio.","robots":{"index":"index","follow":"follow","max-snippet":"max-snippet:-1","max-image-preview":"max-image-preview:large","max-video-preview":"max-video-preview:-1"},"canonical":"https:\/\/eloh.com.br\/loja\/product\/curso-sobre-instagram\/","og_locale":"pt_BR","og_type":"article","og_title":"Curso Sobre Instagram - Eloh loja","og_description":"Curso completo sobre Instagram para todas as idades sobre todas as ferramentas do aplicativo e como usar cada uma no seu neg\u00f3cio.","og_url":"https:\/\/eloh.com.br\/loja\/product\/curso-sobre-instagram\/","og_site_name":"Eloh loja","article_modified_time":"2021-12-14T21:59:56+00:00","og_image":[{"width":1350,"height":853,"url":"https:\/\/eloh.com.br\/loja\/wp-content\/uploads\/2018\/09\/Curso-Marketing-no-Instagram-Vendas-Online-para-Negocios.jpg","type":"image\/jpeg"}],"twitter_card":"summary_large_image","twitter_image":"https:\/\/i0.wp.com\/eloh.com.br\/loja\/wp-content\/uploads\/2018\/09\/Curso-Marketing-no-Instagram-Vendas-Online-para-Negocios.jpg?fit=1350%2C853&ssl=1","twitter_misc":{"Est. tempo de leitura":"1 minuto"},"schema":{"@context":"https:\/\/schema.org","@graph":[{"@type":"WebPage","@id":"https:\/\/eloh.com.br\/loja\/product\/curso-sobre-instagram\/","url":"https:\/\/eloh.com.br\/loja\/product\/curso-sobre-instagram\/","name":"Curso Sobre Instagram - Eloh loja","isPartOf":{"@id":"https:\/\/eloh.com.br\/loja\/#website"},"primaryImageOfPage":{"@id":"https:\/\/eloh.com.br\/loja\/product\/curso-sobre-instagram\/#primaryimage"},"image":{"@id":"https:\/\/eloh.com.br\/loja\/product\/curso-sobre-instagram\/#primaryimage"},"thumbnailUrl":"https:\/\/i0.wp.com\/eloh.com.br\/loja\/wp-content\/uploads\/2018\/09\/Curso-Marketing-no-Instagram-Vendas-Online-para-Negocios.jpg?fit=1350%2C853&ssl=1","datePublished":"2018-09-27T05:19:24+00:00","dateModified":"2021-12-14T21:59:56+00:00","description":"Curso completo sobre Instagram para todas as idades sobre todas as ferramentas do aplicativo e como usar cada uma no seu neg\u00f3cio.","breadcrumb":{"@id":"https:\/\/eloh.com.br\/loja\/product\/curso-sobre-instagram\/#breadcrumb"},"inLanguage":"pt-BR","potentialAction":[{"@type":"ReadAction","target":["https:\/\/eloh.com.br\/loja\/product\/curso-sobre-instagram\/"]}]},{"@type":"ImageObject","inLanguage":"pt-BR","@id":"https:\/\/eloh.com.br\/loja\/product\/curso-sobre-instagram\/#primaryimage","url":"https:\/\/i0.wp.com\/eloh.com.br\/loja\/wp-content\/uploads\/2018\/09\/Curso-Marketing-no-Instagram-Vendas-Online-para-Negocios.jpg?fit=1350%2C853&ssl=1","contentUrl":"https:\/\/i0.wp.com\/eloh.com.br\/loja\/wp-content\/uploads\/2018\/09\/Curso-Marketing-no-Instagram-Vendas-Online-para-Negocios.jpg?fit=1350%2C853&ssl=1","width":1350,"height":853,"caption":"Curso completo sobre Instagram para todas as idades sobre todas as ferramentas do aplicativo e como usar cada uma no seu neg\u00f3cio."},{"@type":"BreadcrumbList","@id":"https:\/\/eloh.com.br\/loja\/product\/curso-sobre-instagram\/#breadcrumb","itemListElement":[{"@type":"ListItem","position":1,"name":"In\u00edcio","item":"https:\/\/eloh.com.br\/loja\/"},{"@type":"ListItem","position":2,"name":"Produtos","item":"https:\/\/eloh.com.br\/loja\/produtos\/"},{"@type":"ListItem","position":3,"name":"Curso Sobre Instagram"}]},{"@type":"WebSite","@id":"https:\/\/eloh.com.br\/loja\/#website","url":"https:\/\/eloh.com.br\/loja\/","name":"Eloh loja","description":"Loja de cursos, ferramentas, servi\u00e7os, sites, lojas online e tr\u00e1fego pago","publisher":{"@id":"https:\/\/eloh.com.br\/loja\/#organization"},"potentialAction":[{"@type":"SearchAction","target":{"@type":"EntryPoint","urlTemplate":"https:\/\/eloh.com.br\/loja\/?s={search_term_string}"},"query-input":{"@type":"PropertyValueSpecification","valueRequired":true,"valueName":"search_term_string"}}],"inLanguage":"pt-BR"},{"@type":"Organization","@id":"https:\/\/eloh.com.br\/loja\/#organization","name":"Eloh loja","url":"https:\/\/eloh.com.br\/loja\/","logo":{"@type":"ImageObject","inLanguage":"pt-BR","@id":"https:\/\/eloh.com.br\/loja\/#\/schema\/logo\/image\/","url":"https:\/\/i0.wp.com\/eloh.com.br\/loja\/wp-content\/uploads\/2022\/08\/cropped-logo-eloh-criacao-de-site-3.png?fit=1080%2C360&ssl=1","contentUrl":"https:\/\/i0.wp.com\/eloh.com.br\/loja\/wp-content\/uploads\/2022\/08\/cropped-logo-eloh-criacao-de-site-3.png?fit=1080%2C360&ssl=1","width":1080,"height":360,"caption":"Eloh loja"},"image":{"@id":"https:\/\/eloh.com.br\/loja\/#\/schema\/logo\/image\/"}}]}},"jetpack_sharing_enabled":true,"uagb_featured_image_src":{"full":["https:\/\/i0.wp.com\/eloh.com.br\/loja\/wp-content\/uploads\/2018\/09\/Curso-Marketing-no-Instagram-Vendas-Online-para-Negocios.jpg?fit=1350%2C853&ssl=1",1350,853,false],"thumbnail":["https:\/\/i0.wp.com\/eloh.com.br\/loja\/wp-content\/uploads\/2018\/09\/Curso-Marketing-no-Instagram-Vendas-Online-para-Negocios.jpg?resize=150%2C150&ssl=1",150,150,true],"medium":["https:\/\/i0.wp.com\/eloh.com.br\/loja\/wp-content\/uploads\/2018\/09\/Curso-Marketing-no-Instagram-Vendas-Online-para-Negocios.jpg?fit=300%2C190&ssl=1",300,190,true],"medium_large":["https:\/\/i0.wp.com\/eloh.com.br\/loja\/wp-content\/uploads\/2018\/09\/Curso-Marketing-no-Instagram-Vendas-Online-para-Negocios.jpg?fit=768%2C485&ssl=1",768,485,true],"large":["https:\/\/i0.wp.com\/eloh.com.br\/loja\/wp-content\/uploads\/2018\/09\/Curso-Marketing-no-Instagram-Vendas-Online-para-Negocios.jpg?fit=1024%2C647&ssl=1",1024,647,true],"1536x1536":["https:\/\/i0.wp.com\/eloh.com.br\/loja\/wp-content\/uploads\/2018\/09\/Curso-Marketing-no-Instagram-Vendas-Online-para-Negocios.jpg?fit=1350%2C853&ssl=1",1350,853,true],"2048x2048":["https:\/\/i0.wp.com\/eloh.com.br\/loja\/wp-content\/uploads\/2018\/09\/Curso-Marketing-no-Instagram-Vendas-Online-para-Negocios.jpg?fit=1350%2C853&ssl=1",1350,853,true],"woocommerce_thumbnail":["https:\/\/i0.wp.com\/eloh.com.br\/loja\/wp-content\/uploads\/2018\/09\/Curso-Marketing-no-Instagram-Vendas-Online-para-Negocios.jpg?resize=300%2C300&ssl=1",300,300,true],"woocommerce_single":["https:\/\/i0.wp.com\/eloh.com.br\/loja\/wp-content\/uploads\/2018\/09\/Curso-Marketing-no-Instagram-Vendas-Online-para-Negocios.jpg?fit=600%2C379&ssl=1",600,379,true],"woocommerce_gallery_thumbnail":["https:\/\/i0.wp.com\/eloh.com.br\/loja\/wp-content\/uploads\/2018\/09\/Curso-Marketing-no-Instagram-Vendas-Online-para-Negocios.jpg?resize=100%2C100&ssl=1",100,100,true]},"uagb_author_info":{"display_name":"Eloh Loja","author_link":"https:\/\/eloh.com.br\/loja\/author\/"},"uagb_comment_info":0,"uagb_excerpt":"Al\u00e9m das aulas dispon\u00edveis na Hotmart, temos um perfil privado exclusivo para alunos no Instagram, onde compartilhamos mais dicas, realizamos lives fechadas e divulgamos as atualiza\u00e7\u00f5es do Instagram em primeira m\u00e3o","_links":{"self":[{"href":"https:\/\/eloh.com.br\/loja\/wp-json\/wp\/v2\/product\/28","targetHints":{"allow":["GET"]}}],"collection":[{"href":"https:\/\/eloh.com.br\/loja\/wp-json\/wp\/v2\/product"}],"about":[{"href":"https:\/\/eloh.com.br\/loja\/wp-json\/wp\/v2\/types\/product"}],"replies":[{"embeddable":true,"href":"https:\/\/eloh.com.br\/loja\/wp-json\/wp\/v2\/comments?post=28"}],"wp:featuredmedia":[{"embeddable":true,"href":"https:\/\/eloh.com.br\/loja\/wp-json\/wp\/v2\/media\/714"}],"wp:attachment":[{"href":"https:\/\/eloh.com.br\/loja\/wp-json\/wp\/v2\/media?parent=28"}],"wp:term":[{"taxonomy":"product_brand","embeddable":true,"href":"https:\/\/eloh.com.br\/loja\/wp-json\/wp\/v2\/product_brand?post=28"},{"taxonomy":"product_cat","embeddable":true,"href":"https:\/\/eloh.com.br\/loja\/wp-json\/wp\/v2\/product_cat?post=28"},{"taxonomy":"product_tag","embeddable":true,"href":"https:\/\/eloh.com.br\/loja\/wp-json\/wp\/v2\/product_tag?post=28"}],"curies":[{"name":"wp","href":"https:\/\/api.w.org\/{rel}","templated":true}]}}