{"id":711,"date":"2021-08-27T17:30:49","date_gmt":"2021-08-27T17:30:49","guid":{"rendered":"https:\/\/eloh.com.br\/loja\/?post_type=product&#038;p=711"},"modified":"2021-12-14T21:58:39","modified_gmt":"2021-12-14T21:58:39","slug":"curso-online-de-trafego-pago-no-facebook-desenvolva-suas-habilidades-em-facebook-ads","status":"publish","type":"product","link":"https:\/\/eloh.com.br\/loja\/product\/curso-online-de-trafego-pago-no-facebook-desenvolva-suas-habilidades-em-facebook-ads\/","title":{"rendered":"Curso Facebook Ads &#8211; tr\u00e1fego pago"},"content":{"rendered":"<p>Curso Online de Tr\u00e1fego Pago no Facebook. Desenvolva suas habilidades em Facebook Ads.<\/p>\n<p tabindex=\"1\">Curso Online de Tr\u00e1fego Pago no Facebook, Instagram, Pinterest, Google e Youtube, que te ensina a criar an\u00fancios, campanhas e estrat\u00e9gias da forma certa, com foco em gerar vendas todos os dias com um ROI e Lucro consistentes. Desenvolva suas habilidades em Facebook Ads.<\/p>\n<p tabindex=\"1\">Desenvolva suas habilidades em cria\u00e7\u00e3o de an\u00fancios no Facebook e Instagram e aprenda com Felipe Cardozo a criar an\u00fancios que vendem todos os dias com um curso completo, atualizado com novas aulas todos os meses.<\/p>\n<p tabindex=\"1\"><a href=\"https:\/\/go.hotmart.com\/G62413967S?dp=1\">FAZER CURSO<\/a><\/p>\n<p tabindex=\"1\">_______________________<\/p>\n","protected":false},"excerpt":{"rendered":"<p>Curso Online de Tr\u00e1fego Pago no Facebook. Desenvolva suas habilidades em Facebook Ads.<\/p>\n<p tabindex=\"1\">\n","protected":false},"featured_media":712,"comment_status":"open","ping_status":"closed","template":"","meta":{"_uag_custom_page_level_css":"","site-sidebar-layout":"default","site-content-layout":"default","ast-main-header-display":"","ast-hfb-above-header-display":"","ast-hfb-below-header-display":"","ast-hfb-mobile-header-display":"","site-post-title":"","ast-breadcrumbs-content":"","ast-featured-img":"","footer-sml-layout":"","theme-transparent-header-meta":"default","adv-header-id-meta":"","stick-header-meta":"","header-above-stick-meta":"","header-main-stick-meta":"","header-below-stick-meta":"","_joinchat":[]},"product_brand":[],"product_cat":[93],"product_tag":[97,129],"class_list":{"0":"post-711","1":"product","2":"type-product","3":"status-publish","4":"has-post-thumbnail","6":"product_cat-cursos","7":"product_tag-facebook-ads","8":"product_tag-trafego-pago","10":"first","11":"instock","12":"shipping-taxable","13":"product-type-external"},"yoast_head":"<!-- This site is optimized with the Yoast SEO plugin v27.2 - https:\/\/yoast.com\/product\/yoast-seo-wordpress\/ -->\n<title>Curso Facebook Ads - tr\u00e1fego pago - Eloh loja<\/title>\n<meta name=\"description\" content=\"Curso Online de Tr\u00e1fego Pago no Facebook. Desenvolva suas habilidades em Facebook Ads, aprender a criar an\u00fancios que vendem todos os dias.\" \/>\n<meta name=\"robots\" content=\"index, follow, max-snippet:-1, max-image-preview:large, max-video-preview:-1\" \/>\n<link rel=\"canonical\" href=\"https:\/\/eloh.com.br\/loja\/product\/curso-online-de-trafego-pago-no-facebook-desenvolva-suas-habilidades-em-facebook-ads\/\" \/>\n<meta property=\"og:locale\" content=\"pt_BR\" \/>\n<meta property=\"og:type\" content=\"article\" \/>\n<meta property=\"og:title\" content=\"Curso Facebook Ads - tr\u00e1fego pago - Eloh loja\" \/>\n<meta property=\"og:description\" content=\"Curso Online de Tr\u00e1fego Pago no Facebook. Desenvolva suas habilidades em Facebook Ads, aprender a criar an\u00fancios que vendem todos os dias.\" \/>\n<meta property=\"og:url\" content=\"https:\/\/eloh.com.br\/loja\/product\/curso-online-de-trafego-pago-no-facebook-desenvolva-suas-habilidades-em-facebook-ads\/\" \/>\n<meta property=\"og:site_name\" content=\"Eloh loja\" \/>\n<meta property=\"article:modified_time\" content=\"2021-12-14T21:58:39+00:00\" \/>\n<meta property=\"og:image\" content=\"https:\/\/eloh.com.br\/loja\/wp-content\/uploads\/2021\/08\/Curso-Marketing-no-Facebook-Vendas-Online-para-Negocios.jpg\" \/>\n\t<meta property=\"og:image:width\" content=\"1350\" \/>\n\t<meta property=\"og:image:height\" content=\"853\" \/>\n\t<meta property=\"og:image:type\" content=\"image\/jpeg\" \/>\n<meta name=\"twitter:card\" content=\"summary_large_image\" \/>\n<meta name=\"twitter:label1\" content=\"Est. tempo de leitura\" \/>\n\t<meta name=\"twitter:data1\" content=\"1 minuto\" \/>\n<script type=\"application\/ld+json\" class=\"yoast-schema-graph\">{\"@context\":\"https:\/\/schema.org\",\"@graph\":[{\"@type\":\"WebPage\",\"@id\":\"https:\/\/eloh.com.br\/loja\/product\/curso-online-de-trafego-pago-no-facebook-desenvolva-suas-habilidades-em-facebook-ads\/\",\"url\":\"https:\/\/eloh.com.br\/loja\/product\/curso-online-de-trafego-pago-no-facebook-desenvolva-suas-habilidades-em-facebook-ads\/\",\"name\":\"Curso Facebook Ads - tr\u00e1fego pago - Eloh loja\",\"isPartOf\":{\"@id\":\"https:\/\/eloh.com.br\/loja\/#website\"},\"primaryImageOfPage\":{\"@id\":\"https:\/\/eloh.com.br\/loja\/product\/curso-online-de-trafego-pago-no-facebook-desenvolva-suas-habilidades-em-facebook-ads\/#primaryimage\"},\"image\":{\"@id\":\"https:\/\/eloh.com.br\/loja\/product\/curso-online-de-trafego-pago-no-facebook-desenvolva-suas-habilidades-em-facebook-ads\/#primaryimage\"},\"thumbnailUrl\":\"https:\/\/i0.wp.com\/eloh.com.br\/loja\/wp-content\/uploads\/2021\/08\/Curso-Marketing-no-Facebook-Vendas-Online-para-Negocios.jpg?fit=1350%2C853&ssl=1\",\"datePublished\":\"2021-08-27T17:30:49+00:00\",\"dateModified\":\"2021-12-14T21:58:39+00:00\",\"description\":\"Curso Online de Tr\u00e1fego Pago no Facebook. Desenvolva suas habilidades em Facebook Ads, aprender a criar an\u00fancios que vendem todos os dias.\",\"breadcrumb\":{\"@id\":\"https:\/\/eloh.com.br\/loja\/product\/curso-online-de-trafego-pago-no-facebook-desenvolva-suas-habilidades-em-facebook-ads\/#breadcrumb\"},\"inLanguage\":\"pt-BR\",\"potentialAction\":[{\"@type\":\"ReadAction\",\"target\":[\"https:\/\/eloh.com.br\/loja\/product\/curso-online-de-trafego-pago-no-facebook-desenvolva-suas-habilidades-em-facebook-ads\/\"]}]},{\"@type\":\"ImageObject\",\"inLanguage\":\"pt-BR\",\"@id\":\"https:\/\/eloh.com.br\/loja\/product\/curso-online-de-trafego-pago-no-facebook-desenvolva-suas-habilidades-em-facebook-ads\/#primaryimage\",\"url\":\"https:\/\/i0.wp.com\/eloh.com.br\/loja\/wp-content\/uploads\/2021\/08\/Curso-Marketing-no-Facebook-Vendas-Online-para-Negocios.jpg?fit=1350%2C853&ssl=1\",\"contentUrl\":\"https:\/\/i0.wp.com\/eloh.com.br\/loja\/wp-content\/uploads\/2021\/08\/Curso-Marketing-no-Facebook-Vendas-Online-para-Negocios.jpg?fit=1350%2C853&ssl=1\",\"width\":1350,\"height\":853,\"caption\":\"Curso Online de Tr\u00e1fego Pago no Facebook. Desenvolva suas habilidades em Facebook Ads.\"},{\"@type\":\"BreadcrumbList\",\"@id\":\"https:\/\/eloh.com.br\/loja\/product\/curso-online-de-trafego-pago-no-facebook-desenvolva-suas-habilidades-em-facebook-ads\/#breadcrumb\",\"itemListElement\":[{\"@type\":\"ListItem\",\"position\":1,\"name\":\"In\u00edcio\",\"item\":\"https:\/\/eloh.com.br\/loja\/\"},{\"@type\":\"ListItem\",\"position\":2,\"name\":\"Produtos\",\"item\":\"https:\/\/eloh.com.br\/loja\/produtos\/\"},{\"@type\":\"ListItem\",\"position\":3,\"name\":\"Curso Facebook Ads &#8211; tr\u00e1fego pago\"}]},{\"@type\":\"WebSite\",\"@id\":\"https:\/\/eloh.com.br\/loja\/#website\",\"url\":\"https:\/\/eloh.com.br\/loja\/\",\"name\":\"Eloh loja\",\"description\":\"Loja de cursos, ferramentas, servi\u00e7os, sites, lojas online e tr\u00e1fego pago\",\"publisher\":{\"@id\":\"https:\/\/eloh.com.br\/loja\/#organization\"},\"potentialAction\":[{\"@type\":\"SearchAction\",\"target\":{\"@type\":\"EntryPoint\",\"urlTemplate\":\"https:\/\/eloh.com.br\/loja\/?s={search_term_string}\"},\"query-input\":{\"@type\":\"PropertyValueSpecification\",\"valueRequired\":true,\"valueName\":\"search_term_string\"}}],\"inLanguage\":\"pt-BR\"},{\"@type\":\"Organization\",\"@id\":\"https:\/\/eloh.com.br\/loja\/#organization\",\"name\":\"Eloh loja\",\"url\":\"https:\/\/eloh.com.br\/loja\/\",\"logo\":{\"@type\":\"ImageObject\",\"inLanguage\":\"pt-BR\",\"@id\":\"https:\/\/eloh.com.br\/loja\/#\/schema\/logo\/image\/\",\"url\":\"https:\/\/i0.wp.com\/eloh.com.br\/loja\/wp-content\/uploads\/2022\/08\/cropped-logo-eloh-criacao-de-site-3.png?fit=1080%2C360&ssl=1\",\"contentUrl\":\"https:\/\/i0.wp.com\/eloh.com.br\/loja\/wp-content\/uploads\/2022\/08\/cropped-logo-eloh-criacao-de-site-3.png?fit=1080%2C360&ssl=1\",\"width\":1080,\"height\":360,\"caption\":\"Eloh loja\"},\"image\":{\"@id\":\"https:\/\/eloh.com.br\/loja\/#\/schema\/logo\/image\/\"}}]}<\/script>\n<!-- \/ Yoast SEO plugin. -->","yoast_head_json":{"title":"Curso Facebook Ads - tr\u00e1fego pago - Eloh loja","description":"Curso Online de Tr\u00e1fego Pago no Facebook. Desenvolva suas habilidades em Facebook Ads, aprender a criar an\u00fancios que vendem todos os dias.","robots":{"index":"index","follow":"follow","max-snippet":"max-snippet:-1","max-image-preview":"max-image-preview:large","max-video-preview":"max-video-preview:-1"},"canonical":"https:\/\/eloh.com.br\/loja\/product\/curso-online-de-trafego-pago-no-facebook-desenvolva-suas-habilidades-em-facebook-ads\/","og_locale":"pt_BR","og_type":"article","og_title":"Curso Facebook Ads - tr\u00e1fego pago - Eloh loja","og_description":"Curso Online de Tr\u00e1fego Pago no Facebook. Desenvolva suas habilidades em Facebook Ads, aprender a criar an\u00fancios que vendem todos os dias.","og_url":"https:\/\/eloh.com.br\/loja\/product\/curso-online-de-trafego-pago-no-facebook-desenvolva-suas-habilidades-em-facebook-ads\/","og_site_name":"Eloh loja","article_modified_time":"2021-12-14T21:58:39+00:00","og_image":[{"width":1350,"height":853,"url":"https:\/\/eloh.com.br\/loja\/wp-content\/uploads\/2021\/08\/Curso-Marketing-no-Facebook-Vendas-Online-para-Negocios.jpg","type":"image\/jpeg"}],"twitter_card":"summary_large_image","twitter_misc":{"Est. tempo de leitura":"1 minuto"},"schema":{"@context":"https:\/\/schema.org","@graph":[{"@type":"WebPage","@id":"https:\/\/eloh.com.br\/loja\/product\/curso-online-de-trafego-pago-no-facebook-desenvolva-suas-habilidades-em-facebook-ads\/","url":"https:\/\/eloh.com.br\/loja\/product\/curso-online-de-trafego-pago-no-facebook-desenvolva-suas-habilidades-em-facebook-ads\/","name":"Curso Facebook Ads - tr\u00e1fego pago - Eloh loja","isPartOf":{"@id":"https:\/\/eloh.com.br\/loja\/#website"},"primaryImageOfPage":{"@id":"https:\/\/eloh.com.br\/loja\/product\/curso-online-de-trafego-pago-no-facebook-desenvolva-suas-habilidades-em-facebook-ads\/#primaryimage"},"image":{"@id":"https:\/\/eloh.com.br\/loja\/product\/curso-online-de-trafego-pago-no-facebook-desenvolva-suas-habilidades-em-facebook-ads\/#primaryimage"},"thumbnailUrl":"https:\/\/i0.wp.com\/eloh.com.br\/loja\/wp-content\/uploads\/2021\/08\/Curso-Marketing-no-Facebook-Vendas-Online-para-Negocios.jpg?fit=1350%2C853&ssl=1","datePublished":"2021-08-27T17:30:49+00:00","dateModified":"2021-12-14T21:58:39+00:00","description":"Curso Online de Tr\u00e1fego Pago no Facebook. Desenvolva suas habilidades em Facebook Ads, aprender a criar an\u00fancios que vendem todos os dias.","breadcrumb":{"@id":"https:\/\/eloh.com.br\/loja\/product\/curso-online-de-trafego-pago-no-facebook-desenvolva-suas-habilidades-em-facebook-ads\/#breadcrumb"},"inLanguage":"pt-BR","potentialAction":[{"@type":"ReadAction","target":["https:\/\/eloh.com.br\/loja\/product\/curso-online-de-trafego-pago-no-facebook-desenvolva-suas-habilidades-em-facebook-ads\/"]}]},{"@type":"ImageObject","inLanguage":"pt-BR","@id":"https:\/\/eloh.com.br\/loja\/product\/curso-online-de-trafego-pago-no-facebook-desenvolva-suas-habilidades-em-facebook-ads\/#primaryimage","url":"https:\/\/i0.wp.com\/eloh.com.br\/loja\/wp-content\/uploads\/2021\/08\/Curso-Marketing-no-Facebook-Vendas-Online-para-Negocios.jpg?fit=1350%2C853&ssl=1","contentUrl":"https:\/\/i0.wp.com\/eloh.com.br\/loja\/wp-content\/uploads\/2021\/08\/Curso-Marketing-no-Facebook-Vendas-Online-para-Negocios.jpg?fit=1350%2C853&ssl=1","width":1350,"height":853,"caption":"Curso Online de Tr\u00e1fego Pago no Facebook. Desenvolva suas habilidades em Facebook Ads."},{"@type":"BreadcrumbList","@id":"https:\/\/eloh.com.br\/loja\/product\/curso-online-de-trafego-pago-no-facebook-desenvolva-suas-habilidades-em-facebook-ads\/#breadcrumb","itemListElement":[{"@type":"ListItem","position":1,"name":"In\u00edcio","item":"https:\/\/eloh.com.br\/loja\/"},{"@type":"ListItem","position":2,"name":"Produtos","item":"https:\/\/eloh.com.br\/loja\/produtos\/"},{"@type":"ListItem","position":3,"name":"Curso Facebook Ads &#8211; tr\u00e1fego pago"}]},{"@type":"WebSite","@id":"https:\/\/eloh.com.br\/loja\/#website","url":"https:\/\/eloh.com.br\/loja\/","name":"Eloh loja","description":"Loja de cursos, ferramentas, servi\u00e7os, sites, lojas online e tr\u00e1fego pago","publisher":{"@id":"https:\/\/eloh.com.br\/loja\/#organization"},"potentialAction":[{"@type":"SearchAction","target":{"@type":"EntryPoint","urlTemplate":"https:\/\/eloh.com.br\/loja\/?s={search_term_string}"},"query-input":{"@type":"PropertyValueSpecification","valueRequired":true,"valueName":"search_term_string"}}],"inLanguage":"pt-BR"},{"@type":"Organization","@id":"https:\/\/eloh.com.br\/loja\/#organization","name":"Eloh loja","url":"https:\/\/eloh.com.br\/loja\/","logo":{"@type":"ImageObject","inLanguage":"pt-BR","@id":"https:\/\/eloh.com.br\/loja\/#\/schema\/logo\/image\/","url":"https:\/\/i0.wp.com\/eloh.com.br\/loja\/wp-content\/uploads\/2022\/08\/cropped-logo-eloh-criacao-de-site-3.png?fit=1080%2C360&ssl=1","contentUrl":"https:\/\/i0.wp.com\/eloh.com.br\/loja\/wp-content\/uploads\/2022\/08\/cropped-logo-eloh-criacao-de-site-3.png?fit=1080%2C360&ssl=1","width":1080,"height":360,"caption":"Eloh loja"},"image":{"@id":"https:\/\/eloh.com.br\/loja\/#\/schema\/logo\/image\/"}}]}},"jetpack_sharing_enabled":true,"uagb_featured_image_src":{"full":["https:\/\/i0.wp.com\/eloh.com.br\/loja\/wp-content\/uploads\/2021\/08\/Curso-Marketing-no-Facebook-Vendas-Online-para-Negocios.jpg?fit=1350%2C853&ssl=1",1350,853,false],"thumbnail":["https:\/\/i0.wp.com\/eloh.com.br\/loja\/wp-content\/uploads\/2021\/08\/Curso-Marketing-no-Facebook-Vendas-Online-para-Negocios.jpg?resize=150%2C150&ssl=1",150,150,true],"medium":["https:\/\/i0.wp.com\/eloh.com.br\/loja\/wp-content\/uploads\/2021\/08\/Curso-Marketing-no-Facebook-Vendas-Online-para-Negocios.jpg?fit=300%2C190&ssl=1",300,190,true],"medium_large":["https:\/\/i0.wp.com\/eloh.com.br\/loja\/wp-content\/uploads\/2021\/08\/Curso-Marketing-no-Facebook-Vendas-Online-para-Negocios.jpg?fit=768%2C485&ssl=1",768,485,true],"large":["https:\/\/i0.wp.com\/eloh.com.br\/loja\/wp-content\/uploads\/2021\/08\/Curso-Marketing-no-Facebook-Vendas-Online-para-Negocios.jpg?fit=1024%2C647&ssl=1",1024,647,true],"1536x1536":["https:\/\/i0.wp.com\/eloh.com.br\/loja\/wp-content\/uploads\/2021\/08\/Curso-Marketing-no-Facebook-Vendas-Online-para-Negocios.jpg?fit=1350%2C853&ssl=1",1350,853,true],"2048x2048":["https:\/\/i0.wp.com\/eloh.com.br\/loja\/wp-content\/uploads\/2021\/08\/Curso-Marketing-no-Facebook-Vendas-Online-para-Negocios.jpg?fit=1350%2C853&ssl=1",1350,853,true],"woocommerce_thumbnail":["https:\/\/i0.wp.com\/eloh.com.br\/loja\/wp-content\/uploads\/2021\/08\/Curso-Marketing-no-Facebook-Vendas-Online-para-Negocios.jpg?resize=300%2C300&ssl=1",300,300,true],"woocommerce_single":["https:\/\/i0.wp.com\/eloh.com.br\/loja\/wp-content\/uploads\/2021\/08\/Curso-Marketing-no-Facebook-Vendas-Online-para-Negocios.jpg?fit=600%2C379&ssl=1",600,379,true],"woocommerce_gallery_thumbnail":["https:\/\/i0.wp.com\/eloh.com.br\/loja\/wp-content\/uploads\/2021\/08\/Curso-Marketing-no-Facebook-Vendas-Online-para-Negocios.jpg?resize=100%2C100&ssl=1",100,100,true]},"uagb_author_info":{"display_name":"Eloh Loja","author_link":"https:\/\/eloh.com.br\/loja\/author\/"},"uagb_comment_info":0,"uagb_excerpt":"Curso Online de Tr\u00e1fego Pago no Facebook. Desenvolva suas habilidades em Facebook Ads.","_links":{"self":[{"href":"https:\/\/eloh.com.br\/loja\/wp-json\/wp\/v2\/product\/711","targetHints":{"allow":["GET"]}}],"collection":[{"href":"https:\/\/eloh.com.br\/loja\/wp-json\/wp\/v2\/product"}],"about":[{"href":"https:\/\/eloh.com.br\/loja\/wp-json\/wp\/v2\/types\/product"}],"replies":[{"embeddable":true,"href":"https:\/\/eloh.com.br\/loja\/wp-json\/wp\/v2\/comments?post=711"}],"wp:featuredmedia":[{"embeddable":true,"href":"https:\/\/eloh.com.br\/loja\/wp-json\/wp\/v2\/media\/712"}],"wp:attachment":[{"href":"https:\/\/eloh.com.br\/loja\/wp-json\/wp\/v2\/media?parent=711"}],"wp:term":[{"taxonomy":"product_brand","embeddable":true,"href":"https:\/\/eloh.com.br\/loja\/wp-json\/wp\/v2\/product_brand?post=711"},{"taxonomy":"product_cat","embeddable":true,"href":"https:\/\/eloh.com.br\/loja\/wp-json\/wp\/v2\/product_cat?post=711"},{"taxonomy":"product_tag","embeddable":true,"href":"https:\/\/eloh.com.br\/loja\/wp-json\/wp\/v2\/product_tag?post=711"}],"curies":[{"name":"wp","href":"https:\/\/api.w.org\/{rel}","templated":true}]}}