{"id":715,"date":"2021-08-27T18:55:43","date_gmt":"2021-08-27T18:55:43","guid":{"rendered":"https:\/\/eloh.com.br\/loja\/?post_type=product&#038;p=715"},"modified":"2021-11-17T18:51:00","modified_gmt":"2021-11-17T18:51:00","slug":"curso-de-gestao-completa-de-redes-sociais","status":"publish","type":"product","link":"https:\/\/eloh.com.br\/loja\/product\/curso-de-gestao-completa-de-redes-sociais\/","title":{"rendered":"Curso de Gest\u00e3o Completa de Redes Sociais"},"content":{"rendered":"<p>Para quem quer se tornar um Profissional de n\u00edvel nacional em Gest\u00e3o de Redes Sociais.<\/p>\n<p>Com +10 anos de experi\u00eancia no mercado digital, o curso foi desenvolvido pelo cofundador da E-Dialog e do Reportei, Renan Caixeiro. Tendo j\u00e1 formado mais de 500 alunos em todo pa\u00eds, o curso foi desenvolvido para treinar a equipe das empresas de Renan, que s\u00e3o especializadas em marketing de redes sociais.<\/p>\n<p><a href=\"https:\/\/go.hotmart.com\/B62413341E?dp=1\">FAZER CURSO<\/a><\/p>\n<p>___________________<\/p>\n","protected":false},"excerpt":{"rendered":"<p>Para quem quer se tornar um Profissional de n\u00edvel nacional em Gest\u00e3o de Redes Sociais.<\/p>\n","protected":false},"featured_media":716,"comment_status":"open","ping_status":"closed","template":"","meta":{"_uag_custom_page_level_css":"","site-sidebar-layout":"default","site-content-layout":"default","ast-main-header-display":"","ast-hfb-above-header-display":"","ast-hfb-below-header-display":"","ast-hfb-mobile-header-display":"","site-post-title":"","ast-breadcrumbs-content":"","ast-featured-img":"","footer-sml-layout":"","theme-transparent-header-meta":"default","adv-header-id-meta":null,"stick-header-meta":null,"header-above-stick-meta":null,"header-main-stick-meta":null,"header-below-stick-meta":null,"_joinchat":[]},"product_brand":[],"product_cat":[93],"product_tag":[96],"class_list":{"0":"post-715","1":"product","2":"type-product","3":"status-publish","4":"has-post-thumbnail","6":"product_cat-cursos","7":"product_tag-redes-sociais","9":"first","10":"instock","11":"featured","12":"shipping-taxable","13":"product-type-external"},"yoast_head":"<!-- This site is optimized with the Yoast SEO plugin v27.2 - https:\/\/yoast.com\/product\/yoast-seo-wordpress\/ -->\n<title>Curso de Gest\u00e3o Completa de Redes Sociais - Eloh loja<\/title>\n<meta name=\"description\" content=\"Para quem quer se tornar um Profissional de n\u00edvel nacional em Gest\u00e3o de Redes Sociais. o curso foi desenvolvido pelo cofundador da E-Dialog..\" \/>\n<meta name=\"robots\" content=\"index, follow, max-snippet:-1, max-image-preview:large, max-video-preview:-1\" \/>\n<link rel=\"canonical\" href=\"https:\/\/eloh.com.br\/loja\/product\/curso-de-gestao-completa-de-redes-sociais\/\" \/>\n<meta property=\"og:locale\" content=\"pt_BR\" \/>\n<meta property=\"og:type\" content=\"article\" \/>\n<meta property=\"og:title\" content=\"Curso de Gest\u00e3o Completa de Redes Sociais - Eloh loja\" \/>\n<meta property=\"og:description\" content=\"Para quem quer se tornar um Profissional de n\u00edvel nacional em Gest\u00e3o de Redes Sociais. o curso foi desenvolvido pelo cofundador da E-Dialog..\" \/>\n<meta property=\"og:url\" content=\"https:\/\/eloh.com.br\/loja\/product\/curso-de-gestao-completa-de-redes-sociais\/\" \/>\n<meta property=\"og:site_name\" content=\"Eloh loja\" \/>\n<meta property=\"article:modified_time\" content=\"2021-11-17T18:51:00+00:00\" \/>\n<meta property=\"og:image\" content=\"https:\/\/eloh.com.br\/loja\/wp-content\/uploads\/2021\/08\/Curso-Gestao-de-Redes-Sociais-Vendas-Online-para-Negocios.jpg\" \/>\n\t<meta property=\"og:image:width\" content=\"1350\" \/>\n\t<meta property=\"og:image:height\" content=\"853\" \/>\n\t<meta property=\"og:image:type\" content=\"image\/jpeg\" \/>\n<meta name=\"twitter:card\" content=\"summary_large_image\" \/>\n<meta name=\"twitter:label1\" content=\"Est. tempo de leitura\" \/>\n\t<meta name=\"twitter:data1\" content=\"1 minuto\" \/>\n<script type=\"application\/ld+json\" class=\"yoast-schema-graph\">{\"@context\":\"https:\/\/schema.org\",\"@graph\":[{\"@type\":\"WebPage\",\"@id\":\"https:\/\/eloh.com.br\/loja\/product\/curso-de-gestao-completa-de-redes-sociais\/\",\"url\":\"https:\/\/eloh.com.br\/loja\/product\/curso-de-gestao-completa-de-redes-sociais\/\",\"name\":\"Curso de Gest\u00e3o Completa de Redes Sociais - Eloh loja\",\"isPartOf\":{\"@id\":\"https:\/\/eloh.com.br\/loja\/#website\"},\"primaryImageOfPage\":{\"@id\":\"https:\/\/eloh.com.br\/loja\/product\/curso-de-gestao-completa-de-redes-sociais\/#primaryimage\"},\"image\":{\"@id\":\"https:\/\/eloh.com.br\/loja\/product\/curso-de-gestao-completa-de-redes-sociais\/#primaryimage\"},\"thumbnailUrl\":\"https:\/\/i0.wp.com\/eloh.com.br\/loja\/wp-content\/uploads\/2021\/08\/Curso-Gestao-de-Redes-Sociais-Vendas-Online-para-Negocios.jpg?fit=1350%2C853&ssl=1\",\"datePublished\":\"2021-08-27T18:55:43+00:00\",\"dateModified\":\"2021-11-17T18:51:00+00:00\",\"description\":\"Para quem quer se tornar um Profissional de n\u00edvel nacional em Gest\u00e3o de Redes Sociais. o curso foi desenvolvido pelo cofundador da E-Dialog..\",\"breadcrumb\":{\"@id\":\"https:\/\/eloh.com.br\/loja\/product\/curso-de-gestao-completa-de-redes-sociais\/#breadcrumb\"},\"inLanguage\":\"pt-BR\",\"potentialAction\":[{\"@type\":\"ReadAction\",\"target\":[\"https:\/\/eloh.com.br\/loja\/product\/curso-de-gestao-completa-de-redes-sociais\/\"]}]},{\"@type\":\"ImageObject\",\"inLanguage\":\"pt-BR\",\"@id\":\"https:\/\/eloh.com.br\/loja\/product\/curso-de-gestao-completa-de-redes-sociais\/#primaryimage\",\"url\":\"https:\/\/i0.wp.com\/eloh.com.br\/loja\/wp-content\/uploads\/2021\/08\/Curso-Gestao-de-Redes-Sociais-Vendas-Online-para-Negocios.jpg?fit=1350%2C853&ssl=1\",\"contentUrl\":\"https:\/\/i0.wp.com\/eloh.com.br\/loja\/wp-content\/uploads\/2021\/08\/Curso-Gestao-de-Redes-Sociais-Vendas-Online-para-Negocios.jpg?fit=1350%2C853&ssl=1\",\"width\":1350,\"height\":853,\"caption\":\"Gest\u00e3o Completa de Redes Sociais\"},{\"@type\":\"BreadcrumbList\",\"@id\":\"https:\/\/eloh.com.br\/loja\/product\/curso-de-gestao-completa-de-redes-sociais\/#breadcrumb\",\"itemListElement\":[{\"@type\":\"ListItem\",\"position\":1,\"name\":\"In\u00edcio\",\"item\":\"https:\/\/eloh.com.br\/loja\/\"},{\"@type\":\"ListItem\",\"position\":2,\"name\":\"Produtos\",\"item\":\"https:\/\/eloh.com.br\/loja\/produtos\/\"},{\"@type\":\"ListItem\",\"position\":3,\"name\":\"Curso de Gest\u00e3o Completa de Redes Sociais\"}]},{\"@type\":\"WebSite\",\"@id\":\"https:\/\/eloh.com.br\/loja\/#website\",\"url\":\"https:\/\/eloh.com.br\/loja\/\",\"name\":\"Eloh loja\",\"description\":\"Loja de cursos, ferramentas, servi\u00e7os, sites, lojas online e tr\u00e1fego pago\",\"publisher\":{\"@id\":\"https:\/\/eloh.com.br\/loja\/#organization\"},\"potentialAction\":[{\"@type\":\"SearchAction\",\"target\":{\"@type\":\"EntryPoint\",\"urlTemplate\":\"https:\/\/eloh.com.br\/loja\/?s={search_term_string}\"},\"query-input\":{\"@type\":\"PropertyValueSpecification\",\"valueRequired\":true,\"valueName\":\"search_term_string\"}}],\"inLanguage\":\"pt-BR\"},{\"@type\":\"Organization\",\"@id\":\"https:\/\/eloh.com.br\/loja\/#organization\",\"name\":\"Eloh loja\",\"url\":\"https:\/\/eloh.com.br\/loja\/\",\"logo\":{\"@type\":\"ImageObject\",\"inLanguage\":\"pt-BR\",\"@id\":\"https:\/\/eloh.com.br\/loja\/#\/schema\/logo\/image\/\",\"url\":\"https:\/\/i0.wp.com\/eloh.com.br\/loja\/wp-content\/uploads\/2022\/08\/cropped-logo-eloh-criacao-de-site-3.png?fit=1080%2C360&ssl=1\",\"contentUrl\":\"https:\/\/i0.wp.com\/eloh.com.br\/loja\/wp-content\/uploads\/2022\/08\/cropped-logo-eloh-criacao-de-site-3.png?fit=1080%2C360&ssl=1\",\"width\":1080,\"height\":360,\"caption\":\"Eloh loja\"},\"image\":{\"@id\":\"https:\/\/eloh.com.br\/loja\/#\/schema\/logo\/image\/\"}}]}<\/script>\n<!-- \/ Yoast SEO plugin. -->","yoast_head_json":{"title":"Curso de Gest\u00e3o Completa de Redes Sociais - Eloh loja","description":"Para quem quer se tornar um Profissional de n\u00edvel nacional em Gest\u00e3o de Redes Sociais. o curso foi desenvolvido pelo cofundador da E-Dialog..","robots":{"index":"index","follow":"follow","max-snippet":"max-snippet:-1","max-image-preview":"max-image-preview:large","max-video-preview":"max-video-preview:-1"},"canonical":"https:\/\/eloh.com.br\/loja\/product\/curso-de-gestao-completa-de-redes-sociais\/","og_locale":"pt_BR","og_type":"article","og_title":"Curso de Gest\u00e3o Completa de Redes Sociais - Eloh loja","og_description":"Para quem quer se tornar um Profissional de n\u00edvel nacional em Gest\u00e3o de Redes Sociais. o curso foi desenvolvido pelo cofundador da E-Dialog..","og_url":"https:\/\/eloh.com.br\/loja\/product\/curso-de-gestao-completa-de-redes-sociais\/","og_site_name":"Eloh loja","article_modified_time":"2021-11-17T18:51:00+00:00","og_image":[{"width":1350,"height":853,"url":"https:\/\/eloh.com.br\/loja\/wp-content\/uploads\/2021\/08\/Curso-Gestao-de-Redes-Sociais-Vendas-Online-para-Negocios.jpg","type":"image\/jpeg"}],"twitter_card":"summary_large_image","twitter_misc":{"Est. tempo de leitura":"1 minuto"},"schema":{"@context":"https:\/\/schema.org","@graph":[{"@type":"WebPage","@id":"https:\/\/eloh.com.br\/loja\/product\/curso-de-gestao-completa-de-redes-sociais\/","url":"https:\/\/eloh.com.br\/loja\/product\/curso-de-gestao-completa-de-redes-sociais\/","name":"Curso de Gest\u00e3o Completa de Redes Sociais - Eloh loja","isPartOf":{"@id":"https:\/\/eloh.com.br\/loja\/#website"},"primaryImageOfPage":{"@id":"https:\/\/eloh.com.br\/loja\/product\/curso-de-gestao-completa-de-redes-sociais\/#primaryimage"},"image":{"@id":"https:\/\/eloh.com.br\/loja\/product\/curso-de-gestao-completa-de-redes-sociais\/#primaryimage"},"thumbnailUrl":"https:\/\/i0.wp.com\/eloh.com.br\/loja\/wp-content\/uploads\/2021\/08\/Curso-Gestao-de-Redes-Sociais-Vendas-Online-para-Negocios.jpg?fit=1350%2C853&ssl=1","datePublished":"2021-08-27T18:55:43+00:00","dateModified":"2021-11-17T18:51:00+00:00","description":"Para quem quer se tornar um Profissional de n\u00edvel nacional em Gest\u00e3o de Redes Sociais. o curso foi desenvolvido pelo cofundador da E-Dialog..","breadcrumb":{"@id":"https:\/\/eloh.com.br\/loja\/product\/curso-de-gestao-completa-de-redes-sociais\/#breadcrumb"},"inLanguage":"pt-BR","potentialAction":[{"@type":"ReadAction","target":["https:\/\/eloh.com.br\/loja\/product\/curso-de-gestao-completa-de-redes-sociais\/"]}]},{"@type":"ImageObject","inLanguage":"pt-BR","@id":"https:\/\/eloh.com.br\/loja\/product\/curso-de-gestao-completa-de-redes-sociais\/#primaryimage","url":"https:\/\/i0.wp.com\/eloh.com.br\/loja\/wp-content\/uploads\/2021\/08\/Curso-Gestao-de-Redes-Sociais-Vendas-Online-para-Negocios.jpg?fit=1350%2C853&ssl=1","contentUrl":"https:\/\/i0.wp.com\/eloh.com.br\/loja\/wp-content\/uploads\/2021\/08\/Curso-Gestao-de-Redes-Sociais-Vendas-Online-para-Negocios.jpg?fit=1350%2C853&ssl=1","width":1350,"height":853,"caption":"Gest\u00e3o Completa de Redes Sociais"},{"@type":"BreadcrumbList","@id":"https:\/\/eloh.com.br\/loja\/product\/curso-de-gestao-completa-de-redes-sociais\/#breadcrumb","itemListElement":[{"@type":"ListItem","position":1,"name":"In\u00edcio","item":"https:\/\/eloh.com.br\/loja\/"},{"@type":"ListItem","position":2,"name":"Produtos","item":"https:\/\/eloh.com.br\/loja\/produtos\/"},{"@type":"ListItem","position":3,"name":"Curso de Gest\u00e3o Completa de Redes Sociais"}]},{"@type":"WebSite","@id":"https:\/\/eloh.com.br\/loja\/#website","url":"https:\/\/eloh.com.br\/loja\/","name":"Eloh loja","description":"Loja de cursos, ferramentas, servi\u00e7os, sites, lojas online e tr\u00e1fego pago","publisher":{"@id":"https:\/\/eloh.com.br\/loja\/#organization"},"potentialAction":[{"@type":"SearchAction","target":{"@type":"EntryPoint","urlTemplate":"https:\/\/eloh.com.br\/loja\/?s={search_term_string}"},"query-input":{"@type":"PropertyValueSpecification","valueRequired":true,"valueName":"search_term_string"}}],"inLanguage":"pt-BR"},{"@type":"Organization","@id":"https:\/\/eloh.com.br\/loja\/#organization","name":"Eloh loja","url":"https:\/\/eloh.com.br\/loja\/","logo":{"@type":"ImageObject","inLanguage":"pt-BR","@id":"https:\/\/eloh.com.br\/loja\/#\/schema\/logo\/image\/","url":"https:\/\/i0.wp.com\/eloh.com.br\/loja\/wp-content\/uploads\/2022\/08\/cropped-logo-eloh-criacao-de-site-3.png?fit=1080%2C360&ssl=1","contentUrl":"https:\/\/i0.wp.com\/eloh.com.br\/loja\/wp-content\/uploads\/2022\/08\/cropped-logo-eloh-criacao-de-site-3.png?fit=1080%2C360&ssl=1","width":1080,"height":360,"caption":"Eloh loja"},"image":{"@id":"https:\/\/eloh.com.br\/loja\/#\/schema\/logo\/image\/"}}]}},"jetpack_sharing_enabled":true,"uagb_featured_image_src":{"full":["https:\/\/i0.wp.com\/eloh.com.br\/loja\/wp-content\/uploads\/2021\/08\/Curso-Gestao-de-Redes-Sociais-Vendas-Online-para-Negocios.jpg?fit=1350%2C853&ssl=1",1350,853,false],"thumbnail":["https:\/\/i0.wp.com\/eloh.com.br\/loja\/wp-content\/uploads\/2021\/08\/Curso-Gestao-de-Redes-Sociais-Vendas-Online-para-Negocios.jpg?resize=150%2C150&ssl=1",150,150,true],"medium":["https:\/\/i0.wp.com\/eloh.com.br\/loja\/wp-content\/uploads\/2021\/08\/Curso-Gestao-de-Redes-Sociais-Vendas-Online-para-Negocios.jpg?fit=300%2C190&ssl=1",300,190,true],"medium_large":["https:\/\/i0.wp.com\/eloh.com.br\/loja\/wp-content\/uploads\/2021\/08\/Curso-Gestao-de-Redes-Sociais-Vendas-Online-para-Negocios.jpg?fit=768%2C485&ssl=1",768,485,true],"large":["https:\/\/i0.wp.com\/eloh.com.br\/loja\/wp-content\/uploads\/2021\/08\/Curso-Gestao-de-Redes-Sociais-Vendas-Online-para-Negocios.jpg?fit=1024%2C647&ssl=1",1024,647,true],"1536x1536":["https:\/\/i0.wp.com\/eloh.com.br\/loja\/wp-content\/uploads\/2021\/08\/Curso-Gestao-de-Redes-Sociais-Vendas-Online-para-Negocios.jpg?fit=1350%2C853&ssl=1",1350,853,true],"2048x2048":["https:\/\/i0.wp.com\/eloh.com.br\/loja\/wp-content\/uploads\/2021\/08\/Curso-Gestao-de-Redes-Sociais-Vendas-Online-para-Negocios.jpg?fit=1350%2C853&ssl=1",1350,853,true],"woocommerce_thumbnail":["https:\/\/i0.wp.com\/eloh.com.br\/loja\/wp-content\/uploads\/2021\/08\/Curso-Gestao-de-Redes-Sociais-Vendas-Online-para-Negocios.jpg?resize=300%2C300&ssl=1",300,300,true],"woocommerce_single":["https:\/\/i0.wp.com\/eloh.com.br\/loja\/wp-content\/uploads\/2021\/08\/Curso-Gestao-de-Redes-Sociais-Vendas-Online-para-Negocios.jpg?fit=600%2C379&ssl=1",600,379,true],"woocommerce_gallery_thumbnail":["https:\/\/i0.wp.com\/eloh.com.br\/loja\/wp-content\/uploads\/2021\/08\/Curso-Gestao-de-Redes-Sociais-Vendas-Online-para-Negocios.jpg?resize=100%2C100&ssl=1",100,100,true]},"uagb_author_info":{"display_name":"Eloh Loja","author_link":"https:\/\/eloh.com.br\/loja\/author\/"},"uagb_comment_info":0,"uagb_excerpt":"Para quem quer se tornar um Profissional de n\u00edvel nacional em Gest\u00e3o de Redes Sociais.","_links":{"self":[{"href":"https:\/\/eloh.com.br\/loja\/wp-json\/wp\/v2\/product\/715","targetHints":{"allow":["GET"]}}],"collection":[{"href":"https:\/\/eloh.com.br\/loja\/wp-json\/wp\/v2\/product"}],"about":[{"href":"https:\/\/eloh.com.br\/loja\/wp-json\/wp\/v2\/types\/product"}],"replies":[{"embeddable":true,"href":"https:\/\/eloh.com.br\/loja\/wp-json\/wp\/v2\/comments?post=715"}],"wp:featuredmedia":[{"embeddable":true,"href":"https:\/\/eloh.com.br\/loja\/wp-json\/wp\/v2\/media\/716"}],"wp:attachment":[{"href":"https:\/\/eloh.com.br\/loja\/wp-json\/wp\/v2\/media?parent=715"}],"wp:term":[{"taxonomy":"product_brand","embeddable":true,"href":"https:\/\/eloh.com.br\/loja\/wp-json\/wp\/v2\/product_brand?post=715"},{"taxonomy":"product_cat","embeddable":true,"href":"https:\/\/eloh.com.br\/loja\/wp-json\/wp\/v2\/product_cat?post=715"},{"taxonomy":"product_tag","embeddable":true,"href":"https:\/\/eloh.com.br\/loja\/wp-json\/wp\/v2\/product_tag?post=715"}],"curies":[{"name":"wp","href":"https:\/\/api.w.org\/{rel}","templated":true}]}}