{"id":752,"date":"2021-08-31T03:05:19","date_gmt":"2021-08-31T03:05:19","guid":{"rendered":"https:\/\/eloh.com.br\/loja\/?post_type=product&#038;p=752"},"modified":"2023-03-28T14:23:50","modified_gmt":"2023-03-28T14:23:50","slug":"insta-shop-criacao-e-cadastro-de-produtos","status":"publish","type":"product","link":"https:\/\/eloh.com.br\/loja\/product\/insta-shop-criacao-e-cadastro-de-produtos\/","title":{"rendered":"Insta Shop &#8211; Cria\u00e7\u00e3o e Cadastro de Produtos"},"content":{"rendered":"<p><strong>Com o Insta Shop<\/strong> voc\u00ea simplifica e melhora a experi\u00eancia de compra, trazendo todas as informa\u00e7\u00f5es de modo f\u00e1cil para seu clientes.<\/p>\n<p><strong>Criamos seu Insta Shop<\/strong> para ampliar e aumentar as suas vendas.<\/p>\n<h2>B\u00f4nus<\/h2>\n<p>Cadastro de at\u00e9 15 produtos<\/p>\n<p>&nbsp;<\/p>\n<p><a href=\"https:\/\/mpago.la\/28eFzQ6\">CONTRATAR SERVI\u00c7O<\/a><\/p>\n<p><a href=\"https:\/\/api.whatsapp.com\/send?phone=5548996821374&amp;text=Ol%C3%A1%2C%20quero%20informa%C3%A7%C3%B5es%20para%20criar%20o%20meu%20InstaShop\">NOSSO WHATSAPP<\/a><\/p>\n<p>______________________<\/p>\n","protected":false},"excerpt":{"rendered":"<p>Criamos seu Insta Shop para ampliar e aumentar as suas vendas.<\/p>\n","protected":false},"featured_media":753,"comment_status":"open","ping_status":"closed","template":"","meta":{"_uag_custom_page_level_css":"","site-sidebar-layout":"default","site-content-layout":"default","ast-main-header-display":"","ast-hfb-above-header-display":"","ast-hfb-below-header-display":"","ast-hfb-mobile-header-display":"","site-post-title":"","ast-breadcrumbs-content":"","ast-featured-img":"","footer-sml-layout":"","theme-transparent-header-meta":"default","adv-header-id-meta":"","stick-header-meta":"","header-above-stick-meta":"","header-main-stick-meta":"","header-below-stick-meta":"","_joinchat":[]},"product_brand":[],"product_cat":[88,104,83],"product_tag":[89],"class_list":{"0":"post-752","1":"product","2":"type-product","3":"status-publish","4":"has-post-thumbnail","6":"product_cat-instagram","7":"product_cat-loja-online","8":"product_cat-servicos","9":"product_tag-instashop","11":"first","12":"instock","13":"shipping-taxable","14":"product-type-external"},"yoast_head":"<!-- This site is optimized with the Yoast SEO plugin v27.2 - https:\/\/yoast.com\/product\/yoast-seo-wordpress\/ -->\n<title>Insta Shop - Cria\u00e7\u00e3o e Cadastro de Produtos - Eloh loja<\/title>\n<meta name=\"description\" content=\"Com o Insta Shop voc\u00ea simplifica e melhora a experi\u00eancia de compra, trazendo todas as informa\u00e7\u00f5es de modo f\u00e1cil para seu clientes.\" \/>\n<meta name=\"robots\" content=\"index, follow, max-snippet:-1, max-image-preview:large, max-video-preview:-1\" \/>\n<link rel=\"canonical\" href=\"https:\/\/eloh.com.br\/loja\/product\/insta-shop-criacao-e-cadastro-de-produtos\/\" \/>\n<meta property=\"og:locale\" content=\"pt_BR\" \/>\n<meta property=\"og:type\" content=\"article\" \/>\n<meta property=\"og:title\" content=\"Insta Shop - Cria\u00e7\u00e3o e Cadastro de Produtos - Eloh loja\" \/>\n<meta property=\"og:description\" content=\"Com o Insta Shop voc\u00ea simplifica e melhora a experi\u00eancia de compra, trazendo todas as informa\u00e7\u00f5es de modo f\u00e1cil para seu clientes.\" \/>\n<meta property=\"og:url\" content=\"https:\/\/eloh.com.br\/loja\/product\/insta-shop-criacao-e-cadastro-de-produtos\/\" \/>\n<meta property=\"og:site_name\" content=\"Eloh loja\" \/>\n<meta property=\"article:modified_time\" content=\"2023-03-28T14:23:50+00:00\" \/>\n<meta property=\"og:image\" content=\"https:\/\/eloh.com.br\/loja\/wp-content\/uploads\/2021\/08\/Insta-Shop-Criacao-e-Cadastro-de-ProdutosVendas-Online-para-Negocios.jpg\" \/>\n\t<meta property=\"og:image:width\" content=\"1350\" \/>\n\t<meta property=\"og:image:height\" content=\"853\" \/>\n\t<meta property=\"og:image:type\" content=\"image\/jpeg\" \/>\n<meta name=\"twitter:card\" content=\"summary_large_image\" \/>\n<meta name=\"twitter:image\" content=\"https:\/\/i0.wp.com\/eloh.com.br\/loja\/wp-content\/uploads\/2021\/08\/Insta-Shop-Criacao-e-Cadastro-de-ProdutosVendas-Online-para-Negocios.jpg?fit=1350%2C853&ssl=1\" \/>\n<meta name=\"twitter:label1\" content=\"Est. tempo de leitura\" \/>\n\t<meta name=\"twitter:data1\" content=\"1 minuto\" \/>\n<script type=\"application\/ld+json\" class=\"yoast-schema-graph\">{\"@context\":\"https:\/\/schema.org\",\"@graph\":[{\"@type\":\"WebPage\",\"@id\":\"https:\/\/eloh.com.br\/loja\/product\/insta-shop-criacao-e-cadastro-de-produtos\/\",\"url\":\"https:\/\/eloh.com.br\/loja\/product\/insta-shop-criacao-e-cadastro-de-produtos\/\",\"name\":\"Insta Shop - Cria\u00e7\u00e3o e Cadastro de Produtos - Eloh loja\",\"isPartOf\":{\"@id\":\"https:\/\/eloh.com.br\/loja\/#website\"},\"primaryImageOfPage\":{\"@id\":\"https:\/\/eloh.com.br\/loja\/product\/insta-shop-criacao-e-cadastro-de-produtos\/#primaryimage\"},\"image\":{\"@id\":\"https:\/\/eloh.com.br\/loja\/product\/insta-shop-criacao-e-cadastro-de-produtos\/#primaryimage\"},\"thumbnailUrl\":\"https:\/\/i0.wp.com\/eloh.com.br\/loja\/wp-content\/uploads\/2021\/08\/Insta-Shop-Criacao-e-Cadastro-de-ProdutosVendas-Online-para-Negocios.jpg?fit=1350%2C853&ssl=1\",\"datePublished\":\"2021-08-31T03:05:19+00:00\",\"dateModified\":\"2023-03-28T14:23:50+00:00\",\"description\":\"Com o Insta Shop voc\u00ea simplifica e melhora a experi\u00eancia de compra, trazendo todas as informa\u00e7\u00f5es de modo f\u00e1cil para seu clientes.\",\"breadcrumb\":{\"@id\":\"https:\/\/eloh.com.br\/loja\/product\/insta-shop-criacao-e-cadastro-de-produtos\/#breadcrumb\"},\"inLanguage\":\"pt-BR\",\"potentialAction\":[{\"@type\":\"ReadAction\",\"target\":[\"https:\/\/eloh.com.br\/loja\/product\/insta-shop-criacao-e-cadastro-de-produtos\/\"]}]},{\"@type\":\"ImageObject\",\"inLanguage\":\"pt-BR\",\"@id\":\"https:\/\/eloh.com.br\/loja\/product\/insta-shop-criacao-e-cadastro-de-produtos\/#primaryimage\",\"url\":\"https:\/\/i0.wp.com\/eloh.com.br\/loja\/wp-content\/uploads\/2021\/08\/Insta-Shop-Criacao-e-Cadastro-de-ProdutosVendas-Online-para-Negocios.jpg?fit=1350%2C853&ssl=1\",\"contentUrl\":\"https:\/\/i0.wp.com\/eloh.com.br\/loja\/wp-content\/uploads\/2021\/08\/Insta-Shop-Criacao-e-Cadastro-de-ProdutosVendas-Online-para-Negocios.jpg?fit=1350%2C853&ssl=1\",\"width\":1350,\"height\":853,\"caption\":\"Criar Insta Shop para ampliar e aumentar as vendas.\"},{\"@type\":\"BreadcrumbList\",\"@id\":\"https:\/\/eloh.com.br\/loja\/product\/insta-shop-criacao-e-cadastro-de-produtos\/#breadcrumb\",\"itemListElement\":[{\"@type\":\"ListItem\",\"position\":1,\"name\":\"In\u00edcio\",\"item\":\"https:\/\/eloh.com.br\/loja\/\"},{\"@type\":\"ListItem\",\"position\":2,\"name\":\"Produtos\",\"item\":\"https:\/\/eloh.com.br\/loja\/produtos\/\"},{\"@type\":\"ListItem\",\"position\":3,\"name\":\"Insta Shop &#8211; Cria\u00e7\u00e3o e Cadastro de Produtos\"}]},{\"@type\":\"WebSite\",\"@id\":\"https:\/\/eloh.com.br\/loja\/#website\",\"url\":\"https:\/\/eloh.com.br\/loja\/\",\"name\":\"Eloh loja\",\"description\":\"Loja de cursos, ferramentas, servi\u00e7os, sites, lojas online e tr\u00e1fego pago\",\"publisher\":{\"@id\":\"https:\/\/eloh.com.br\/loja\/#organization\"},\"potentialAction\":[{\"@type\":\"SearchAction\",\"target\":{\"@type\":\"EntryPoint\",\"urlTemplate\":\"https:\/\/eloh.com.br\/loja\/?s={search_term_string}\"},\"query-input\":{\"@type\":\"PropertyValueSpecification\",\"valueRequired\":true,\"valueName\":\"search_term_string\"}}],\"inLanguage\":\"pt-BR\"},{\"@type\":\"Organization\",\"@id\":\"https:\/\/eloh.com.br\/loja\/#organization\",\"name\":\"Eloh loja\",\"url\":\"https:\/\/eloh.com.br\/loja\/\",\"logo\":{\"@type\":\"ImageObject\",\"inLanguage\":\"pt-BR\",\"@id\":\"https:\/\/eloh.com.br\/loja\/#\/schema\/logo\/image\/\",\"url\":\"https:\/\/i0.wp.com\/eloh.com.br\/loja\/wp-content\/uploads\/2022\/08\/cropped-logo-eloh-criacao-de-site-3.png?fit=1080%2C360&ssl=1\",\"contentUrl\":\"https:\/\/i0.wp.com\/eloh.com.br\/loja\/wp-content\/uploads\/2022\/08\/cropped-logo-eloh-criacao-de-site-3.png?fit=1080%2C360&ssl=1\",\"width\":1080,\"height\":360,\"caption\":\"Eloh loja\"},\"image\":{\"@id\":\"https:\/\/eloh.com.br\/loja\/#\/schema\/logo\/image\/\"}}]}<\/script>\n<!-- \/ Yoast SEO plugin. -->","yoast_head_json":{"title":"Insta Shop - Cria\u00e7\u00e3o e Cadastro de Produtos - Eloh loja","description":"Com o Insta Shop voc\u00ea simplifica e melhora a experi\u00eancia de compra, trazendo todas as informa\u00e7\u00f5es de modo f\u00e1cil para seu clientes.","robots":{"index":"index","follow":"follow","max-snippet":"max-snippet:-1","max-image-preview":"max-image-preview:large","max-video-preview":"max-video-preview:-1"},"canonical":"https:\/\/eloh.com.br\/loja\/product\/insta-shop-criacao-e-cadastro-de-produtos\/","og_locale":"pt_BR","og_type":"article","og_title":"Insta Shop - Cria\u00e7\u00e3o e Cadastro de Produtos - Eloh loja","og_description":"Com o Insta Shop voc\u00ea simplifica e melhora a experi\u00eancia de compra, trazendo todas as informa\u00e7\u00f5es de modo f\u00e1cil para seu clientes.","og_url":"https:\/\/eloh.com.br\/loja\/product\/insta-shop-criacao-e-cadastro-de-produtos\/","og_site_name":"Eloh loja","article_modified_time":"2023-03-28T14:23:50+00:00","og_image":[{"width":1350,"height":853,"url":"https:\/\/eloh.com.br\/loja\/wp-content\/uploads\/2021\/08\/Insta-Shop-Criacao-e-Cadastro-de-ProdutosVendas-Online-para-Negocios.jpg","type":"image\/jpeg"}],"twitter_card":"summary_large_image","twitter_image":"https:\/\/i0.wp.com\/eloh.com.br\/loja\/wp-content\/uploads\/2021\/08\/Insta-Shop-Criacao-e-Cadastro-de-ProdutosVendas-Online-para-Negocios.jpg?fit=1350%2C853&ssl=1","twitter_misc":{"Est. tempo de leitura":"1 minuto"},"schema":{"@context":"https:\/\/schema.org","@graph":[{"@type":"WebPage","@id":"https:\/\/eloh.com.br\/loja\/product\/insta-shop-criacao-e-cadastro-de-produtos\/","url":"https:\/\/eloh.com.br\/loja\/product\/insta-shop-criacao-e-cadastro-de-produtos\/","name":"Insta Shop - Cria\u00e7\u00e3o e Cadastro de Produtos - Eloh loja","isPartOf":{"@id":"https:\/\/eloh.com.br\/loja\/#website"},"primaryImageOfPage":{"@id":"https:\/\/eloh.com.br\/loja\/product\/insta-shop-criacao-e-cadastro-de-produtos\/#primaryimage"},"image":{"@id":"https:\/\/eloh.com.br\/loja\/product\/insta-shop-criacao-e-cadastro-de-produtos\/#primaryimage"},"thumbnailUrl":"https:\/\/i0.wp.com\/eloh.com.br\/loja\/wp-content\/uploads\/2021\/08\/Insta-Shop-Criacao-e-Cadastro-de-ProdutosVendas-Online-para-Negocios.jpg?fit=1350%2C853&ssl=1","datePublished":"2021-08-31T03:05:19+00:00","dateModified":"2023-03-28T14:23:50+00:00","description":"Com o Insta Shop voc\u00ea simplifica e melhora a experi\u00eancia de compra, trazendo todas as informa\u00e7\u00f5es de modo f\u00e1cil para seu clientes.","breadcrumb":{"@id":"https:\/\/eloh.com.br\/loja\/product\/insta-shop-criacao-e-cadastro-de-produtos\/#breadcrumb"},"inLanguage":"pt-BR","potentialAction":[{"@type":"ReadAction","target":["https:\/\/eloh.com.br\/loja\/product\/insta-shop-criacao-e-cadastro-de-produtos\/"]}]},{"@type":"ImageObject","inLanguage":"pt-BR","@id":"https:\/\/eloh.com.br\/loja\/product\/insta-shop-criacao-e-cadastro-de-produtos\/#primaryimage","url":"https:\/\/i0.wp.com\/eloh.com.br\/loja\/wp-content\/uploads\/2021\/08\/Insta-Shop-Criacao-e-Cadastro-de-ProdutosVendas-Online-para-Negocios.jpg?fit=1350%2C853&ssl=1","contentUrl":"https:\/\/i0.wp.com\/eloh.com.br\/loja\/wp-content\/uploads\/2021\/08\/Insta-Shop-Criacao-e-Cadastro-de-ProdutosVendas-Online-para-Negocios.jpg?fit=1350%2C853&ssl=1","width":1350,"height":853,"caption":"Criar Insta Shop para ampliar e aumentar as vendas."},{"@type":"BreadcrumbList","@id":"https:\/\/eloh.com.br\/loja\/product\/insta-shop-criacao-e-cadastro-de-produtos\/#breadcrumb","itemListElement":[{"@type":"ListItem","position":1,"name":"In\u00edcio","item":"https:\/\/eloh.com.br\/loja\/"},{"@type":"ListItem","position":2,"name":"Produtos","item":"https:\/\/eloh.com.br\/loja\/produtos\/"},{"@type":"ListItem","position":3,"name":"Insta Shop &#8211; Cria\u00e7\u00e3o e Cadastro de Produtos"}]},{"@type":"WebSite","@id":"https:\/\/eloh.com.br\/loja\/#website","url":"https:\/\/eloh.com.br\/loja\/","name":"Eloh loja","description":"Loja de cursos, ferramentas, servi\u00e7os, sites, lojas online e tr\u00e1fego pago","publisher":{"@id":"https:\/\/eloh.com.br\/loja\/#organization"},"potentialAction":[{"@type":"SearchAction","target":{"@type":"EntryPoint","urlTemplate":"https:\/\/eloh.com.br\/loja\/?s={search_term_string}"},"query-input":{"@type":"PropertyValueSpecification","valueRequired":true,"valueName":"search_term_string"}}],"inLanguage":"pt-BR"},{"@type":"Organization","@id":"https:\/\/eloh.com.br\/loja\/#organization","name":"Eloh loja","url":"https:\/\/eloh.com.br\/loja\/","logo":{"@type":"ImageObject","inLanguage":"pt-BR","@id":"https:\/\/eloh.com.br\/loja\/#\/schema\/logo\/image\/","url":"https:\/\/i0.wp.com\/eloh.com.br\/loja\/wp-content\/uploads\/2022\/08\/cropped-logo-eloh-criacao-de-site-3.png?fit=1080%2C360&ssl=1","contentUrl":"https:\/\/i0.wp.com\/eloh.com.br\/loja\/wp-content\/uploads\/2022\/08\/cropped-logo-eloh-criacao-de-site-3.png?fit=1080%2C360&ssl=1","width":1080,"height":360,"caption":"Eloh loja"},"image":{"@id":"https:\/\/eloh.com.br\/loja\/#\/schema\/logo\/image\/"}}]}},"jetpack_sharing_enabled":true,"uagb_featured_image_src":{"full":["https:\/\/i0.wp.com\/eloh.com.br\/loja\/wp-content\/uploads\/2021\/08\/Insta-Shop-Criacao-e-Cadastro-de-ProdutosVendas-Online-para-Negocios.jpg?fit=1350%2C853&ssl=1",1350,853,false],"thumbnail":["https:\/\/i0.wp.com\/eloh.com.br\/loja\/wp-content\/uploads\/2021\/08\/Insta-Shop-Criacao-e-Cadastro-de-ProdutosVendas-Online-para-Negocios.jpg?resize=150%2C150&ssl=1",150,150,true],"medium":["https:\/\/i0.wp.com\/eloh.com.br\/loja\/wp-content\/uploads\/2021\/08\/Insta-Shop-Criacao-e-Cadastro-de-ProdutosVendas-Online-para-Negocios.jpg?fit=300%2C190&ssl=1",300,190,true],"medium_large":["https:\/\/i0.wp.com\/eloh.com.br\/loja\/wp-content\/uploads\/2021\/08\/Insta-Shop-Criacao-e-Cadastro-de-ProdutosVendas-Online-para-Negocios.jpg?fit=768%2C485&ssl=1",768,485,true],"large":["https:\/\/i0.wp.com\/eloh.com.br\/loja\/wp-content\/uploads\/2021\/08\/Insta-Shop-Criacao-e-Cadastro-de-ProdutosVendas-Online-para-Negocios.jpg?fit=1024%2C647&ssl=1",1024,647,true],"1536x1536":["https:\/\/i0.wp.com\/eloh.com.br\/loja\/wp-content\/uploads\/2021\/08\/Insta-Shop-Criacao-e-Cadastro-de-ProdutosVendas-Online-para-Negocios.jpg?fit=1350%2C853&ssl=1",1350,853,true],"2048x2048":["https:\/\/i0.wp.com\/eloh.com.br\/loja\/wp-content\/uploads\/2021\/08\/Insta-Shop-Criacao-e-Cadastro-de-ProdutosVendas-Online-para-Negocios.jpg?fit=1350%2C853&ssl=1",1350,853,true],"woocommerce_thumbnail":["https:\/\/i0.wp.com\/eloh.com.br\/loja\/wp-content\/uploads\/2021\/08\/Insta-Shop-Criacao-e-Cadastro-de-ProdutosVendas-Online-para-Negocios.jpg?resize=300%2C300&ssl=1",300,300,true],"woocommerce_single":["https:\/\/i0.wp.com\/eloh.com.br\/loja\/wp-content\/uploads\/2021\/08\/Insta-Shop-Criacao-e-Cadastro-de-ProdutosVendas-Online-para-Negocios.jpg?fit=600%2C379&ssl=1",600,379,true],"woocommerce_gallery_thumbnail":["https:\/\/i0.wp.com\/eloh.com.br\/loja\/wp-content\/uploads\/2021\/08\/Insta-Shop-Criacao-e-Cadastro-de-ProdutosVendas-Online-para-Negocios.jpg?resize=100%2C100&ssl=1",100,100,true]},"uagb_author_info":{"display_name":"Eloh Loja","author_link":"https:\/\/eloh.com.br\/loja\/author\/"},"uagb_comment_info":0,"uagb_excerpt":"Criamos seu Insta Shop para ampliar e aumentar as suas vendas.","_links":{"self":[{"href":"https:\/\/eloh.com.br\/loja\/wp-json\/wp\/v2\/product\/752","targetHints":{"allow":["GET"]}}],"collection":[{"href":"https:\/\/eloh.com.br\/loja\/wp-json\/wp\/v2\/product"}],"about":[{"href":"https:\/\/eloh.com.br\/loja\/wp-json\/wp\/v2\/types\/product"}],"replies":[{"embeddable":true,"href":"https:\/\/eloh.com.br\/loja\/wp-json\/wp\/v2\/comments?post=752"}],"wp:featuredmedia":[{"embeddable":true,"href":"https:\/\/eloh.com.br\/loja\/wp-json\/wp\/v2\/media\/753"}],"wp:attachment":[{"href":"https:\/\/eloh.com.br\/loja\/wp-json\/wp\/v2\/media?parent=752"}],"wp:term":[{"taxonomy":"product_brand","embeddable":true,"href":"https:\/\/eloh.com.br\/loja\/wp-json\/wp\/v2\/product_brand?post=752"},{"taxonomy":"product_cat","embeddable":true,"href":"https:\/\/eloh.com.br\/loja\/wp-json\/wp\/v2\/product_cat?post=752"},{"taxonomy":"product_tag","embeddable":true,"href":"https:\/\/eloh.com.br\/loja\/wp-json\/wp\/v2\/product_tag?post=752"}],"curies":[{"name":"wp","href":"https:\/\/api.w.org\/{rel}","templated":true}]}}